{"id":7999,"date":"2023-09-10T21:51:05","date_gmt":"2023-09-10T19:51:05","guid":{"rendered":"https:\/\/panaceology.com\/bedingungen-konditionen\/"},"modified":"2023-10-22T15:54:48","modified_gmt":"2023-10-22T13:54:48","slug":"bedingungen-konditionen","status":"publish","type":"page","link":"https:\/\/panaceology.com\/de\/bedingungen-konditionen\/","title":{"rendered":"Bedingungen &amp; Konditionen"},"content":{"rendered":"\t\t<div data-elementor-type=\"wp-page\" data-elementor-id=\"7999\" class=\"elementor elementor-7999\">\n\t\t\t\t\t\t<section class=\"elementor-section elementor-top-section elementor-element elementor-element-179b66d elementor-section-boxed elementor-section-height-default elementor-section-height-default sc_fly_static\" data-id=\"179b66d\" data-element_type=\"section\" data-e-type=\"section\">\n\t\t\t\t\t\t<div class=\"elementor-container elementor-column-gap-extended\">\n\t\t\t\t\t<div class=\"elementor-column elementor-col-100 elementor-top-column elementor-element elementor-element-e6cea9f sc_content_align_inherit sc_layouts_column_icons_position_left sc_fly_static\" data-id=\"e6cea9f\" data-element_type=\"column\" data-e-type=\"column\">\n\t\t\t<div class=\"elementor-widget-wrap elementor-element-populated\">\n\t\t\t\t\t\t<div class=\"elementor-element elementor-element-aa0348a sc_fly_static elementor-widget elementor-widget-heading\" data-id=\"aa0348a\" data-element_type=\"widget\" data-e-type=\"widget\" data-widget_type=\"heading.default\">\n\t\t\t\t<div class=\"elementor-widget-container\">\n\t\t\t\t\t<h2 class=\"elementor-heading-title elementor-size-default\">Bedingungen &amp; Konditionen<\/h2>\t\t\t\t<\/div>\n\t\t\t\t<\/div>\n\t\t\t\t\t<\/div>\n\t\t<\/div>\n\t\t\t\t\t<\/div>\n\t\t<\/section>\n\t\t\t\t<section class=\"elementor-section elementor-top-section elementor-element elementor-element-3d52eeb elementor-section-boxed elementor-section-height-default elementor-section-height-default sc_fly_static\" data-id=\"3d52eeb\" data-element_type=\"section\" data-e-type=\"section\">\n\t\t\t\t\t\t<div class=\"elementor-container elementor-column-gap-extended\">\n\t\t\t\t\t<div class=\"elementor-column elementor-col-100 elementor-top-column elementor-element elementor-element-7cca627 sc_content_align_inherit sc_layouts_column_icons_position_left sc_fly_static\" data-id=\"7cca627\" data-element_type=\"column\" data-e-type=\"column\">\n\t\t\t<div class=\"elementor-widget-wrap elementor-element-populated\">\n\t\t\t\t\t\t<div class=\"elementor-element elementor-element-e5b42b3 sc_fly_static elementor-widget elementor-widget-spacer\" data-id=\"e5b42b3\" data-element_type=\"widget\" data-e-type=\"widget\" data-widget_type=\"spacer.default\">\n\t\t\t\t<div class=\"elementor-widget-container\">\n\t\t\t\t\t\t\t<div class=\"elementor-spacer\">\n\t\t\t<div class=\"elementor-spacer-inner\"><\/div>\n\t\t<\/div>\n\t\t\t\t\t\t<\/div>\n\t\t\t\t<\/div>\n\t\t\t\t\t<\/div>\n\t\t<\/div>\n\t\t\t\t\t<\/div>\n\t\t<\/section>\n\t\t\t\t<section class=\"elementor-section elementor-top-section elementor-element elementor-element-cc2729e elementor-section-boxed elementor-section-height-default elementor-section-height-default sc_fly_static\" data-id=\"cc2729e\" data-element_type=\"section\" data-e-type=\"section\" data-settings=\"{&quot;background_background&quot;:&quot;classic&quot;}\">\n\t\t\t\t\t\t<div class=\"elementor-container elementor-column-gap-extended\">\n\t\t\t\t\t<div class=\"elementor-column elementor-col-100 elementor-top-column elementor-element elementor-element-4b0b782 sc_content_align_inherit sc_layouts_column_icons_position_left sc_fly_static\" data-id=\"4b0b782\" data-element_type=\"column\" data-e-type=\"column\">\n\t\t\t<div class=\"elementor-widget-wrap elementor-element-populated\">\n\t\t\t\t\t\t<div class=\"elementor-element elementor-element-8edc9c9 sc_fly_static elementor-widget elementor-widget-text-editor\" data-id=\"8edc9c9\" data-element_type=\"widget\" data-e-type=\"widget\" data-widget_type=\"text-editor.default\">\n\t\t\t\t<div class=\"elementor-widget-container\">\n\t\t\t\t\t\t\t\t\t<h5>1. Akzeptanz der Bedingungen und Konditionen<\/h5>\n<p>Durch den Zugriff auf die Panaceology-Website https:\/\/panaceology.com und deren Nutzung erkl\u00e4ren Sie sich mit diesen Bedingungen einverstanden und sind an sie gebunden. Wenn Sie mit diesen Bedingungen nicht einverstanden sind, nutzen Sie diese Website bitte nicht.<\/p>\n<h5>2. Nutzung der Website<\/h5>\n<p>&#8211; Sie m\u00fcssen mindestens 18 Jahre alt sein, um diese Website oder unsere Dienste nutzen zu k\u00f6nnen.<\/p>\n<p>&#8211; Sie sind daf\u00fcr verantwortlich, die Vertraulichkeit Ihres Kontos und Ihres Passworts zu wahren.<\/p>\n<p>&#8211; Sie verpflichten sich, die Website in \u00dcbereinstimmung mit allen geltenden Gesetzen und Vorschriften zu nutzen.<\/p>\n<h5>3. Benutzer Inhalt<\/h5>\n<p>Durch das Einreichen oder Einstellen von Inhalten auf der Website gew\u00e4hren Sie &#8222;Panaceology&#8220; https:\/\/panaceology.com eine nicht-exklusive, geb\u00fchrenfreie, weltweite und unbefristete Lizenz zur Nutzung, \u00c4nderung und Ver\u00f6ffentlichung Ihrer Inhalte in Verbindung mit der Website.<\/p>\n<h5>4. Datenschutzrichtlinie<\/h5>\n<p>Ihre Nutzung der Website unterliegt auch unserer Datenschutzrichtlinie, die Sie unter [Privacy Policy https:\/\/panaceology.com\/privacy-policy] finden. Bitte lesen Sie unsere Datenschutzrichtlinien, um unsere Datenpraktiken zu verstehen.<\/p>\n<h5>5. Geistiges Eigentum<\/h5>\n<p>Der gesamte Inhalt dieser Website, einschlie\u00dflich der Texte, Grafiken, Logos, Bilder und Dienstleistungen, ist Eigentum von https:\/\/panaceology.com und ist durch das Urheberrecht und andere Gesetze zum Schutz des geistigen Eigentums gesch\u00fctzt. Sie d\u00fcrfen diese Inhalte nicht ohne unsere ausdr\u00fcckliche schriftliche Genehmigung verwenden oder vervielf\u00e4ltigen.<\/p>\n<h5>6. Ausschluss von Garantien<\/h5>\n<p>Diese Website wird &#8222;wie besehen&#8220; und &#8222;wie verf\u00fcgbar&#8220; zur Verf\u00fcgung gestellt, ohne jegliche ausdr\u00fcckliche oder stillschweigende Gew\u00e4hrleistungen. &#8222;Panaceology&#8220; https:\/\/panaceology.com \u00fcbernimmt keine Gew\u00e4hr f\u00fcr die Richtigkeit, Vollst\u00e4ndigkeit oder Zuverl\u00e4ssigkeit des Inhalts dieser Website.<\/p>\n<h5>Einschr\u00e4nkung der Haftung<\/h5>\n<p>&#8222;Panaceology&#8220; https:\/\/panaceology.com haftet nicht f\u00fcr indirekte Sch\u00e4den, Folgesch\u00e4den, beil\u00e4ufige Sch\u00e4den oder besondere Sch\u00e4den, die sich aus der Nutzung dieser Website ergeben oder in irgendeiner Weise mit ihr zusammenh\u00e4ngen.<\/p>\n<h5>8. \u00c4nderungen der Bedingungen und Konditionen<\/h5>\n<p>&#8222;Panaceology&#8220; beh\u00e4lt sich das Recht vor, diese Allgemeinen Gesch\u00e4ftsbedingungen jederzeit und ohne Vorank\u00fcndigung zu \u00e4ndern oder zu modifizieren. Wenn Sie die Website nach einer solchen \u00c4nderung weiterhin nutzen, erkl\u00e4ren Sie sich mit den neuen Bedingungen einverstanden.<\/p>\n<h5>9. Geltendes Recht<\/h5>\n<p>Diese Allgemeinen Gesch\u00e4ftsbedingungen unterliegen den Gesetzen von [Your Jurisdiction] und werden in \u00dcbereinstimmung mit diesen ausgelegt. Alle Streitigkeiten unterliegen der ausschlie\u00dflichen Gerichtsbarkeit der Gerichte in [Your Jurisdiction].<\/p>\n<h5>10. Kontaktinformationen<\/h5>\n<p>Wenn Sie Fragen oder Bedenken zu diesen Allgemeinen Gesch\u00e4ftsbedingungen haben, kontaktieren Sie uns bitte unter https:\/\/panaceology.com\/contacts\/ oder per E-Mail an info@panaceology.com.<\/p>\n<h5>11. E-books<\/h5>\n<p>&#8211; &#8222;Panaceology&#8220; https:\/\/panaceology.com bietet auf dieser Website elektronische B\u00fccher (E-Books) zum Verkauf an.<\/p>\n<p>&#8211; Durch den Kauf und das Herunterladen von E-Books von dieser Website erkl\u00e4ren Sie sich mit den folgenden Bedingungen einverstanden:<\/p>\n<p>  &#8211; E-Books werden in digitalem Format zur Verf\u00fcgung gestellt und sind durch das Urheberrechtsgesetz gesch\u00fctzt.<\/p>\n<p>  &#8211; Sie d\u00fcrfen E-Books nur f\u00fcr pers\u00f6nliche, nicht-kommerzielle Zwecke nutzen.<\/p>\n<p>  &#8211; Sie d\u00fcrfen die E-Books ohne ausdr\u00fcckliche schriftliche Genehmigung von [&#8222;Panaceology<span style=\"font-size: 15px; background-color: var(--theme-color-bg_color); color: var(--theme-color-text); letter-spacing: -0.01px;\">&#8220; <\/span><span style=\"font-size: 15px; color: var(--theme-color-text); letter-spacing: -0.01px; background-color: var(--theme-color-bg_color);\"> https:\/\/panaceology.com]<\/span> nicht verbreiten, vervielf\u00e4ltigen oder weiterverkaufen<span style=\"font-size: 15px; color: var(--theme-color-text); letter-spacing: -0.01px; background-color: var(--theme-color-bg_color);\">.<\/span><\/p>\n<p>  &#8211; E-Books k\u00f6nnen der digitalen Rechteverwaltung (DRM) und Nutzungsbeschr\u00e4nkungen unterliegen, die auf der Produktseite angegeben werden.<\/p>\n<p>&#8211; Alle Verk\u00e4ufe von E-Books sind endg\u00fcltig, und es werden keine R\u00fcckerstattungen gew\u00e4hrt, es sei denn, dies ist gesetzlich vorgeschrieben.<\/p>\n<h5>12. Geltendes Recht<\/h5>\n<p>Diese Allgemeinen Gesch\u00e4ftsbedingungen unterliegen den Gesetzen von [Your Jurisdiction] und werden in \u00dcbereinstimmung mit diesen ausgelegt. Alle Streitigkeiten im Zusammenhang mit dem Kauf und der Nutzung von E-Books unterliegen der ausschlie\u00dflichen Zust\u00e4ndigkeit der Gerichte in [Your Jurisdiction].<\/p>\n<p>Diese Allgemeinen Gesch\u00e4ftsbedingungen wurden zuletzt aktualisiert am [8 September 2023].<\/p>\n\t\t\t\t\t\t\t\t<\/div>\n\t\t\t\t<\/div>\n\t\t\t\t\t<\/div>\n\t\t<\/div>\n\t\t\t\t\t<\/div>\n\t\t<\/section>\n\t\t\t\t<\/div>\n\t\t","protected":false},"excerpt":{"rendered":"<p>Bedingungen &amp; Konditionen 1. Akzeptanz der Bedingungen und Konditionen Durch den Zugriff auf die Panaceology-Website https:\/\/panaceology.com und deren Nutzung erkl\u00e4ren Sie sich mit diesen Bedingungen einverstanden und sind an sie&hellip;<\/p>\n","protected":false},"author":1,"featured_media":0,"parent":0,"menu_order":0,"comment_status":"closed","ping_status":"closed","template":"","meta":{"give_campaign_id":0,"_bbp_topic_count":0,"_bbp_reply_count":0,"_bbp_total_topic_count":0,"_bbp_total_reply_count":0,"_bbp_voice_count":0,"_bbp_anonymous_reply_count":0,"_bbp_topic_count_hidden":0,"_bbp_reply_count_hidden":0,"_bbp_forum_subforum_count":0,"_price":"","_stock":"","_tribe_ticket_header":"","_tribe_default_ticket_provider":"","_tribe_ticket_capacity":"0","_ticket_start_date":"","_ticket_end_date":"","_tribe_ticket_show_description":"","_tribe_ticket_show_not_going":false,"_tribe_ticket_use_global_stock":"","_tribe_ticket_global_stock_level":"","_global_stock_mode":"","_global_stock_cap":"","_tribe_rsvp_for_event":"","_tribe_ticket_going_count":"","_tribe_ticket_not_going_count":"","_tribe_tickets_list":"[]","_tribe_ticket_has_attendee_info_fields":false,"footnotes":"","_tec_slr_enabled":"","_tec_slr_layout":""},"class_list":["post-7999","page","type-page","status-publish","hentry"],"yoast_head":"<!-- This site is optimized with the Yoast SEO plugin v27.2 - https:\/\/yoast.com\/product\/yoast-seo-wordpress\/ -->\n<title>Bedingungen &amp; Konditionen - Panaceology<\/title>\n<meta name=\"robots\" content=\"index, follow, max-snippet:-1, max-image-preview:large, max-video-preview:-1\" \/>\n<link rel=\"canonical\" href=\"https:\/\/panaceology.com\/de\/bedingungen-konditionen\/\" \/>\n<meta property=\"og:locale\" content=\"de_DE\" \/>\n<meta property=\"og:type\" content=\"article\" \/>\n<meta property=\"og:title\" content=\"Bedingungen &amp; Konditionen - Panaceology\" \/>\n<meta property=\"og:description\" content=\"Bedingungen &amp; Konditionen 1. Akzeptanz der Bedingungen und Konditionen Durch den Zugriff auf die Panaceology-Website https:\/\/panaceology.com und deren Nutzung erkl\u00e4ren Sie sich mit diesen Bedingungen einverstanden und sind an sie&hellip;\" \/>\n<meta property=\"og:url\" content=\"https:\/\/panaceology.com\/de\/bedingungen-konditionen\/\" \/>\n<meta property=\"og:site_name\" content=\"Panaceology\" \/>\n<meta property=\"article:modified_time\" content=\"2023-10-22T13:54:48+00:00\" \/>\n<meta property=\"og:image\" content=\"https:\/\/panaceology.com\/wp-content\/uploads\/2023\/05\/logo_2-1.png\" \/>\n\t<meta property=\"og:image:width\" content=\"1875\" \/>\n\t<meta property=\"og:image:height\" content=\"408\" \/>\n\t<meta property=\"og:image:type\" content=\"image\/png\" \/>\n<meta name=\"twitter:card\" content=\"summary_large_image\" \/>\n<meta name=\"twitter:site\" content=\"@Panaceology\" \/>\n<meta name=\"twitter:label1\" content=\"Gesch\u00e4tzte Lesezeit\" \/>\n\t<meta name=\"twitter:data1\" content=\"3\u00a0Minuten\" \/>\n<script type=\"application\/ld+json\" class=\"yoast-schema-graph\">{\"@context\":\"https:\/\/schema.org\",\"@graph\":[{\"@type\":\"WebPage\",\"@id\":\"https:\/\/panaceology.com\/de\/bedingungen-konditionen\/\",\"url\":\"https:\/\/panaceology.com\/de\/bedingungen-konditionen\/\",\"name\":\"Bedingungen &amp; Konditionen - Panaceology\",\"isPartOf\":{\"@id\":\"https:\/\/panaceology.com\/de\/#website\"},\"datePublished\":\"2023-09-10T19:51:05+00:00\",\"dateModified\":\"2023-10-22T13:54:48+00:00\",\"breadcrumb\":{\"@id\":\"https:\/\/panaceology.com\/de\/bedingungen-konditionen\/#breadcrumb\"},\"inLanguage\":\"de\",\"potentialAction\":[{\"@type\":\"ReadAction\",\"target\":[\"https:\/\/panaceology.com\/de\/bedingungen-konditionen\/\"]}]},{\"@type\":\"BreadcrumbList\",\"@id\":\"https:\/\/panaceology.com\/de\/bedingungen-konditionen\/#breadcrumb\",\"itemListElement\":[{\"@type\":\"ListItem\",\"position\":1,\"name\":\"Home\",\"item\":\"https:\/\/panaceology.com\/de\/startseite\/\"},{\"@type\":\"ListItem\",\"position\":2,\"name\":\"Bedingungen &amp; Konditionen\"}]},{\"@type\":\"WebSite\",\"@id\":\"https:\/\/panaceology.com\/de\/#website\",\"url\":\"https:\/\/panaceology.com\/de\/\",\"name\":\"Panaceology\",\"description\":\"Uncover the Structural Causes of Your Problems and Diseases Before Confronting Them\",\"publisher\":{\"@id\":\"https:\/\/panaceology.com\/de\/#organization\"},\"alternateName\":\"Panaceological Analysis and Diagnosis\",\"potentialAction\":[{\"@type\":\"SearchAction\",\"target\":{\"@type\":\"EntryPoint\",\"urlTemplate\":\"https:\/\/panaceology.com\/de\/?s={search_term_string}\"},\"query-input\":{\"@type\":\"PropertyValueSpecification\",\"valueRequired\":true,\"valueName\":\"search_term_string\"}}],\"inLanguage\":\"de\"},{\"@type\":\"Organization\",\"@id\":\"https:\/\/panaceology.com\/de\/#organization\",\"name\":\"Panaceology\",\"alternateName\":\"Eld Wills\",\"url\":\"https:\/\/panaceology.com\/de\/\",\"logo\":{\"@type\":\"ImageObject\",\"inLanguage\":\"de\",\"@id\":\"https:\/\/panaceology.com\/de\/#\/schema\/logo\/image\/\",\"url\":\"https:\/\/panaceology.com\/wp-content\/uploads\/2023\/08\/cropped-favicon.png\",\"contentUrl\":\"https:\/\/panaceology.com\/wp-content\/uploads\/2023\/08\/cropped-favicon.png\",\"width\":512,\"height\":512,\"caption\":\"Panaceology\"},\"image\":{\"@id\":\"https:\/\/panaceology.com\/de\/#\/schema\/logo\/image\/\"},\"sameAs\":[\"https:\/\/x.com\/Panaceology\",\"https:\/\/www.linkedin.com\/in\/panaceology\/\"]}]}<\/script>\n<!-- \/ Yoast SEO plugin. -->","yoast_head_json":{"title":"Bedingungen &amp; Konditionen - Panaceology","robots":{"index":"index","follow":"follow","max-snippet":"max-snippet:-1","max-image-preview":"max-image-preview:large","max-video-preview":"max-video-preview:-1"},"canonical":"https:\/\/panaceology.com\/de\/bedingungen-konditionen\/","og_locale":"de_DE","og_type":"article","og_title":"Bedingungen &amp; Konditionen - Panaceology","og_description":"Bedingungen &amp; Konditionen 1. Akzeptanz der Bedingungen und Konditionen Durch den Zugriff auf die Panaceology-Website https:\/\/panaceology.com und deren Nutzung erkl\u00e4ren Sie sich mit diesen Bedingungen einverstanden und sind an sie&hellip;","og_url":"https:\/\/panaceology.com\/de\/bedingungen-konditionen\/","og_site_name":"Panaceology","article_modified_time":"2023-10-22T13:54:48+00:00","og_image":[{"width":1875,"height":408,"url":"https:\/\/panaceology.com\/wp-content\/uploads\/2023\/05\/logo_2-1.png","type":"image\/png"}],"twitter_card":"summary_large_image","twitter_site":"@Panaceology","twitter_misc":{"Gesch\u00e4tzte Lesezeit":"3\u00a0Minuten"},"schema":{"@context":"https:\/\/schema.org","@graph":[{"@type":"WebPage","@id":"https:\/\/panaceology.com\/de\/bedingungen-konditionen\/","url":"https:\/\/panaceology.com\/de\/bedingungen-konditionen\/","name":"Bedingungen &amp; Konditionen - Panaceology","isPartOf":{"@id":"https:\/\/panaceology.com\/de\/#website"},"datePublished":"2023-09-10T19:51:05+00:00","dateModified":"2023-10-22T13:54:48+00:00","breadcrumb":{"@id":"https:\/\/panaceology.com\/de\/bedingungen-konditionen\/#breadcrumb"},"inLanguage":"de","potentialAction":[{"@type":"ReadAction","target":["https:\/\/panaceology.com\/de\/bedingungen-konditionen\/"]}]},{"@type":"BreadcrumbList","@id":"https:\/\/panaceology.com\/de\/bedingungen-konditionen\/#breadcrumb","itemListElement":[{"@type":"ListItem","position":1,"name":"Home","item":"https:\/\/panaceology.com\/de\/startseite\/"},{"@type":"ListItem","position":2,"name":"Bedingungen &amp; Konditionen"}]},{"@type":"WebSite","@id":"https:\/\/panaceology.com\/de\/#website","url":"https:\/\/panaceology.com\/de\/","name":"Panaceology","description":"Uncover the Structural Causes of Your Problems and Diseases Before Confronting Them","publisher":{"@id":"https:\/\/panaceology.com\/de\/#organization"},"alternateName":"Panaceological Analysis and Diagnosis","potentialAction":[{"@type":"SearchAction","target":{"@type":"EntryPoint","urlTemplate":"https:\/\/panaceology.com\/de\/?s={search_term_string}"},"query-input":{"@type":"PropertyValueSpecification","valueRequired":true,"valueName":"search_term_string"}}],"inLanguage":"de"},{"@type":"Organization","@id":"https:\/\/panaceology.com\/de\/#organization","name":"Panaceology","alternateName":"Eld Wills","url":"https:\/\/panaceology.com\/de\/","logo":{"@type":"ImageObject","inLanguage":"de","@id":"https:\/\/panaceology.com\/de\/#\/schema\/logo\/image\/","url":"https:\/\/panaceology.com\/wp-content\/uploads\/2023\/08\/cropped-favicon.png","contentUrl":"https:\/\/panaceology.com\/wp-content\/uploads\/2023\/08\/cropped-favicon.png","width":512,"height":512,"caption":"Panaceology"},"image":{"@id":"https:\/\/panaceology.com\/de\/#\/schema\/logo\/image\/"},"sameAs":["https:\/\/x.com\/Panaceology","https:\/\/www.linkedin.com\/in\/panaceology\/"]}]}},"campaignId":"","ticketed":false,"_links":{"self":[{"href":"https:\/\/panaceology.com\/de\/wp-json\/wp\/v2\/pages\/7999","targetHints":{"allow":["GET"]}}],"collection":[{"href":"https:\/\/panaceology.com\/de\/wp-json\/wp\/v2\/pages"}],"about":[{"href":"https:\/\/panaceology.com\/de\/wp-json\/wp\/v2\/types\/page"}],"author":[{"embeddable":true,"href":"https:\/\/panaceology.com\/de\/wp-json\/wp\/v2\/users\/1"}],"replies":[{"embeddable":true,"href":"https:\/\/panaceology.com\/de\/wp-json\/wp\/v2\/comments?post=7999"}],"version-history":[{"count":2,"href":"https:\/\/panaceology.com\/de\/wp-json\/wp\/v2\/pages\/7999\/revisions"}],"predecessor-version":[{"id":8008,"href":"https:\/\/panaceology.com\/de\/wp-json\/wp\/v2\/pages\/7999\/revisions\/8008"}],"wp:attachment":[{"href":"https:\/\/panaceology.com\/de\/wp-json\/wp\/v2\/media?parent=7999"}],"curies":[{"name":"wp","href":"https:\/\/api.w.org\/{rel}","templated":true}]}}