{"id":8154,"date":"2023-09-01T06:23:54","date_gmt":"2023-09-01T04:23:54","guid":{"rendered":"https:\/\/panaceology.com\/product\/panacea-e-book\/"},"modified":"2024-11-01T06:29:42","modified_gmt":"2024-11-01T04:29:42","slug":"panacea-e-book","status":"publish","type":"product","link":"https:\/\/panaceology.com\/de\/product\/panacea-e-book\/","title":{"rendered":"PANAZEOLOGIE"},"content":{"rendered":"<p>In diesem Buch wird nicht nur die Bedeutung von &#8218;Panacea&#8216; erforscht, sondern auch ein praktisches Verst\u00e4ndnis der ultimativen Methode zur L\u00f6sung aller Leiden und Krankheiten vermittelt, sowohl f\u00fcr jeden Einzelnen als auch f\u00fcr die Menschheit als Ganzes.<\/p>\n","protected":false},"excerpt":{"rendered":"<p>In diesem Buch wird nicht nur die Bedeutung von &#8218;Panacea&#8216; erforscht, sondern auch ein praktisches Verst\u00e4ndnis der ultimativen Methode zur L\u00f6sung aller Leiden und Krankheiten vermittelt, sowohl f\u00fcr jeden Einzelnen als auch f\u00fcr die Menschheit als Ganzes.<\/p>\n","protected":false},"featured_media":16788,"comment_status":"closed","ping_status":"closed","template":"","meta":{"give_campaign_id":0,"_bbp_topic_count":0,"_bbp_reply_count":0,"_bbp_total_topic_count":0,"_bbp_total_reply_count":0,"_bbp_voice_count":0,"_bbp_anonymous_reply_count":0,"_bbp_topic_count_hidden":0,"_bbp_reply_count_hidden":0,"_bbp_forum_subforum_count":0,"_price":"65","_stock":"","_tribe_ticket_header":"","_tribe_default_ticket_provider":"","_tribe_ticket_capacity":"2","_ticket_start_date":"","_ticket_end_date":"","_tribe_ticket_show_description":"","_tribe_ticket_show_not_going":false,"_tribe_ticket_use_global_stock":"","_tribe_ticket_global_stock_level":"","_global_stock_mode":"","_global_stock_cap":"","_tribe_rsvp_for_event":"","_tribe_ticket_going_count":"","_tribe_ticket_not_going_count":"","_tribe_tickets_list":"[]","_tribe_ticket_has_attendee_info_fields":false},"product_brand":[],"product_cat":[113],"product_tag":[143,142],"class_list":{"0":"post-8154","1":"product","2":"type-product","3":"status-publish","4":"has-post-thumbnail","6":"product_cat-elektronisches-buch","7":"product_tag-allheilmittel","8":"product_tag-ebook-de","10":"first","11":"outofstock","12":"featured","13":"downloadable","14":"virtual","15":"taxable","16":"purchasable","17":"product-type-simple"},"yoast_head":"<!-- This site is optimized with the Yoast SEO plugin v27.2 - https:\/\/yoast.com\/product\/yoast-seo-wordpress\/ -->\n<title>PANAZEOLOGIE - Panaceology<\/title>\n<meta name=\"robots\" content=\"index, follow, max-snippet:-1, max-image-preview:large, max-video-preview:-1\" \/>\n<link rel=\"canonical\" href=\"https:\/\/panaceology.com\/de\/product\/panacea-e-book\/\" \/>\n<meta property=\"og:locale\" content=\"de_DE\" \/>\n<meta property=\"og:type\" content=\"article\" \/>\n<meta property=\"og:title\" content=\"PANAZEOLOGIE - Panaceology\" \/>\n<meta property=\"og:description\" content=\"In diesem Buch wird nicht nur die Bedeutung von &#039;Panacea&#039; erforscht, sondern auch ein praktisches Verst\u00e4ndnis der ultimativen Methode zur L\u00f6sung aller Leiden und Krankheiten vermittelt, sowohl f\u00fcr jeden Einzelnen als auch f\u00fcr die Menschheit als Ganzes.\" \/>\n<meta property=\"og:url\" content=\"https:\/\/panaceology.com\/de\/product\/panacea-e-book\/\" \/>\n<meta property=\"og:site_name\" content=\"Panaceology\" \/>\n<meta property=\"article:modified_time\" content=\"2024-11-01T04:29:42+00:00\" \/>\n<meta property=\"og:image\" content=\"https:\/\/panaceology.com\/wp-content\/uploads\/2023\/09\/PANACEOLOGY_Book.png\" \/>\n\t<meta property=\"og:image:width\" content=\"1210\" \/>\n\t<meta property=\"og:image:height\" content=\"1210\" \/>\n\t<meta property=\"og:image:type\" content=\"image\/png\" \/>\n<meta name=\"twitter:card\" content=\"summary_large_image\" \/>\n<meta name=\"twitter:site\" content=\"@Panaceology\" \/>\n<meta name=\"twitter:label1\" content=\"Gesch\u00e4tzte Lesezeit\" \/>\n\t<meta name=\"twitter:data1\" content=\"1\u00a0Minute\" \/>\n<script type=\"application\/ld+json\" class=\"yoast-schema-graph\">{\"@context\":\"https:\/\/schema.org\",\"@graph\":[{\"@type\":\"WebPage\",\"@id\":\"https:\/\/panaceology.com\/de\/product\/panacea-e-book\/\",\"url\":\"https:\/\/panaceology.com\/de\/product\/panacea-e-book\/\",\"name\":\"PANAZEOLOGIE - Panaceology\",\"isPartOf\":{\"@id\":\"https:\/\/panaceology.com\/de\/#website\"},\"primaryImageOfPage\":{\"@id\":\"https:\/\/panaceology.com\/de\/product\/panacea-e-book\/#primaryimage\"},\"image\":{\"@id\":\"https:\/\/panaceology.com\/de\/product\/panacea-e-book\/#primaryimage\"},\"thumbnailUrl\":\"https:\/\/panaceology.com\/wp-content\/uploads\/2023\/09\/PANACEOLOGY_En_Web.png\",\"datePublished\":\"2023-09-01T04:23:54+00:00\",\"dateModified\":\"2024-11-01T04:29:42+00:00\",\"breadcrumb\":{\"@id\":\"https:\/\/panaceology.com\/de\/product\/panacea-e-book\/#breadcrumb\"},\"inLanguage\":\"de\",\"potentialAction\":[{\"@type\":\"ReadAction\",\"target\":[\"https:\/\/panaceology.com\/de\/product\/panacea-e-book\/\"]}]},{\"@type\":\"ImageObject\",\"inLanguage\":\"de\",\"@id\":\"https:\/\/panaceology.com\/de\/product\/panacea-e-book\/#primaryimage\",\"url\":\"https:\/\/panaceology.com\/wp-content\/uploads\/2023\/09\/PANACEOLOGY_En_Web.png\",\"contentUrl\":\"https:\/\/panaceology.com\/wp-content\/uploads\/2023\/09\/PANACEOLOGY_En_Web.png\"},{\"@type\":\"BreadcrumbList\",\"@id\":\"https:\/\/panaceology.com\/de\/product\/panacea-e-book\/#breadcrumb\",\"itemListElement\":[{\"@type\":\"ListItem\",\"position\":1,\"name\":\"Home\",\"item\":\"https:\/\/panaceology.com\/de\/startseite\/\"},{\"@type\":\"ListItem\",\"position\":2,\"name\":\"Books\",\"item\":\"https:\/\/panaceology.com\/shop\/\"},{\"@type\":\"ListItem\",\"position\":3,\"name\":\"PANAZEOLOGIE\"}]},{\"@type\":\"WebSite\",\"@id\":\"https:\/\/panaceology.com\/de\/#website\",\"url\":\"https:\/\/panaceology.com\/de\/\",\"name\":\"Panaceology\",\"description\":\"Uncover the Structural Causes of Your Problems and Diseases Before Confronting Them\",\"publisher\":{\"@id\":\"https:\/\/panaceology.com\/de\/#organization\"},\"alternateName\":\"Panaceological Analysis and Diagnosis\",\"potentialAction\":[{\"@type\":\"SearchAction\",\"target\":{\"@type\":\"EntryPoint\",\"urlTemplate\":\"https:\/\/panaceology.com\/de\/?s={search_term_string}\"},\"query-input\":{\"@type\":\"PropertyValueSpecification\",\"valueRequired\":true,\"valueName\":\"search_term_string\"}}],\"inLanguage\":\"de\"},{\"@type\":\"Organization\",\"@id\":\"https:\/\/panaceology.com\/de\/#organization\",\"name\":\"Panaceology\",\"alternateName\":\"Eld Wills\",\"url\":\"https:\/\/panaceology.com\/de\/\",\"logo\":{\"@type\":\"ImageObject\",\"inLanguage\":\"de\",\"@id\":\"https:\/\/panaceology.com\/de\/#\/schema\/logo\/image\/\",\"url\":\"https:\/\/panaceology.com\/wp-content\/uploads\/2023\/08\/cropped-favicon.png\",\"contentUrl\":\"https:\/\/panaceology.com\/wp-content\/uploads\/2023\/08\/cropped-favicon.png\",\"width\":512,\"height\":512,\"caption\":\"Panaceology\"},\"image\":{\"@id\":\"https:\/\/panaceology.com\/de\/#\/schema\/logo\/image\/\"},\"sameAs\":[\"https:\/\/x.com\/Panaceology\",\"https:\/\/www.linkedin.com\/in\/panaceology\/\"]}]}<\/script>\n<!-- \/ Yoast SEO plugin. -->","yoast_head_json":{"title":"PANAZEOLOGIE - Panaceology","robots":{"index":"index","follow":"follow","max-snippet":"max-snippet:-1","max-image-preview":"max-image-preview:large","max-video-preview":"max-video-preview:-1"},"canonical":"https:\/\/panaceology.com\/de\/product\/panacea-e-book\/","og_locale":"de_DE","og_type":"article","og_title":"PANAZEOLOGIE - Panaceology","og_description":"In diesem Buch wird nicht nur die Bedeutung von 'Panacea' erforscht, sondern auch ein praktisches Verst\u00e4ndnis der ultimativen Methode zur L\u00f6sung aller Leiden und Krankheiten vermittelt, sowohl f\u00fcr jeden Einzelnen als auch f\u00fcr die Menschheit als Ganzes.","og_url":"https:\/\/panaceology.com\/de\/product\/panacea-e-book\/","og_site_name":"Panaceology","article_modified_time":"2024-11-01T04:29:42+00:00","og_image":[{"width":1210,"height":1210,"url":"https:\/\/panaceology.com\/wp-content\/uploads\/2023\/09\/PANACEOLOGY_Book.png","type":"image\/png"}],"twitter_card":"summary_large_image","twitter_site":"@Panaceology","twitter_misc":{"Gesch\u00e4tzte Lesezeit":"1\u00a0Minute"},"schema":{"@context":"https:\/\/schema.org","@graph":[{"@type":"WebPage","@id":"https:\/\/panaceology.com\/de\/product\/panacea-e-book\/","url":"https:\/\/panaceology.com\/de\/product\/panacea-e-book\/","name":"PANAZEOLOGIE - Panaceology","isPartOf":{"@id":"https:\/\/panaceology.com\/de\/#website"},"primaryImageOfPage":{"@id":"https:\/\/panaceology.com\/de\/product\/panacea-e-book\/#primaryimage"},"image":{"@id":"https:\/\/panaceology.com\/de\/product\/panacea-e-book\/#primaryimage"},"thumbnailUrl":"https:\/\/panaceology.com\/wp-content\/uploads\/2023\/09\/PANACEOLOGY_En_Web.png","datePublished":"2023-09-01T04:23:54+00:00","dateModified":"2024-11-01T04:29:42+00:00","breadcrumb":{"@id":"https:\/\/panaceology.com\/de\/product\/panacea-e-book\/#breadcrumb"},"inLanguage":"de","potentialAction":[{"@type":"ReadAction","target":["https:\/\/panaceology.com\/de\/product\/panacea-e-book\/"]}]},{"@type":"ImageObject","inLanguage":"de","@id":"https:\/\/panaceology.com\/de\/product\/panacea-e-book\/#primaryimage","url":"https:\/\/panaceology.com\/wp-content\/uploads\/2023\/09\/PANACEOLOGY_En_Web.png","contentUrl":"https:\/\/panaceology.com\/wp-content\/uploads\/2023\/09\/PANACEOLOGY_En_Web.png"},{"@type":"BreadcrumbList","@id":"https:\/\/panaceology.com\/de\/product\/panacea-e-book\/#breadcrumb","itemListElement":[{"@type":"ListItem","position":1,"name":"Home","item":"https:\/\/panaceology.com\/de\/startseite\/"},{"@type":"ListItem","position":2,"name":"Books","item":"https:\/\/panaceology.com\/shop\/"},{"@type":"ListItem","position":3,"name":"PANAZEOLOGIE"}]},{"@type":"WebSite","@id":"https:\/\/panaceology.com\/de\/#website","url":"https:\/\/panaceology.com\/de\/","name":"Panaceology","description":"Uncover the Structural Causes of Your Problems and Diseases Before Confronting Them","publisher":{"@id":"https:\/\/panaceology.com\/de\/#organization"},"alternateName":"Panaceological Analysis and Diagnosis","potentialAction":[{"@type":"SearchAction","target":{"@type":"EntryPoint","urlTemplate":"https:\/\/panaceology.com\/de\/?s={search_term_string}"},"query-input":{"@type":"PropertyValueSpecification","valueRequired":true,"valueName":"search_term_string"}}],"inLanguage":"de"},{"@type":"Organization","@id":"https:\/\/panaceology.com\/de\/#organization","name":"Panaceology","alternateName":"Eld Wills","url":"https:\/\/panaceology.com\/de\/","logo":{"@type":"ImageObject","inLanguage":"de","@id":"https:\/\/panaceology.com\/de\/#\/schema\/logo\/image\/","url":"https:\/\/panaceology.com\/wp-content\/uploads\/2023\/08\/cropped-favicon.png","contentUrl":"https:\/\/panaceology.com\/wp-content\/uploads\/2023\/08\/cropped-favicon.png","width":512,"height":512,"caption":"Panaceology"},"image":{"@id":"https:\/\/panaceology.com\/de\/#\/schema\/logo\/image\/"},"sameAs":["https:\/\/x.com\/Panaceology","https:\/\/www.linkedin.com\/in\/panaceology\/"]}]}},"_links":{"self":[{"href":"https:\/\/panaceology.com\/de\/wp-json\/wp\/v2\/product\/8154","targetHints":{"allow":["GET"]}}],"collection":[{"href":"https:\/\/panaceology.com\/de\/wp-json\/wp\/v2\/product"}],"about":[{"href":"https:\/\/panaceology.com\/de\/wp-json\/wp\/v2\/types\/product"}],"replies":[{"embeddable":true,"href":"https:\/\/panaceology.com\/de\/wp-json\/wp\/v2\/comments?post=8154"}],"version-history":[{"count":4,"href":"https:\/\/panaceology.com\/de\/wp-json\/wp\/v2\/product\/8154\/revisions"}],"predecessor-version":[{"id":14327,"href":"https:\/\/panaceology.com\/de\/wp-json\/wp\/v2\/product\/8154\/revisions\/14327"}],"wp:featuredmedia":[{"embeddable":true,"href":"https:\/\/panaceology.com\/de\/wp-json\/wp\/v2\/media\/16788"}],"wp:attachment":[{"href":"https:\/\/panaceology.com\/de\/wp-json\/wp\/v2\/media?parent=8154"}],"wp:term":[{"taxonomy":"product_brand","embeddable":true,"href":"https:\/\/panaceology.com\/de\/wp-json\/wp\/v2\/product_brand?post=8154"},{"taxonomy":"product_cat","embeddable":true,"href":"https:\/\/panaceology.com\/de\/wp-json\/wp\/v2\/product_cat?post=8154"},{"taxonomy":"product_tag","embeddable":true,"href":"https:\/\/panaceology.com\/de\/wp-json\/wp\/v2\/product_tag?post=8154"}],"curies":[{"name":"wp","href":"https:\/\/api.w.org\/{rel}","templated":true}]}}