{"id":8025,"date":"2023-09-10T21:51:05","date_gmt":"2023-09-10T19:51:05","guid":{"rendered":"https:\/\/panaceology.com\/condiciones-generales\/"},"modified":"2023-10-22T15:54:48","modified_gmt":"2023-10-22T13:54:48","slug":"condiciones-generales","status":"publish","type":"page","link":"https:\/\/panaceology.com\/es\/condiciones-generales\/","title":{"rendered":"Condiciones generales"},"content":{"rendered":"\t\t<div data-elementor-type=\"wp-page\" data-elementor-id=\"8025\" class=\"elementor elementor-8025\">\n\t\t\t\t\t\t<section class=\"elementor-section elementor-top-section elementor-element elementor-element-179b66d elementor-section-boxed elementor-section-height-default elementor-section-height-default sc_fly_static\" data-id=\"179b66d\" data-element_type=\"section\" data-e-type=\"section\">\n\t\t\t\t\t\t<div class=\"elementor-container elementor-column-gap-extended\">\n\t\t\t\t\t<div class=\"elementor-column elementor-col-100 elementor-top-column elementor-element elementor-element-e6cea9f sc_content_align_inherit sc_layouts_column_icons_position_left sc_fly_static\" data-id=\"e6cea9f\" data-element_type=\"column\" data-e-type=\"column\">\n\t\t\t<div class=\"elementor-widget-wrap elementor-element-populated\">\n\t\t\t\t\t\t<div class=\"elementor-element elementor-element-aa0348a sc_fly_static elementor-widget elementor-widget-heading\" data-id=\"aa0348a\" data-element_type=\"widget\" data-e-type=\"widget\" data-widget_type=\"heading.default\">\n\t\t\t\t<div class=\"elementor-widget-container\">\n\t\t\t\t\t<h2 class=\"elementor-heading-title elementor-size-default\">Condiciones generales<\/h2>\t\t\t\t<\/div>\n\t\t\t\t<\/div>\n\t\t\t\t\t<\/div>\n\t\t<\/div>\n\t\t\t\t\t<\/div>\n\t\t<\/section>\n\t\t\t\t<section class=\"elementor-section elementor-top-section elementor-element elementor-element-3d52eeb elementor-section-boxed elementor-section-height-default elementor-section-height-default sc_fly_static\" data-id=\"3d52eeb\" data-element_type=\"section\" data-e-type=\"section\">\n\t\t\t\t\t\t<div class=\"elementor-container elementor-column-gap-extended\">\n\t\t\t\t\t<div class=\"elementor-column elementor-col-100 elementor-top-column elementor-element elementor-element-7cca627 sc_content_align_inherit sc_layouts_column_icons_position_left sc_fly_static\" data-id=\"7cca627\" data-element_type=\"column\" data-e-type=\"column\">\n\t\t\t<div class=\"elementor-widget-wrap elementor-element-populated\">\n\t\t\t\t\t\t<div class=\"elementor-element elementor-element-e5b42b3 sc_fly_static elementor-widget elementor-widget-spacer\" data-id=\"e5b42b3\" data-element_type=\"widget\" data-e-type=\"widget\" data-widget_type=\"spacer.default\">\n\t\t\t\t<div class=\"elementor-widget-container\">\n\t\t\t\t\t\t\t<div class=\"elementor-spacer\">\n\t\t\t<div class=\"elementor-spacer-inner\"><\/div>\n\t\t<\/div>\n\t\t\t\t\t\t<\/div>\n\t\t\t\t<\/div>\n\t\t\t\t\t<\/div>\n\t\t<\/div>\n\t\t\t\t\t<\/div>\n\t\t<\/section>\n\t\t\t\t<section class=\"elementor-section elementor-top-section elementor-element elementor-element-cc2729e elementor-section-boxed elementor-section-height-default elementor-section-height-default sc_fly_static\" data-id=\"cc2729e\" data-element_type=\"section\" data-e-type=\"section\" data-settings=\"{&quot;background_background&quot;:&quot;classic&quot;}\">\n\t\t\t\t\t\t<div class=\"elementor-container elementor-column-gap-extended\">\n\t\t\t\t\t<div class=\"elementor-column elementor-col-100 elementor-top-column elementor-element elementor-element-4b0b782 sc_content_align_inherit sc_layouts_column_icons_position_left sc_fly_static\" data-id=\"4b0b782\" data-element_type=\"column\" data-e-type=\"column\">\n\t\t\t<div class=\"elementor-widget-wrap elementor-element-populated\">\n\t\t\t\t\t\t<div class=\"elementor-element elementor-element-8edc9c9 sc_fly_static elementor-widget elementor-widget-text-editor\" data-id=\"8edc9c9\" data-element_type=\"widget\" data-e-type=\"widget\" data-widget_type=\"text-editor.default\">\n\t\t\t\t<div class=\"elementor-widget-container\">\n\t\t\t\t\t\t\t\t\t<h5>1. Aceptaci\u00f3n de los t\u00e9rminos y condiciones<\/h5>\n<p>Al acceder y utilizar el sitio web de Panaceology https:\/\/panaceology.com, acepta cumplir y quedar vinculado por estas Condiciones. Si no est\u00e1 de acuerdo con estos T\u00e9rminos y Condiciones, le rogamos que no utilice este sitio web.<\/p>\n<h5>2. Uso del sitio web<\/h5>\n<p>&#8211; Debe tener al menos 18 a\u00f1os para utilizar este sitio web o nuestros servicios.<\/p>\n<p>&#8211; Usted es responsable de mantener la confidencialidad de su cuenta y contrase\u00f1a.<\/p>\n<p>&#8211; Usted se compromete a utilizar el sitio web de conformidad con todas las leyes y reglamentos aplicables.<\/p>\n<h5>3. Contenido del usuario<\/h5>\n<p>Al enviar o publicar contenido en el sitio web, usted concede a \u00abPanaceology\u00bb https:\/\/panaceology.com una licencia no exclusiva, libre de regal\u00edas, mundial y perpetua para utilizar, modificar y publicar su contenido en relaci\u00f3n con el sitio web.<\/p>\n<h5>4. Pol\u00edtica de privacidad<\/h5>\n<p>Su uso del sitio web tambi\u00e9n se rige por nuestra Pol\u00edtica de privacidad, que puede consultarse en [Privacy Policy https:\/\/panaceology.com\/privacy-policy]. Por favor, revise nuestra Pol\u00edtica de Privacidad para entender nuestras pr\u00e1cticas de datos.<\/p>\n<h5>5. Propiedad intelectual<\/h5>\n<p>Todo el contenido de esta p\u00e1gina web, incluidos textos, gr\u00e1ficos, logotipos e im\u00e1genes y servicios, es propiedad de https:\/\/panaceology.com y est\u00e1 protegido por derechos de autor y otras leyes de propiedad intelectual. No puede utilizar ni reproducir este contenido sin nuestro permiso expreso por escrito.<\/p>\n<h5>6. Renuncia de garant\u00edas<\/h5>\n<p>Este sitio web se proporciona \u00abtal cual\u00bb y \u00abseg\u00fan disponibilidad\u00bb, sin garant\u00edas de ning\u00fan tipo, ni expresas ni impl\u00edcitas. \u00abPanaceology\u00bb https:\/\/panaceology.com no garantiza la exactitud, integridad o fiabilidad del contenido de esta p\u00e1gina web.<\/p>\n<h5>Limitaci\u00f3n de responsabilidad<\/h5>\n<p>\u00abPanaceology\u00bb https:\/\/panaceology.com no se hace responsable de ning\u00fan da\u00f1o indirecto, consecuente, fortuito o especial que se derive o est\u00e9 relacionado de alg\u00fan modo con el uso que usted haga de esta p\u00e1gina web.<\/p>\n<h5>8. Cambios en los t\u00e9rminos y condiciones<\/h5>\n<p>\u00abPanaceology\u00bb se reserva el derecho de cambiar o modificar estos T\u00e9rminos y Condiciones en cualquier momento y sin previo aviso. Su uso continuado del sitio web despu\u00e9s de cualquiera de dichos cambios constituye su aceptaci\u00f3n de los nuevos T\u00e9rminos y Condiciones.<\/p>\n<h5>9. Ley aplicable<\/h5>\n<p>Estos T\u00e9rminos y Condiciones se rigen e interpretan de acuerdo con las leyes de [Your Jurisdiction]. Cualquier disputa estar\u00e1 sujeta a la jurisdicci\u00f3n exclusiva de los tribunales de [Your Jurisdiction].<\/p>\n<h5>10. Informaci\u00f3n de contacto<\/h5>\n<p>Si tiene alguna pregunta o duda sobre estos T\u00e9rminos y Condiciones, p\u00f3ngase en contacto con nosotros en https:\/\/panaceology.com\/contacts\/ o env\u00edenos un correo a info@panaceology.com.<\/p>\n<h5>11. Libros electr\u00f3nicos<\/h5>\n<p>&#8211; \u00abPanaceology\u00bb https:\/\/panaceology.com ofrece libros electr\u00f3nicos (e-books) a la venta en este sitio web.<\/p>\n<p>&#8211; Al comprar y descargar libros electr\u00f3nicos de este sitio web, usted acepta cumplir las siguientes condiciones:<\/p>\n<p>  &#8211; Los libros electr\u00f3nicos se proporcionan en formato digital y est\u00e1n protegidos por la ley de derechos de autor.<\/p>\n<p>  &#8211; S\u00f3lo puede utilizar los libros electr\u00f3nicos con fines personales y no comerciales.<\/p>\n<p>  &#8211; No puede distribuir, reproducir o revender libros electr\u00f3nicos sin el permiso expreso por escrito de [\u00abPanaceology<span style=\"font-size: 15px; background-color: var(--theme-color-bg_color); color: var(--theme-color-text); letter-spacing: -0.01px;\">\u00bb <\/span><span style=\"font-size: 15px; color: var(--theme-color-text); letter-spacing: -0.01px; background-color: var(--theme-color-bg_color);\"> https:\/\/panaceology.com].<\/span><\/p>\n<p>  &#8211; Los libros electr\u00f3nicos pueden estar sujetos a la gesti\u00f3n de derechos digitales (DRM) y a restricciones de uso, que se especificar\u00e1n en la p\u00e1gina del producto.<\/p>\n<p>&#8211; Todas las ventas de libros electr\u00f3nicos son definitivas y no se efectuar\u00e1n reembolsos, salvo en los casos previstos por la ley.<\/p>\n<h5>12. Ley aplicable<\/h5>\n<p>Estos T\u00e9rminos y Condiciones se rigen e interpretan de acuerdo con las leyes de [Your Jurisdiction]. Cualquier disputa relacionada con la compra y el uso de libros electr\u00f3nicos estar\u00e1 sujeta a la jurisdicci\u00f3n exclusiva de los tribunales de [Your Jurisdiction].<\/p>\n<p>Estos T\u00e9rminos y Condiciones se actualizaron por \u00faltima vez en [8 September 2023].<\/p>\n\t\t\t\t\t\t\t\t<\/div>\n\t\t\t\t<\/div>\n\t\t\t\t\t<\/div>\n\t\t<\/div>\n\t\t\t\t\t<\/div>\n\t\t<\/section>\n\t\t\t\t<\/div>\n\t\t","protected":false},"excerpt":{"rendered":"<p>Condiciones generales 1. Aceptaci\u00f3n de los t\u00e9rminos y condiciones Al acceder y utilizar el sitio web de Panaceology https:\/\/panaceology.com, acepta cumplir y quedar vinculado por estas Condiciones. Si no est\u00e1&hellip;<\/p>\n","protected":false},"author":1,"featured_media":0,"parent":0,"menu_order":0,"comment_status":"closed","ping_status":"closed","template":"","meta":{"give_campaign_id":0,"_bbp_topic_count":0,"_bbp_reply_count":0,"_bbp_total_topic_count":0,"_bbp_total_reply_count":0,"_bbp_voice_count":0,"_bbp_anonymous_reply_count":0,"_bbp_topic_count_hidden":0,"_bbp_reply_count_hidden":0,"_bbp_forum_subforum_count":0,"_price":"","_stock":"","_tribe_ticket_header":"","_tribe_default_ticket_provider":"","_tribe_ticket_capacity":"0","_ticket_start_date":"","_ticket_end_date":"","_tribe_ticket_show_description":"","_tribe_ticket_show_not_going":false,"_tribe_ticket_use_global_stock":"","_tribe_ticket_global_stock_level":"","_global_stock_mode":"","_global_stock_cap":"","_tribe_rsvp_for_event":"","_tribe_ticket_going_count":"","_tribe_ticket_not_going_count":"","_tribe_tickets_list":"[]","_tribe_ticket_has_attendee_info_fields":false,"footnotes":"","_tec_slr_enabled":"","_tec_slr_layout":""},"class_list":["post-8025","page","type-page","status-publish","hentry"],"yoast_head":"<!-- This site is optimized with the Yoast SEO plugin v27.2 - https:\/\/yoast.com\/product\/yoast-seo-wordpress\/ -->\n<title>Condiciones generales - Panaceology<\/title>\n<meta name=\"robots\" content=\"index, follow, max-snippet:-1, max-image-preview:large, max-video-preview:-1\" \/>\n<link rel=\"canonical\" href=\"https:\/\/panaceology.com\/es\/condiciones-generales\/\" \/>\n<meta property=\"og:locale\" content=\"es_ES\" \/>\n<meta property=\"og:type\" content=\"article\" \/>\n<meta property=\"og:title\" content=\"Condiciones generales - Panaceology\" \/>\n<meta property=\"og:description\" content=\"Condiciones generales 1. Aceptaci\u00f3n de los t\u00e9rminos y condiciones Al acceder y utilizar el sitio web de Panaceology https:\/\/panaceology.com, acepta cumplir y quedar vinculado por estas Condiciones. Si no est\u00e1&hellip;\" \/>\n<meta property=\"og:url\" content=\"https:\/\/panaceology.com\/es\/condiciones-generales\/\" \/>\n<meta property=\"og:site_name\" content=\"Panaceology\" \/>\n<meta property=\"article:modified_time\" content=\"2023-10-22T13:54:48+00:00\" \/>\n<meta property=\"og:image\" content=\"https:\/\/panaceology.com\/wp-content\/uploads\/2023\/05\/logo_2-1.png\" \/>\n\t<meta property=\"og:image:width\" content=\"1875\" \/>\n\t<meta property=\"og:image:height\" content=\"408\" \/>\n\t<meta property=\"og:image:type\" content=\"image\/png\" \/>\n<meta name=\"twitter:card\" content=\"summary_large_image\" \/>\n<meta name=\"twitter:site\" content=\"@Panaceology\" \/>\n<meta name=\"twitter:label1\" content=\"Tiempo de lectura\" \/>\n\t<meta name=\"twitter:data1\" content=\"3 minutos\" \/>\n<script type=\"application\/ld+json\" class=\"yoast-schema-graph\">{\"@context\":\"https:\/\/schema.org\",\"@graph\":[{\"@type\":\"WebPage\",\"@id\":\"https:\/\/panaceology.com\/es\/condiciones-generales\/\",\"url\":\"https:\/\/panaceology.com\/es\/condiciones-generales\/\",\"name\":\"Condiciones generales - Panaceology\",\"isPartOf\":{\"@id\":\"https:\/\/panaceology.com\/es\/#website\"},\"datePublished\":\"2023-09-10T19:51:05+00:00\",\"dateModified\":\"2023-10-22T13:54:48+00:00\",\"breadcrumb\":{\"@id\":\"https:\/\/panaceology.com\/es\/condiciones-generales\/#breadcrumb\"},\"inLanguage\":\"es\",\"potentialAction\":[{\"@type\":\"ReadAction\",\"target\":[\"https:\/\/panaceology.com\/es\/condiciones-generales\/\"]}]},{\"@type\":\"BreadcrumbList\",\"@id\":\"https:\/\/panaceology.com\/es\/condiciones-generales\/#breadcrumb\",\"itemListElement\":[{\"@type\":\"ListItem\",\"position\":1,\"name\":\"Home\",\"item\":\"https:\/\/panaceology.com\/es\/inicio\/\"},{\"@type\":\"ListItem\",\"position\":2,\"name\":\"Condiciones generales\"}]},{\"@type\":\"WebSite\",\"@id\":\"https:\/\/panaceology.com\/es\/#website\",\"url\":\"https:\/\/panaceology.com\/es\/\",\"name\":\"Panaceology\",\"description\":\"Uncover the Structural Causes of Your Problems and Diseases Before Confronting Them\",\"publisher\":{\"@id\":\"https:\/\/panaceology.com\/es\/#organization\"},\"alternateName\":\"Panaceological Analysis and Diagnosis\",\"potentialAction\":[{\"@type\":\"SearchAction\",\"target\":{\"@type\":\"EntryPoint\",\"urlTemplate\":\"https:\/\/panaceology.com\/es\/?s={search_term_string}\"},\"query-input\":{\"@type\":\"PropertyValueSpecification\",\"valueRequired\":true,\"valueName\":\"search_term_string\"}}],\"inLanguage\":\"es\"},{\"@type\":\"Organization\",\"@id\":\"https:\/\/panaceology.com\/es\/#organization\",\"name\":\"Panaceology\",\"alternateName\":\"Eld Wills\",\"url\":\"https:\/\/panaceology.com\/es\/\",\"logo\":{\"@type\":\"ImageObject\",\"inLanguage\":\"es\",\"@id\":\"https:\/\/panaceology.com\/es\/#\/schema\/logo\/image\/\",\"url\":\"https:\/\/panaceology.com\/wp-content\/uploads\/2023\/08\/cropped-favicon.png\",\"contentUrl\":\"https:\/\/panaceology.com\/wp-content\/uploads\/2023\/08\/cropped-favicon.png\",\"width\":512,\"height\":512,\"caption\":\"Panaceology\"},\"image\":{\"@id\":\"https:\/\/panaceology.com\/es\/#\/schema\/logo\/image\/\"},\"sameAs\":[\"https:\/\/x.com\/Panaceology\",\"https:\/\/www.linkedin.com\/in\/panaceology\/\"]}]}<\/script>\n<!-- \/ Yoast SEO plugin. -->","yoast_head_json":{"title":"Condiciones generales - Panaceology","robots":{"index":"index","follow":"follow","max-snippet":"max-snippet:-1","max-image-preview":"max-image-preview:large","max-video-preview":"max-video-preview:-1"},"canonical":"https:\/\/panaceology.com\/es\/condiciones-generales\/","og_locale":"es_ES","og_type":"article","og_title":"Condiciones generales - Panaceology","og_description":"Condiciones generales 1. Aceptaci\u00f3n de los t\u00e9rminos y condiciones Al acceder y utilizar el sitio web de Panaceology https:\/\/panaceology.com, acepta cumplir y quedar vinculado por estas Condiciones. Si no est\u00e1&hellip;","og_url":"https:\/\/panaceology.com\/es\/condiciones-generales\/","og_site_name":"Panaceology","article_modified_time":"2023-10-22T13:54:48+00:00","og_image":[{"width":1875,"height":408,"url":"https:\/\/panaceology.com\/wp-content\/uploads\/2023\/05\/logo_2-1.png","type":"image\/png"}],"twitter_card":"summary_large_image","twitter_site":"@Panaceology","twitter_misc":{"Tiempo de lectura":"3 minutos"},"schema":{"@context":"https:\/\/schema.org","@graph":[{"@type":"WebPage","@id":"https:\/\/panaceology.com\/es\/condiciones-generales\/","url":"https:\/\/panaceology.com\/es\/condiciones-generales\/","name":"Condiciones generales - Panaceology","isPartOf":{"@id":"https:\/\/panaceology.com\/es\/#website"},"datePublished":"2023-09-10T19:51:05+00:00","dateModified":"2023-10-22T13:54:48+00:00","breadcrumb":{"@id":"https:\/\/panaceology.com\/es\/condiciones-generales\/#breadcrumb"},"inLanguage":"es","potentialAction":[{"@type":"ReadAction","target":["https:\/\/panaceology.com\/es\/condiciones-generales\/"]}]},{"@type":"BreadcrumbList","@id":"https:\/\/panaceology.com\/es\/condiciones-generales\/#breadcrumb","itemListElement":[{"@type":"ListItem","position":1,"name":"Home","item":"https:\/\/panaceology.com\/es\/inicio\/"},{"@type":"ListItem","position":2,"name":"Condiciones generales"}]},{"@type":"WebSite","@id":"https:\/\/panaceology.com\/es\/#website","url":"https:\/\/panaceology.com\/es\/","name":"Panaceology","description":"Uncover the Structural Causes of Your Problems and Diseases Before Confronting Them","publisher":{"@id":"https:\/\/panaceology.com\/es\/#organization"},"alternateName":"Panaceological Analysis and Diagnosis","potentialAction":[{"@type":"SearchAction","target":{"@type":"EntryPoint","urlTemplate":"https:\/\/panaceology.com\/es\/?s={search_term_string}"},"query-input":{"@type":"PropertyValueSpecification","valueRequired":true,"valueName":"search_term_string"}}],"inLanguage":"es"},{"@type":"Organization","@id":"https:\/\/panaceology.com\/es\/#organization","name":"Panaceology","alternateName":"Eld Wills","url":"https:\/\/panaceology.com\/es\/","logo":{"@type":"ImageObject","inLanguage":"es","@id":"https:\/\/panaceology.com\/es\/#\/schema\/logo\/image\/","url":"https:\/\/panaceology.com\/wp-content\/uploads\/2023\/08\/cropped-favicon.png","contentUrl":"https:\/\/panaceology.com\/wp-content\/uploads\/2023\/08\/cropped-favicon.png","width":512,"height":512,"caption":"Panaceology"},"image":{"@id":"https:\/\/panaceology.com\/es\/#\/schema\/logo\/image\/"},"sameAs":["https:\/\/x.com\/Panaceology","https:\/\/www.linkedin.com\/in\/panaceology\/"]}]}},"campaignId":"","ticketed":false,"_links":{"self":[{"href":"https:\/\/panaceology.com\/es\/wp-json\/wp\/v2\/pages\/8025","targetHints":{"allow":["GET"]}}],"collection":[{"href":"https:\/\/panaceology.com\/es\/wp-json\/wp\/v2\/pages"}],"about":[{"href":"https:\/\/panaceology.com\/es\/wp-json\/wp\/v2\/types\/page"}],"author":[{"embeddable":true,"href":"https:\/\/panaceology.com\/es\/wp-json\/wp\/v2\/users\/1"}],"replies":[{"embeddable":true,"href":"https:\/\/panaceology.com\/es\/wp-json\/wp\/v2\/comments?post=8025"}],"version-history":[{"count":2,"href":"https:\/\/panaceology.com\/es\/wp-json\/wp\/v2\/pages\/8025\/revisions"}],"predecessor-version":[{"id":8040,"href":"https:\/\/panaceology.com\/es\/wp-json\/wp\/v2\/pages\/8025\/revisions\/8040"}],"wp:attachment":[{"href":"https:\/\/panaceology.com\/es\/wp-json\/wp\/v2\/media?parent=8025"}],"curies":[{"name":"wp","href":"https:\/\/api.w.org\/{rel}","templated":true}]}}