{"id":16809,"date":"2025-09-10T01:40:48","date_gmt":"2025-09-09T23:40:48","guid":{"rendered":"https:\/\/panaceology.com\/?post_type=product&#038;p=16809"},"modified":"2025-09-10T01:55:28","modified_gmt":"2025-09-09T23:55:28","slug":"analisis-panaceologico-de-suenos","status":"publish","type":"product","link":"https:\/\/panaceology.com\/es\/product\/analisis-panaceologico-de-suenos\/","title":{"rendered":"PANACEOLOG\u00cdA An\u00e1lisis Panaceol\u00f3gico de Sue\u00f1os"},"content":{"rendered":"<p><strong><span class=\"a-text-bold\">An\u00e1lisis Panaceol\u00f3gico de Sue\u00f1os \u2014 El libro que redefine c\u00f3mo entendemos los sue\u00f1os<\/span><\/strong><\/p>\n<p>Durante miles de a\u00f1os, los sue\u00f1os han fascinado a fil\u00f3sofos, m\u00edsticos, cient\u00edficos y buscadores de la verdad. Sin embargo, a pesar de siglos de estudio, ning\u00fan marco ha revelado verdaderamente por qu\u00e9 ocurren los sue\u00f1os, c\u00f3mo est\u00e1n estructurados y qu\u00e9 est\u00e1n dise\u00f1ados para lograr en nuestra vida \u2014 hasta ahora.<\/p>\n<p>Este innovador libro presenta el <strong><span class=\"a-text-bold\">An\u00e1lisis Panaceol\u00f3gico de Sue\u00f1os<\/span><\/strong>, una disciplina cient\u00edfica completamente nueva desarrollada a lo largo de m\u00e1s de tres d\u00e9cadas de investigaci\u00f3n aplicada y estudio emp\u00edrico. No es una adaptaci\u00f3n de la psicolog\u00eda, la neurolog\u00eda ni de la interpretaci\u00f3n on\u00edrica tradicional: es una ciencia estructural de la <strong><span class=\"a-text-bold\">Estructura Personal Individual (EPI)<\/span><\/strong> \u2014 la arquitectura interna oculta en cada persona que configura los acontecimientos vitales, la salud, las relaciones y el camino de la evoluci\u00f3n personal.<\/p>\n<p><strong><span class=\"a-text-bold\">En estas p\u00e1ginas usted:<\/span><\/strong><\/p>\n<p>\u2022 Descubrir\u00e1 c\u00f3mo los sue\u00f1os son <strong>reflejos estructurales<\/strong> de la EPI \u2014 no im\u00e1genes aleatorias ni susurros del subconsciente, sino algoritmos simb\u00f3licos formados con precisi\u00f3n de los acontecimientos vitales en desarrollo.<\/p>\n<p>\u2022 Aprender\u00e1 por qu\u00e9 los problemas, enfermedades y conflictos recurrentes no son accidentes \u2014 y c\u00f3mo los sue\u00f1os pueden revelar su verdadera causa antes de que se manifiesten plenamente.<\/p>\n<p>\u2022 Ver\u00e1 casos reales y documentados en los que el An\u00e1lisis Panaceol\u00f3gico de Sue\u00f1os predijo y transform\u00f3 acontecimientos vitales con una exactitud sorprendente.<\/p>\n<p>\u2022 Comprender\u00e1 por qu\u00e9 ninguna ciencia ni m\u00e9todo existente \u2014 desde Freud hasta la neurociencia moderna \u2014 ha podido acceder a este nivel de verdad estructural.<\/p>\n<p>Este <strong>no<\/strong> es un diccionario de sue\u00f1os, <strong>ni<\/strong> un conjunto de ideas m\u00edsticas o abstractas. Es un sistema profundo, metodol\u00f3gicamente preciso \u2014 una ciencia que redefine tanto los sue\u00f1os como el propio desarrollo humano.<\/p>\n<p><strong><span class=\"a-text-bold\">Por qu\u00e9 este libro es diferente<\/span><\/strong><\/p>\n<p>\u2022 La primera y \u00fanica obra que presenta la EPI y sus algoritmos estructurales como fundamento de la formaci\u00f3n de los sue\u00f1os.<\/p>\n<p>\u2022 Basado en m\u00e1s de 30 a\u00f1os de casos pr\u00e1cticos y reales \u2014 no en teor\u00edas.<\/p>\n<p>\u2022 Escrito por el fundador de la Panaceolog\u00eda, la \u00fanica persona en el mundo que actualmente practica y ense\u00f1a este m\u00e9todo.<\/p>\n<p><strong>Para los cient\u00edficos<\/strong>, es una nueva frontera del conocimiento humano.<br \/>\n<strong>Para los buscadores<\/strong>, es un mapa hacia la estructura interna de su vida.<br \/>\n<strong>Para los profesionales<\/strong>, es una herramienta para ver la realidad con una claridad sin precedentes.<\/p>\n<p>Una vez que vea sus sue\u00f1os a trav\u00e9s del lente de la <strong><span class=\"a-text-bold\">Panaceolog\u00eda<\/span><\/strong>, nunca volver\u00e1 a ver la vida de la misma manera.<\/p>\n","protected":false},"excerpt":{"rendered":"<p><strong><span class=\"a-text-bold\">An\u00e1lisis Panaceol\u00f3gico de Sue\u00f1os \u2014 El libro que redefine c\u00f3mo entendemos los sue\u00f1os<\/span><\/strong><\/p>\n<p>Durante miles de a\u00f1os, los sue\u00f1os han fascinado a fil\u00f3sofos, m\u00edsticos, cient\u00edficos y buscadores de la verdad. Sin embargo, a pesar de siglos de estudio, ning\u00fan marco ha revelado verdaderamente por qu\u00e9 ocurren los sue\u00f1os, c\u00f3mo est\u00e1n estructurados y qu\u00e9 est\u00e1n dise\u00f1ados para lograr en nuestra vida \u2014 hasta ahora.<\/p>\n<p>Este innovador libro presenta el <strong><span class=\"a-text-bold\">An\u00e1lisis Panaceol\u00f3gico de Sue\u00f1os<\/span><\/strong>, una disciplina cient\u00edfica completamente nueva desarrollada a lo largo de m\u00e1s de tres d\u00e9cadas de investigaci\u00f3n aplicada y estudio emp\u00edrico. No es una adaptaci\u00f3n de la psicolog\u00eda, la neurolog\u00eda ni de la interpretaci\u00f3n on\u00edrica tradicional: es una ciencia estructural de la <strong><span class=\"a-text-bold\">Estructura Personal Individual (EPI)<\/span><\/strong> \u2014 la arquitectura interna oculta en cada persona que configura los acontecimientos vitales, la salud, las relaciones y el camino de la evoluci\u00f3n personal.<\/p>\n","protected":false},"featured_media":16811,"comment_status":"closed","ping_status":"closed","template":"","meta":{"give_campaign_id":0,"_bbp_topic_count":0,"_bbp_reply_count":0,"_bbp_total_topic_count":0,"_bbp_total_reply_count":0,"_bbp_voice_count":0,"_bbp_anonymous_reply_count":0,"_bbp_topic_count_hidden":0,"_bbp_reply_count_hidden":0,"_bbp_forum_subforum_count":0,"_price":"65","_stock":"","_tribe_ticket_header":"","_tribe_default_ticket_provider":"","_tribe_ticket_capacity":"0","_ticket_start_date":"","_ticket_end_date":"","_tribe_ticket_show_description":"","_tribe_ticket_show_not_going":false,"_tribe_ticket_use_global_stock":"","_tribe_ticket_global_stock_level":"","_global_stock_mode":"","_global_stock_cap":"","_tribe_rsvp_for_event":"","_tribe_ticket_going_count":"","_tribe_ticket_not_going_count":"","_tribe_tickets_list":"[]","_tribe_ticket_has_attendee_info_fields":false},"product_brand":[],"product_cat":[117],"product_tag":[263,132,262],"class_list":{"0":"post-16809","1":"product","2":"type-product","3":"status-publish","4":"has-post-thumbnail","6":"product_cat-libros","7":"product_tag-analisis-panaceologico-de-suenos","8":"product_tag-libro-electronico","9":"product_tag-suenos","11":"first","12":"outofstock","13":"featured","14":"downloadable","15":"virtual","16":"taxable","17":"purchasable","18":"product-type-simple"},"yoast_head":"<!-- This site is optimized with the Yoast SEO plugin v27.2 - https:\/\/yoast.com\/product\/yoast-seo-wordpress\/ -->\n<title>PANACEOLOG\u00cdA An\u00e1lisis Panaceol\u00f3gico de Sue\u00f1os - Panaceology<\/title>\n<meta name=\"robots\" content=\"index, follow, max-snippet:-1, max-image-preview:large, max-video-preview:-1\" \/>\n<link rel=\"canonical\" href=\"https:\/\/panaceology.com\/es\/product\/analisis-panaceologico-de-suenos\/\" \/>\n<meta property=\"og:locale\" content=\"es_ES\" \/>\n<meta property=\"og:type\" content=\"article\" \/>\n<meta property=\"og:title\" content=\"PANACEOLOG\u00cdA An\u00e1lisis Panaceol\u00f3gico de Sue\u00f1os - Panaceology\" \/>\n<meta property=\"og:description\" content=\"An\u00e1lisis Panaceol\u00f3gico de Sue\u00f1os \u2014 El libro que redefine c\u00f3mo entendemos los sue\u00f1os  Durante miles de a\u00f1os, los sue\u00f1os han fascinado a fil\u00f3sofos, m\u00edsticos, cient\u00edficos y buscadores de la verdad. Sin embargo, a pesar de siglos de estudio, ning\u00fan marco ha revelado verdaderamente por qu\u00e9 ocurren los sue\u00f1os, c\u00f3mo est\u00e1n estructurados y qu\u00e9 est\u00e1n dise\u00f1ados para lograr en nuestra vida \u2014 hasta ahora.  Este innovador libro presenta el An\u00e1lisis Panaceol\u00f3gico de Sue\u00f1os, una disciplina cient\u00edfica completamente nueva desarrollada a lo largo de m\u00e1s de tres d\u00e9cadas de investigaci\u00f3n aplicada y estudio emp\u00edrico. No es una adaptaci\u00f3n de la psicolog\u00eda, la neurolog\u00eda ni de la interpretaci\u00f3n on\u00edrica tradicional: es una ciencia estructural de la Estructura Personal Individual (EPI) \u2014 la arquitectura interna oculta en cada persona que configura los acontecimientos vitales, la salud, las relaciones y el camino de la evoluci\u00f3n personal.\" \/>\n<meta property=\"og:url\" content=\"https:\/\/panaceology.com\/es\/product\/analisis-panaceologico-de-suenos\/\" \/>\n<meta property=\"og:site_name\" content=\"Panaceology\" \/>\n<meta property=\"article:modified_time\" content=\"2025-09-09T23:55:28+00:00\" \/>\n<meta property=\"og:image\" content=\"https:\/\/panaceology.com\/wp-content\/uploads\/2025\/09\/Dream_Es_Web.png\" \/>\n\t<meta property=\"og:image:width\" content=\"1210\" \/>\n\t<meta property=\"og:image:height\" content=\"1210\" \/>\n\t<meta property=\"og:image:type\" content=\"image\/png\" \/>\n<meta name=\"twitter:card\" content=\"summary_large_image\" \/>\n<meta name=\"twitter:site\" content=\"@Panaceology\" \/>\n<meta name=\"twitter:label1\" content=\"Tiempo de lectura\" \/>\n\t<meta name=\"twitter:data1\" content=\"2 minutos\" \/>\n<script type=\"application\/ld+json\" class=\"yoast-schema-graph\">{\"@context\":\"https:\/\/schema.org\",\"@graph\":[{\"@type\":\"WebPage\",\"@id\":\"https:\/\/panaceology.com\/es\/product\/analisis-panaceologico-de-suenos\/\",\"url\":\"https:\/\/panaceology.com\/es\/product\/analisis-panaceologico-de-suenos\/\",\"name\":\"PANACEOLOG\u00cdA An\u00e1lisis Panaceol\u00f3gico de Sue\u00f1os - Panaceology\",\"isPartOf\":{\"@id\":\"https:\/\/panaceology.com\/es\/#website\"},\"primaryImageOfPage\":{\"@id\":\"https:\/\/panaceology.com\/es\/product\/analisis-panaceologico-de-suenos\/#primaryimage\"},\"image\":{\"@id\":\"https:\/\/panaceology.com\/es\/product\/analisis-panaceologico-de-suenos\/#primaryimage\"},\"thumbnailUrl\":\"https:\/\/panaceology.com\/wp-content\/uploads\/2025\/09\/Dream_Es_Web.png\",\"datePublished\":\"2025-09-09T23:40:48+00:00\",\"dateModified\":\"2025-09-09T23:55:28+00:00\",\"breadcrumb\":{\"@id\":\"https:\/\/panaceology.com\/es\/product\/analisis-panaceologico-de-suenos\/#breadcrumb\"},\"inLanguage\":\"es\",\"potentialAction\":[{\"@type\":\"ReadAction\",\"target\":[\"https:\/\/panaceology.com\/es\/product\/analisis-panaceologico-de-suenos\/\"]}]},{\"@type\":\"ImageObject\",\"inLanguage\":\"es\",\"@id\":\"https:\/\/panaceology.com\/es\/product\/analisis-panaceologico-de-suenos\/#primaryimage\",\"url\":\"https:\/\/panaceology.com\/wp-content\/uploads\/2025\/09\/Dream_Es_Web.png\",\"contentUrl\":\"https:\/\/panaceology.com\/wp-content\/uploads\/2025\/09\/Dream_Es_Web.png\",\"width\":1210,\"height\":1210},{\"@type\":\"BreadcrumbList\",\"@id\":\"https:\/\/panaceology.com\/es\/product\/analisis-panaceologico-de-suenos\/#breadcrumb\",\"itemListElement\":[{\"@type\":\"ListItem\",\"position\":1,\"name\":\"Home\",\"item\":\"https:\/\/panaceology.com\/es\/inicio\/\"},{\"@type\":\"ListItem\",\"position\":2,\"name\":\"Books\",\"item\":\"https:\/\/panaceology.com\/shop\/\"},{\"@type\":\"ListItem\",\"position\":3,\"name\":\"PANACEOLOG\u00cdA An\u00e1lisis Panaceol\u00f3gico de Sue\u00f1os\"}]},{\"@type\":\"WebSite\",\"@id\":\"https:\/\/panaceology.com\/es\/#website\",\"url\":\"https:\/\/panaceology.com\/es\/\",\"name\":\"Panaceology\",\"description\":\"Uncover the Structural Causes of Your Problems and Diseases Before Confronting Them\",\"publisher\":{\"@id\":\"https:\/\/panaceology.com\/es\/#organization\"},\"alternateName\":\"Panaceological Analysis and Diagnosis\",\"potentialAction\":[{\"@type\":\"SearchAction\",\"target\":{\"@type\":\"EntryPoint\",\"urlTemplate\":\"https:\/\/panaceology.com\/es\/?s={search_term_string}\"},\"query-input\":{\"@type\":\"PropertyValueSpecification\",\"valueRequired\":true,\"valueName\":\"search_term_string\"}}],\"inLanguage\":\"es\"},{\"@type\":\"Organization\",\"@id\":\"https:\/\/panaceology.com\/es\/#organization\",\"name\":\"Panaceology\",\"alternateName\":\"Eld Wills\",\"url\":\"https:\/\/panaceology.com\/es\/\",\"logo\":{\"@type\":\"ImageObject\",\"inLanguage\":\"es\",\"@id\":\"https:\/\/panaceology.com\/es\/#\/schema\/logo\/image\/\",\"url\":\"https:\/\/panaceology.com\/wp-content\/uploads\/2023\/08\/cropped-favicon.png\",\"contentUrl\":\"https:\/\/panaceology.com\/wp-content\/uploads\/2023\/08\/cropped-favicon.png\",\"width\":512,\"height\":512,\"caption\":\"Panaceology\"},\"image\":{\"@id\":\"https:\/\/panaceology.com\/es\/#\/schema\/logo\/image\/\"},\"sameAs\":[\"https:\/\/x.com\/Panaceology\",\"https:\/\/www.linkedin.com\/in\/panaceology\/\"]}]}<\/script>\n<!-- \/ Yoast SEO plugin. -->","yoast_head_json":{"title":"PANACEOLOG\u00cdA An\u00e1lisis Panaceol\u00f3gico de Sue\u00f1os - Panaceology","robots":{"index":"index","follow":"follow","max-snippet":"max-snippet:-1","max-image-preview":"max-image-preview:large","max-video-preview":"max-video-preview:-1"},"canonical":"https:\/\/panaceology.com\/es\/product\/analisis-panaceologico-de-suenos\/","og_locale":"es_ES","og_type":"article","og_title":"PANACEOLOG\u00cdA An\u00e1lisis Panaceol\u00f3gico de Sue\u00f1os - Panaceology","og_description":"An\u00e1lisis Panaceol\u00f3gico de Sue\u00f1os \u2014 El libro que redefine c\u00f3mo entendemos los sue\u00f1os  Durante miles de a\u00f1os, los sue\u00f1os han fascinado a fil\u00f3sofos, m\u00edsticos, cient\u00edficos y buscadores de la verdad. Sin embargo, a pesar de siglos de estudio, ning\u00fan marco ha revelado verdaderamente por qu\u00e9 ocurren los sue\u00f1os, c\u00f3mo est\u00e1n estructurados y qu\u00e9 est\u00e1n dise\u00f1ados para lograr en nuestra vida \u2014 hasta ahora.  Este innovador libro presenta el An\u00e1lisis Panaceol\u00f3gico de Sue\u00f1os, una disciplina cient\u00edfica completamente nueva desarrollada a lo largo de m\u00e1s de tres d\u00e9cadas de investigaci\u00f3n aplicada y estudio emp\u00edrico. No es una adaptaci\u00f3n de la psicolog\u00eda, la neurolog\u00eda ni de la interpretaci\u00f3n on\u00edrica tradicional: es una ciencia estructural de la Estructura Personal Individual (EPI) \u2014 la arquitectura interna oculta en cada persona que configura los acontecimientos vitales, la salud, las relaciones y el camino de la evoluci\u00f3n personal.","og_url":"https:\/\/panaceology.com\/es\/product\/analisis-panaceologico-de-suenos\/","og_site_name":"Panaceology","article_modified_time":"2025-09-09T23:55:28+00:00","og_image":[{"width":1210,"height":1210,"url":"https:\/\/panaceology.com\/wp-content\/uploads\/2025\/09\/Dream_Es_Web.png","type":"image\/png"}],"twitter_card":"summary_large_image","twitter_site":"@Panaceology","twitter_misc":{"Tiempo de lectura":"2 minutos"},"schema":{"@context":"https:\/\/schema.org","@graph":[{"@type":"WebPage","@id":"https:\/\/panaceology.com\/es\/product\/analisis-panaceologico-de-suenos\/","url":"https:\/\/panaceology.com\/es\/product\/analisis-panaceologico-de-suenos\/","name":"PANACEOLOG\u00cdA An\u00e1lisis Panaceol\u00f3gico de Sue\u00f1os - Panaceology","isPartOf":{"@id":"https:\/\/panaceology.com\/es\/#website"},"primaryImageOfPage":{"@id":"https:\/\/panaceology.com\/es\/product\/analisis-panaceologico-de-suenos\/#primaryimage"},"image":{"@id":"https:\/\/panaceology.com\/es\/product\/analisis-panaceologico-de-suenos\/#primaryimage"},"thumbnailUrl":"https:\/\/panaceology.com\/wp-content\/uploads\/2025\/09\/Dream_Es_Web.png","datePublished":"2025-09-09T23:40:48+00:00","dateModified":"2025-09-09T23:55:28+00:00","breadcrumb":{"@id":"https:\/\/panaceology.com\/es\/product\/analisis-panaceologico-de-suenos\/#breadcrumb"},"inLanguage":"es","potentialAction":[{"@type":"ReadAction","target":["https:\/\/panaceology.com\/es\/product\/analisis-panaceologico-de-suenos\/"]}]},{"@type":"ImageObject","inLanguage":"es","@id":"https:\/\/panaceology.com\/es\/product\/analisis-panaceologico-de-suenos\/#primaryimage","url":"https:\/\/panaceology.com\/wp-content\/uploads\/2025\/09\/Dream_Es_Web.png","contentUrl":"https:\/\/panaceology.com\/wp-content\/uploads\/2025\/09\/Dream_Es_Web.png","width":1210,"height":1210},{"@type":"BreadcrumbList","@id":"https:\/\/panaceology.com\/es\/product\/analisis-panaceologico-de-suenos\/#breadcrumb","itemListElement":[{"@type":"ListItem","position":1,"name":"Home","item":"https:\/\/panaceology.com\/es\/inicio\/"},{"@type":"ListItem","position":2,"name":"Books","item":"https:\/\/panaceology.com\/shop\/"},{"@type":"ListItem","position":3,"name":"PANACEOLOG\u00cdA An\u00e1lisis Panaceol\u00f3gico de Sue\u00f1os"}]},{"@type":"WebSite","@id":"https:\/\/panaceology.com\/es\/#website","url":"https:\/\/panaceology.com\/es\/","name":"Panaceology","description":"Uncover the Structural Causes of Your Problems and Diseases Before Confronting Them","publisher":{"@id":"https:\/\/panaceology.com\/es\/#organization"},"alternateName":"Panaceological Analysis and Diagnosis","potentialAction":[{"@type":"SearchAction","target":{"@type":"EntryPoint","urlTemplate":"https:\/\/panaceology.com\/es\/?s={search_term_string}"},"query-input":{"@type":"PropertyValueSpecification","valueRequired":true,"valueName":"search_term_string"}}],"inLanguage":"es"},{"@type":"Organization","@id":"https:\/\/panaceology.com\/es\/#organization","name":"Panaceology","alternateName":"Eld Wills","url":"https:\/\/panaceology.com\/es\/","logo":{"@type":"ImageObject","inLanguage":"es","@id":"https:\/\/panaceology.com\/es\/#\/schema\/logo\/image\/","url":"https:\/\/panaceology.com\/wp-content\/uploads\/2023\/08\/cropped-favicon.png","contentUrl":"https:\/\/panaceology.com\/wp-content\/uploads\/2023\/08\/cropped-favicon.png","width":512,"height":512,"caption":"Panaceology"},"image":{"@id":"https:\/\/panaceology.com\/es\/#\/schema\/logo\/image\/"},"sameAs":["https:\/\/x.com\/Panaceology","https:\/\/www.linkedin.com\/in\/panaceology\/"]}]}},"_links":{"self":[{"href":"https:\/\/panaceology.com\/es\/wp-json\/wp\/v2\/product\/16809","targetHints":{"allow":["GET"]}}],"collection":[{"href":"https:\/\/panaceology.com\/es\/wp-json\/wp\/v2\/product"}],"about":[{"href":"https:\/\/panaceology.com\/es\/wp-json\/wp\/v2\/types\/product"}],"replies":[{"embeddable":true,"href":"https:\/\/panaceology.com\/es\/wp-json\/wp\/v2\/comments?post=16809"}],"version-history":[{"count":1,"href":"https:\/\/panaceology.com\/es\/wp-json\/wp\/v2\/product\/16809\/revisions"}],"predecessor-version":[{"id":16810,"href":"https:\/\/panaceology.com\/es\/wp-json\/wp\/v2\/product\/16809\/revisions\/16810"}],"wp:featuredmedia":[{"embeddable":true,"href":"https:\/\/panaceology.com\/es\/wp-json\/wp\/v2\/media\/16811"}],"wp:attachment":[{"href":"https:\/\/panaceology.com\/es\/wp-json\/wp\/v2\/media?parent=16809"}],"wp:term":[{"taxonomy":"product_brand","embeddable":true,"href":"https:\/\/panaceology.com\/es\/wp-json\/wp\/v2\/product_brand?post=16809"},{"taxonomy":"product_cat","embeddable":true,"href":"https:\/\/panaceology.com\/es\/wp-json\/wp\/v2\/product_cat?post=16809"},{"taxonomy":"product_tag","embeddable":true,"href":"https:\/\/panaceology.com\/es\/wp-json\/wp\/v2\/product_tag?post=16809"}],"curies":[{"name":"wp","href":"https:\/\/api.w.org\/{rel}","templated":true}]}}