{"id":16823,"date":"2024-09-10T01:56:39","date_gmt":"2024-09-09T23:56:39","guid":{"rendered":"https:\/\/panaceology.com\/?post_type=product&#038;p=16823"},"modified":"2025-09-10T02:08:04","modified_gmt":"2025-09-10T00:08:04","slug":"analisis-panaceologico-de-relaciones","status":"publish","type":"product","link":"https:\/\/panaceology.com\/es\/product\/analisis-panaceologico-de-relaciones\/","title":{"rendered":"PANACEOLOG\u00cdA An\u00e1lisis Panaceol\u00f3gico de Relaciones"},"content":{"rendered":"<p><strong>An\u00e1lisis Panaceol\u00f3gico de Relaciones<\/strong><\/p>\n","protected":false},"excerpt":{"rendered":"<p><strong>An\u00e1lisis Panaceol\u00f3gico de Relaciones<\/strong><\/p>\n","protected":false},"featured_media":16824,"comment_status":"closed","ping_status":"closed","template":"","meta":{"give_campaign_id":0,"_bbp_topic_count":0,"_bbp_reply_count":0,"_bbp_total_topic_count":0,"_bbp_total_reply_count":0,"_bbp_voice_count":0,"_bbp_anonymous_reply_count":0,"_bbp_topic_count_hidden":0,"_bbp_reply_count_hidden":0,"_bbp_forum_subforum_count":0,"_price":"65","_stock":"","_tribe_ticket_header":"","_tribe_default_ticket_provider":"","_tribe_ticket_capacity":"0","_ticket_start_date":"","_ticket_end_date":"","_tribe_ticket_show_description":"","_tribe_ticket_show_not_going":false,"_tribe_ticket_use_global_stock":"","_tribe_ticket_global_stock_level":"","_global_stock_mode":"","_global_stock_cap":"","_tribe_rsvp_for_event":"","_tribe_ticket_going_count":"","_tribe_ticket_not_going_count":"","_tribe_tickets_list":"[]","_tribe_ticket_has_attendee_info_fields":false},"product_brand":[],"product_cat":[117],"product_tag":[264,132,265],"class_list":{"0":"post-16823","1":"product","2":"type-product","3":"status-publish","4":"has-post-thumbnail","6":"product_cat-libros","7":"product_tag-analisis-panaceologico-de-relaciones","8":"product_tag-libro-electronico","9":"product_tag-relaciones","11":"first","12":"outofstock","13":"featured","14":"downloadable","15":"virtual","16":"taxable","17":"purchasable","18":"product-type-simple"},"yoast_head":"<!-- This site is optimized with the Yoast SEO plugin v27.2 - https:\/\/yoast.com\/product\/yoast-seo-wordpress\/ -->\n<title>PANACEOLOG\u00cdA An\u00e1lisis Panaceol\u00f3gico de Relaciones - Panaceology<\/title>\n<meta name=\"robots\" content=\"index, follow, max-snippet:-1, max-image-preview:large, max-video-preview:-1\" \/>\n<link rel=\"canonical\" href=\"https:\/\/panaceology.com\/es\/product\/analisis-panaceologico-de-relaciones\/\" \/>\n<meta property=\"og:locale\" content=\"es_ES\" \/>\n<meta property=\"og:type\" content=\"article\" \/>\n<meta property=\"og:title\" content=\"PANACEOLOG\u00cdA An\u00e1lisis Panaceol\u00f3gico de Relaciones - Panaceology\" \/>\n<meta property=\"og:description\" content=\"An\u00e1lisis Panaceol\u00f3gico de Relaciones\" \/>\n<meta property=\"og:url\" content=\"https:\/\/panaceology.com\/es\/product\/analisis-panaceologico-de-relaciones\/\" \/>\n<meta property=\"og:site_name\" content=\"Panaceology\" \/>\n<meta property=\"article:modified_time\" content=\"2025-09-10T00:08:04+00:00\" \/>\n<meta property=\"og:image\" content=\"https:\/\/panaceology.com\/wp-content\/uploads\/2025\/09\/Relationship_Es_Web.png\" \/>\n\t<meta property=\"og:image:width\" content=\"1210\" \/>\n\t<meta property=\"og:image:height\" content=\"1210\" \/>\n\t<meta property=\"og:image:type\" content=\"image\/png\" \/>\n<meta name=\"twitter:card\" content=\"summary_large_image\" \/>\n<meta name=\"twitter:site\" content=\"@Panaceology\" \/>\n<meta name=\"twitter:label1\" content=\"Tiempo de lectura\" \/>\n\t<meta name=\"twitter:data1\" content=\"1 minuto\" \/>\n<script type=\"application\/ld+json\" class=\"yoast-schema-graph\">{\"@context\":\"https:\/\/schema.org\",\"@graph\":[{\"@type\":\"WebPage\",\"@id\":\"https:\/\/panaceology.com\/es\/product\/analisis-panaceologico-de-relaciones\/\",\"url\":\"https:\/\/panaceology.com\/es\/product\/analisis-panaceologico-de-relaciones\/\",\"name\":\"PANACEOLOG\u00cdA An\u00e1lisis Panaceol\u00f3gico de Relaciones - Panaceology\",\"isPartOf\":{\"@id\":\"https:\/\/panaceology.com\/es\/#website\"},\"primaryImageOfPage\":{\"@id\":\"https:\/\/panaceology.com\/es\/product\/analisis-panaceologico-de-relaciones\/#primaryimage\"},\"image\":{\"@id\":\"https:\/\/panaceology.com\/es\/product\/analisis-panaceologico-de-relaciones\/#primaryimage\"},\"thumbnailUrl\":\"https:\/\/panaceology.com\/wp-content\/uploads\/2025\/09\/Relationship_Es_Web.png\",\"datePublished\":\"2024-09-09T23:56:39+00:00\",\"dateModified\":\"2025-09-10T00:08:04+00:00\",\"breadcrumb\":{\"@id\":\"https:\/\/panaceology.com\/es\/product\/analisis-panaceologico-de-relaciones\/#breadcrumb\"},\"inLanguage\":\"es\",\"potentialAction\":[{\"@type\":\"ReadAction\",\"target\":[\"https:\/\/panaceology.com\/es\/product\/analisis-panaceologico-de-relaciones\/\"]}]},{\"@type\":\"ImageObject\",\"inLanguage\":\"es\",\"@id\":\"https:\/\/panaceology.com\/es\/product\/analisis-panaceologico-de-relaciones\/#primaryimage\",\"url\":\"https:\/\/panaceology.com\/wp-content\/uploads\/2025\/09\/Relationship_Es_Web.png\",\"contentUrl\":\"https:\/\/panaceology.com\/wp-content\/uploads\/2025\/09\/Relationship_Es_Web.png\",\"width\":1210,\"height\":1210},{\"@type\":\"BreadcrumbList\",\"@id\":\"https:\/\/panaceology.com\/es\/product\/analisis-panaceologico-de-relaciones\/#breadcrumb\",\"itemListElement\":[{\"@type\":\"ListItem\",\"position\":1,\"name\":\"Home\",\"item\":\"https:\/\/panaceology.com\/es\/inicio\/\"},{\"@type\":\"ListItem\",\"position\":2,\"name\":\"Books\",\"item\":\"https:\/\/panaceology.com\/shop\/\"},{\"@type\":\"ListItem\",\"position\":3,\"name\":\"PANACEOLOG\u00cdA An\u00e1lisis Panaceol\u00f3gico de Relaciones\"}]},{\"@type\":\"WebSite\",\"@id\":\"https:\/\/panaceology.com\/es\/#website\",\"url\":\"https:\/\/panaceology.com\/es\/\",\"name\":\"Panaceology\",\"description\":\"Uncover the Structural Causes of Your Problems and Diseases Before Confronting Them\",\"publisher\":{\"@id\":\"https:\/\/panaceology.com\/es\/#organization\"},\"alternateName\":\"Panaceological Analysis and Diagnosis\",\"potentialAction\":[{\"@type\":\"SearchAction\",\"target\":{\"@type\":\"EntryPoint\",\"urlTemplate\":\"https:\/\/panaceology.com\/es\/?s={search_term_string}\"},\"query-input\":{\"@type\":\"PropertyValueSpecification\",\"valueRequired\":true,\"valueName\":\"search_term_string\"}}],\"inLanguage\":\"es\"},{\"@type\":\"Organization\",\"@id\":\"https:\/\/panaceology.com\/es\/#organization\",\"name\":\"Panaceology\",\"alternateName\":\"Eld Wills\",\"url\":\"https:\/\/panaceology.com\/es\/\",\"logo\":{\"@type\":\"ImageObject\",\"inLanguage\":\"es\",\"@id\":\"https:\/\/panaceology.com\/es\/#\/schema\/logo\/image\/\",\"url\":\"https:\/\/panaceology.com\/wp-content\/uploads\/2023\/08\/cropped-favicon.png\",\"contentUrl\":\"https:\/\/panaceology.com\/wp-content\/uploads\/2023\/08\/cropped-favicon.png\",\"width\":512,\"height\":512,\"caption\":\"Panaceology\"},\"image\":{\"@id\":\"https:\/\/panaceology.com\/es\/#\/schema\/logo\/image\/\"},\"sameAs\":[\"https:\/\/x.com\/Panaceology\",\"https:\/\/www.linkedin.com\/in\/panaceology\/\"]}]}<\/script>\n<!-- \/ Yoast SEO plugin. -->","yoast_head_json":{"title":"PANACEOLOG\u00cdA An\u00e1lisis Panaceol\u00f3gico de Relaciones - Panaceology","robots":{"index":"index","follow":"follow","max-snippet":"max-snippet:-1","max-image-preview":"max-image-preview:large","max-video-preview":"max-video-preview:-1"},"canonical":"https:\/\/panaceology.com\/es\/product\/analisis-panaceologico-de-relaciones\/","og_locale":"es_ES","og_type":"article","og_title":"PANACEOLOG\u00cdA An\u00e1lisis Panaceol\u00f3gico de Relaciones - Panaceology","og_description":"An\u00e1lisis Panaceol\u00f3gico de Relaciones","og_url":"https:\/\/panaceology.com\/es\/product\/analisis-panaceologico-de-relaciones\/","og_site_name":"Panaceology","article_modified_time":"2025-09-10T00:08:04+00:00","og_image":[{"width":1210,"height":1210,"url":"https:\/\/panaceology.com\/wp-content\/uploads\/2025\/09\/Relationship_Es_Web.png","type":"image\/png"}],"twitter_card":"summary_large_image","twitter_site":"@Panaceology","twitter_misc":{"Tiempo de lectura":"1 minuto"},"schema":{"@context":"https:\/\/schema.org","@graph":[{"@type":"WebPage","@id":"https:\/\/panaceology.com\/es\/product\/analisis-panaceologico-de-relaciones\/","url":"https:\/\/panaceology.com\/es\/product\/analisis-panaceologico-de-relaciones\/","name":"PANACEOLOG\u00cdA An\u00e1lisis Panaceol\u00f3gico de Relaciones - Panaceology","isPartOf":{"@id":"https:\/\/panaceology.com\/es\/#website"},"primaryImageOfPage":{"@id":"https:\/\/panaceology.com\/es\/product\/analisis-panaceologico-de-relaciones\/#primaryimage"},"image":{"@id":"https:\/\/panaceology.com\/es\/product\/analisis-panaceologico-de-relaciones\/#primaryimage"},"thumbnailUrl":"https:\/\/panaceology.com\/wp-content\/uploads\/2025\/09\/Relationship_Es_Web.png","datePublished":"2024-09-09T23:56:39+00:00","dateModified":"2025-09-10T00:08:04+00:00","breadcrumb":{"@id":"https:\/\/panaceology.com\/es\/product\/analisis-panaceologico-de-relaciones\/#breadcrumb"},"inLanguage":"es","potentialAction":[{"@type":"ReadAction","target":["https:\/\/panaceology.com\/es\/product\/analisis-panaceologico-de-relaciones\/"]}]},{"@type":"ImageObject","inLanguage":"es","@id":"https:\/\/panaceology.com\/es\/product\/analisis-panaceologico-de-relaciones\/#primaryimage","url":"https:\/\/panaceology.com\/wp-content\/uploads\/2025\/09\/Relationship_Es_Web.png","contentUrl":"https:\/\/panaceology.com\/wp-content\/uploads\/2025\/09\/Relationship_Es_Web.png","width":1210,"height":1210},{"@type":"BreadcrumbList","@id":"https:\/\/panaceology.com\/es\/product\/analisis-panaceologico-de-relaciones\/#breadcrumb","itemListElement":[{"@type":"ListItem","position":1,"name":"Home","item":"https:\/\/panaceology.com\/es\/inicio\/"},{"@type":"ListItem","position":2,"name":"Books","item":"https:\/\/panaceology.com\/shop\/"},{"@type":"ListItem","position":3,"name":"PANACEOLOG\u00cdA An\u00e1lisis Panaceol\u00f3gico de Relaciones"}]},{"@type":"WebSite","@id":"https:\/\/panaceology.com\/es\/#website","url":"https:\/\/panaceology.com\/es\/","name":"Panaceology","description":"Uncover the Structural Causes of Your Problems and Diseases Before Confronting Them","publisher":{"@id":"https:\/\/panaceology.com\/es\/#organization"},"alternateName":"Panaceological Analysis and Diagnosis","potentialAction":[{"@type":"SearchAction","target":{"@type":"EntryPoint","urlTemplate":"https:\/\/panaceology.com\/es\/?s={search_term_string}"},"query-input":{"@type":"PropertyValueSpecification","valueRequired":true,"valueName":"search_term_string"}}],"inLanguage":"es"},{"@type":"Organization","@id":"https:\/\/panaceology.com\/es\/#organization","name":"Panaceology","alternateName":"Eld Wills","url":"https:\/\/panaceology.com\/es\/","logo":{"@type":"ImageObject","inLanguage":"es","@id":"https:\/\/panaceology.com\/es\/#\/schema\/logo\/image\/","url":"https:\/\/panaceology.com\/wp-content\/uploads\/2023\/08\/cropped-favicon.png","contentUrl":"https:\/\/panaceology.com\/wp-content\/uploads\/2023\/08\/cropped-favicon.png","width":512,"height":512,"caption":"Panaceology"},"image":{"@id":"https:\/\/panaceology.com\/es\/#\/schema\/logo\/image\/"},"sameAs":["https:\/\/x.com\/Panaceology","https:\/\/www.linkedin.com\/in\/panaceology\/"]}]}},"_links":{"self":[{"href":"https:\/\/panaceology.com\/es\/wp-json\/wp\/v2\/product\/16823","targetHints":{"allow":["GET"]}}],"collection":[{"href":"https:\/\/panaceology.com\/es\/wp-json\/wp\/v2\/product"}],"about":[{"href":"https:\/\/panaceology.com\/es\/wp-json\/wp\/v2\/types\/product"}],"replies":[{"embeddable":true,"href":"https:\/\/panaceology.com\/es\/wp-json\/wp\/v2\/comments?post=16823"}],"version-history":[{"count":1,"href":"https:\/\/panaceology.com\/es\/wp-json\/wp\/v2\/product\/16823\/revisions"}],"predecessor-version":[{"id":16833,"href":"https:\/\/panaceology.com\/es\/wp-json\/wp\/v2\/product\/16823\/revisions\/16833"}],"wp:featuredmedia":[{"embeddable":true,"href":"https:\/\/panaceology.com\/es\/wp-json\/wp\/v2\/media\/16824"}],"wp:attachment":[{"href":"https:\/\/panaceology.com\/es\/wp-json\/wp\/v2\/media?parent=16823"}],"wp:term":[{"taxonomy":"product_brand","embeddable":true,"href":"https:\/\/panaceology.com\/es\/wp-json\/wp\/v2\/product_brand?post=16823"},{"taxonomy":"product_cat","embeddable":true,"href":"https:\/\/panaceology.com\/es\/wp-json\/wp\/v2\/product_cat?post=16823"},{"taxonomy":"product_tag","embeddable":true,"href":"https:\/\/panaceology.com\/es\/wp-json\/wp\/v2\/product_tag?post=16823"}],"curies":[{"name":"wp","href":"https:\/\/api.w.org\/{rel}","templated":true}]}}