{"id":8176,"date":"2023-09-01T06:23:54","date_gmt":"2023-09-01T04:23:54","guid":{"rendered":"https:\/\/panaceology.com\/product\/panacea-libro-electronico\/"},"modified":"2025-09-10T01:38:29","modified_gmt":"2025-09-09T23:38:29","slug":"panacea-e-libro","status":"publish","type":"product","link":"https:\/\/panaceology.com\/es\/product\/panacea-e-libro\/","title":{"rendered":"PANACEOLOG\u00cdA"},"content":{"rendered":"<p>Este libro presenta la exploraci\u00f3n no s\u00f3lo del significado de \u00abPanacea\u00bb, sino que tambi\u00e9n proporciona una comprensi\u00f3n pr\u00e1ctica del m\u00e9todo definitivo para resolver todos los males y enfermedades, tanto de cada individuo como de la humanidad en su conjunto.<\/p>\n","protected":false},"excerpt":{"rendered":"<p>Este libro presenta la exploraci\u00f3n no s\u00f3lo del significado de \u00abPanacea\u00bb, sino que tambi\u00e9n proporciona una comprensi\u00f3n pr\u00e1ctica del m\u00e9todo definitivo para resolver todos los males y enfermedades, tanto de cada individuo como de la humanidad en su conjunto.<\/p>\n","protected":false},"featured_media":16800,"comment_status":"closed","ping_status":"closed","template":"","meta":{"give_campaign_id":0,"_bbp_topic_count":0,"_bbp_reply_count":0,"_bbp_total_topic_count":0,"_bbp_total_reply_count":0,"_bbp_voice_count":0,"_bbp_anonymous_reply_count":0,"_bbp_topic_count_hidden":0,"_bbp_reply_count_hidden":0,"_bbp_forum_subforum_count":0,"_price":"65","_stock":"","_tribe_ticket_header":"","_tribe_default_ticket_provider":"","_tribe_ticket_capacity":"2","_ticket_start_date":"","_ticket_end_date":"","_tribe_ticket_show_description":"","_tribe_ticket_show_not_going":false,"_tribe_ticket_use_global_stock":"","_tribe_ticket_global_stock_level":"","_global_stock_mode":"","_global_stock_cap":"","_tribe_rsvp_for_event":"","_tribe_ticket_going_count":"","_tribe_ticket_not_going_count":"","_tribe_tickets_list":"[]","_tribe_ticket_has_attendee_info_fields":false},"product_brand":[],"product_cat":[117],"product_tag":[132,149],"class_list":{"0":"post-8176","1":"product","2":"type-product","3":"status-publish","4":"has-post-thumbnail","6":"product_cat-libros","7":"product_tag-libro-electronico","8":"product_tag-panacea-es","10":"first","11":"outofstock","12":"featured","13":"downloadable","14":"virtual","15":"taxable","16":"purchasable","17":"product-type-simple"},"yoast_head":"<!-- This site is optimized with the Yoast SEO plugin v27.2 - https:\/\/yoast.com\/product\/yoast-seo-wordpress\/ -->\n<title>PANACEOLOG\u00cdA - Panaceology<\/title>\n<meta name=\"robots\" content=\"index, follow, max-snippet:-1, max-image-preview:large, max-video-preview:-1\" \/>\n<link rel=\"canonical\" href=\"https:\/\/panaceology.com\/es\/product\/panacea-e-libro\/\" \/>\n<meta property=\"og:locale\" content=\"es_ES\" \/>\n<meta property=\"og:type\" content=\"article\" \/>\n<meta property=\"og:title\" content=\"PANACEOLOG\u00cdA - Panaceology\" \/>\n<meta property=\"og:description\" content=\"Este libro presenta la exploraci\u00f3n no s\u00f3lo del significado de &quot;Panacea&quot;, sino que tambi\u00e9n proporciona una comprensi\u00f3n pr\u00e1ctica del m\u00e9todo definitivo para resolver todos los males y enfermedades, tanto de cada individuo como de la humanidad en su conjunto.\" \/>\n<meta property=\"og:url\" content=\"https:\/\/panaceology.com\/es\/product\/panacea-e-libro\/\" \/>\n<meta property=\"og:site_name\" content=\"Panaceology\" \/>\n<meta property=\"article:modified_time\" content=\"2025-09-09T23:38:29+00:00\" \/>\n<meta property=\"og:image\" content=\"https:\/\/panaceology.com\/wp-content\/uploads\/2023\/09\/PANACEOLOGY_Es_Web.png\" \/>\n\t<meta property=\"og:image:width\" content=\"1210\" \/>\n\t<meta property=\"og:image:height\" content=\"1210\" \/>\n\t<meta property=\"og:image:type\" content=\"image\/png\" \/>\n<meta name=\"twitter:card\" content=\"summary_large_image\" \/>\n<meta name=\"twitter:site\" content=\"@Panaceology\" \/>\n<meta name=\"twitter:label1\" content=\"Tiempo de lectura\" \/>\n\t<meta name=\"twitter:data1\" content=\"1 minuto\" \/>\n<script type=\"application\/ld+json\" class=\"yoast-schema-graph\">{\"@context\":\"https:\/\/schema.org\",\"@graph\":[{\"@type\":\"WebPage\",\"@id\":\"https:\/\/panaceology.com\/es\/product\/panacea-e-libro\/\",\"url\":\"https:\/\/panaceology.com\/es\/product\/panacea-e-libro\/\",\"name\":\"PANACEOLOG\u00cdA - Panaceology\",\"isPartOf\":{\"@id\":\"https:\/\/panaceology.com\/es\/#website\"},\"primaryImageOfPage\":{\"@id\":\"https:\/\/panaceology.com\/es\/product\/panacea-e-libro\/#primaryimage\"},\"image\":{\"@id\":\"https:\/\/panaceology.com\/es\/product\/panacea-e-libro\/#primaryimage\"},\"thumbnailUrl\":\"https:\/\/panaceology.com\/wp-content\/uploads\/2023\/09\/PANACEOLOGY_Es_Web.png\",\"datePublished\":\"2023-09-01T04:23:54+00:00\",\"dateModified\":\"2025-09-09T23:38:29+00:00\",\"breadcrumb\":{\"@id\":\"https:\/\/panaceology.com\/es\/product\/panacea-e-libro\/#breadcrumb\"},\"inLanguage\":\"es\",\"potentialAction\":[{\"@type\":\"ReadAction\",\"target\":[\"https:\/\/panaceology.com\/es\/product\/panacea-e-libro\/\"]}]},{\"@type\":\"ImageObject\",\"inLanguage\":\"es\",\"@id\":\"https:\/\/panaceology.com\/es\/product\/panacea-e-libro\/#primaryimage\",\"url\":\"https:\/\/panaceology.com\/wp-content\/uploads\/2023\/09\/PANACEOLOGY_Es_Web.png\",\"contentUrl\":\"https:\/\/panaceology.com\/wp-content\/uploads\/2023\/09\/PANACEOLOGY_Es_Web.png\",\"width\":1210,\"height\":1210},{\"@type\":\"BreadcrumbList\",\"@id\":\"https:\/\/panaceology.com\/es\/product\/panacea-e-libro\/#breadcrumb\",\"itemListElement\":[{\"@type\":\"ListItem\",\"position\":1,\"name\":\"Home\",\"item\":\"https:\/\/panaceology.com\/es\/inicio\/\"},{\"@type\":\"ListItem\",\"position\":2,\"name\":\"Books\",\"item\":\"https:\/\/panaceology.com\/shop\/\"},{\"@type\":\"ListItem\",\"position\":3,\"name\":\"PANACEOLOG\u00cdA\"}]},{\"@type\":\"WebSite\",\"@id\":\"https:\/\/panaceology.com\/es\/#website\",\"url\":\"https:\/\/panaceology.com\/es\/\",\"name\":\"Panaceology\",\"description\":\"Uncover the Structural Causes of Your Problems and Diseases Before Confronting Them\",\"publisher\":{\"@id\":\"https:\/\/panaceology.com\/es\/#organization\"},\"alternateName\":\"Panaceological Analysis and Diagnosis\",\"potentialAction\":[{\"@type\":\"SearchAction\",\"target\":{\"@type\":\"EntryPoint\",\"urlTemplate\":\"https:\/\/panaceology.com\/es\/?s={search_term_string}\"},\"query-input\":{\"@type\":\"PropertyValueSpecification\",\"valueRequired\":true,\"valueName\":\"search_term_string\"}}],\"inLanguage\":\"es\"},{\"@type\":\"Organization\",\"@id\":\"https:\/\/panaceology.com\/es\/#organization\",\"name\":\"Panaceology\",\"alternateName\":\"Eld Wills\",\"url\":\"https:\/\/panaceology.com\/es\/\",\"logo\":{\"@type\":\"ImageObject\",\"inLanguage\":\"es\",\"@id\":\"https:\/\/panaceology.com\/es\/#\/schema\/logo\/image\/\",\"url\":\"https:\/\/panaceology.com\/wp-content\/uploads\/2023\/08\/cropped-favicon.png\",\"contentUrl\":\"https:\/\/panaceology.com\/wp-content\/uploads\/2023\/08\/cropped-favicon.png\",\"width\":512,\"height\":512,\"caption\":\"Panaceology\"},\"image\":{\"@id\":\"https:\/\/panaceology.com\/es\/#\/schema\/logo\/image\/\"},\"sameAs\":[\"https:\/\/x.com\/Panaceology\",\"https:\/\/www.linkedin.com\/in\/panaceology\/\"]}]}<\/script>\n<!-- \/ Yoast SEO plugin. -->","yoast_head_json":{"title":"PANACEOLOG\u00cdA - Panaceology","robots":{"index":"index","follow":"follow","max-snippet":"max-snippet:-1","max-image-preview":"max-image-preview:large","max-video-preview":"max-video-preview:-1"},"canonical":"https:\/\/panaceology.com\/es\/product\/panacea-e-libro\/","og_locale":"es_ES","og_type":"article","og_title":"PANACEOLOG\u00cdA - Panaceology","og_description":"Este libro presenta la exploraci\u00f3n no s\u00f3lo del significado de \"Panacea\", sino que tambi\u00e9n proporciona una comprensi\u00f3n pr\u00e1ctica del m\u00e9todo definitivo para resolver todos los males y enfermedades, tanto de cada individuo como de la humanidad en su conjunto.","og_url":"https:\/\/panaceology.com\/es\/product\/panacea-e-libro\/","og_site_name":"Panaceology","article_modified_time":"2025-09-09T23:38:29+00:00","og_image":[{"width":1210,"height":1210,"url":"https:\/\/panaceology.com\/wp-content\/uploads\/2023\/09\/PANACEOLOGY_Es_Web.png","type":"image\/png"}],"twitter_card":"summary_large_image","twitter_site":"@Panaceology","twitter_misc":{"Tiempo de lectura":"1 minuto"},"schema":{"@context":"https:\/\/schema.org","@graph":[{"@type":"WebPage","@id":"https:\/\/panaceology.com\/es\/product\/panacea-e-libro\/","url":"https:\/\/panaceology.com\/es\/product\/panacea-e-libro\/","name":"PANACEOLOG\u00cdA - Panaceology","isPartOf":{"@id":"https:\/\/panaceology.com\/es\/#website"},"primaryImageOfPage":{"@id":"https:\/\/panaceology.com\/es\/product\/panacea-e-libro\/#primaryimage"},"image":{"@id":"https:\/\/panaceology.com\/es\/product\/panacea-e-libro\/#primaryimage"},"thumbnailUrl":"https:\/\/panaceology.com\/wp-content\/uploads\/2023\/09\/PANACEOLOGY_Es_Web.png","datePublished":"2023-09-01T04:23:54+00:00","dateModified":"2025-09-09T23:38:29+00:00","breadcrumb":{"@id":"https:\/\/panaceology.com\/es\/product\/panacea-e-libro\/#breadcrumb"},"inLanguage":"es","potentialAction":[{"@type":"ReadAction","target":["https:\/\/panaceology.com\/es\/product\/panacea-e-libro\/"]}]},{"@type":"ImageObject","inLanguage":"es","@id":"https:\/\/panaceology.com\/es\/product\/panacea-e-libro\/#primaryimage","url":"https:\/\/panaceology.com\/wp-content\/uploads\/2023\/09\/PANACEOLOGY_Es_Web.png","contentUrl":"https:\/\/panaceology.com\/wp-content\/uploads\/2023\/09\/PANACEOLOGY_Es_Web.png","width":1210,"height":1210},{"@type":"BreadcrumbList","@id":"https:\/\/panaceology.com\/es\/product\/panacea-e-libro\/#breadcrumb","itemListElement":[{"@type":"ListItem","position":1,"name":"Home","item":"https:\/\/panaceology.com\/es\/inicio\/"},{"@type":"ListItem","position":2,"name":"Books","item":"https:\/\/panaceology.com\/shop\/"},{"@type":"ListItem","position":3,"name":"PANACEOLOG\u00cdA"}]},{"@type":"WebSite","@id":"https:\/\/panaceology.com\/es\/#website","url":"https:\/\/panaceology.com\/es\/","name":"Panaceology","description":"Uncover the Structural Causes of Your Problems and Diseases Before Confronting Them","publisher":{"@id":"https:\/\/panaceology.com\/es\/#organization"},"alternateName":"Panaceological Analysis and Diagnosis","potentialAction":[{"@type":"SearchAction","target":{"@type":"EntryPoint","urlTemplate":"https:\/\/panaceology.com\/es\/?s={search_term_string}"},"query-input":{"@type":"PropertyValueSpecification","valueRequired":true,"valueName":"search_term_string"}}],"inLanguage":"es"},{"@type":"Organization","@id":"https:\/\/panaceology.com\/es\/#organization","name":"Panaceology","alternateName":"Eld Wills","url":"https:\/\/panaceology.com\/es\/","logo":{"@type":"ImageObject","inLanguage":"es","@id":"https:\/\/panaceology.com\/es\/#\/schema\/logo\/image\/","url":"https:\/\/panaceology.com\/wp-content\/uploads\/2023\/08\/cropped-favicon.png","contentUrl":"https:\/\/panaceology.com\/wp-content\/uploads\/2023\/08\/cropped-favicon.png","width":512,"height":512,"caption":"Panaceology"},"image":{"@id":"https:\/\/panaceology.com\/es\/#\/schema\/logo\/image\/"},"sameAs":["https:\/\/x.com\/Panaceology","https:\/\/www.linkedin.com\/in\/panaceology\/"]}]}},"_links":{"self":[{"href":"https:\/\/panaceology.com\/es\/wp-json\/wp\/v2\/product\/8176","targetHints":{"allow":["GET"]}}],"collection":[{"href":"https:\/\/panaceology.com\/es\/wp-json\/wp\/v2\/product"}],"about":[{"href":"https:\/\/panaceology.com\/es\/wp-json\/wp\/v2\/types\/product"}],"replies":[{"embeddable":true,"href":"https:\/\/panaceology.com\/es\/wp-json\/wp\/v2\/comments?post=8176"}],"version-history":[{"count":3,"href":"https:\/\/panaceology.com\/es\/wp-json\/wp\/v2\/product\/8176\/revisions"}],"predecessor-version":[{"id":14323,"href":"https:\/\/panaceology.com\/es\/wp-json\/wp\/v2\/product\/8176\/revisions\/14323"}],"wp:featuredmedia":[{"embeddable":true,"href":"https:\/\/panaceology.com\/es\/wp-json\/wp\/v2\/media\/16800"}],"wp:attachment":[{"href":"https:\/\/panaceology.com\/es\/wp-json\/wp\/v2\/media?parent=8176"}],"wp:term":[{"taxonomy":"product_brand","embeddable":true,"href":"https:\/\/panaceology.com\/es\/wp-json\/wp\/v2\/product_brand?post=8176"},{"taxonomy":"product_cat","embeddable":true,"href":"https:\/\/panaceology.com\/es\/wp-json\/wp\/v2\/product_cat?post=8176"},{"taxonomy":"product_tag","embeddable":true,"href":"https:\/\/panaceology.com\/es\/wp-json\/wp\/v2\/product_tag?post=8176"}],"curies":[{"name":"wp","href":"https:\/\/api.w.org\/{rel}","templated":true}]}}