{"id":7851,"date":"2023-05-29T19:51:36","date_gmt":"2023-05-29T17:51:36","guid":{"rendered":"https:\/\/panaceology.com\/tous-les-services\/"},"modified":"2025-09-09T00:41:16","modified_gmt":"2025-09-08T22:41:16","slug":"tous-les-services","status":"publish","type":"page","link":"https:\/\/panaceology.com\/fr\/tous-les-services\/","title":{"rendered":"Tous les services"},"content":{"rendered":"\t\t<div data-elementor-type=\"wp-page\" data-elementor-id=\"7851\" class=\"elementor elementor-7851\">\n\t\t\t\t\t\t<section class=\"elementor-section elementor-top-section elementor-element elementor-element-84d15a3 scheme_third_default elementor-section-boxed elementor-section-height-default elementor-section-height-default sc_fly_static\" data-id=\"84d15a3\" data-element_type=\"section\" data-e-type=\"section\" data-settings=\"{&quot;background_background&quot;:&quot;classic&quot;}\">\n\t\t\t\t\t\t<div class=\"elementor-container elementor-column-gap-extended\">\n\t\t\t\t\t<div class=\"elementor-column elementor-col-100 elementor-top-column elementor-element elementor-element-87bcf64 sc_content_align_center sc_layouts_column_align_center sc_layouts_column sc_layouts_column_icons_position_left sc_fly_static\" data-id=\"87bcf64\" data-element_type=\"column\" data-e-type=\"column\">\n\t\t\t<div class=\"elementor-widget-wrap elementor-element-populated\">\n\t\t\t\t\t\t<div class=\"elementor-element elementor-element-aef62dc sc_height_large sc_fly_static elementor-widget elementor-widget-spacer\" data-id=\"aef62dc\" data-element_type=\"widget\" data-e-type=\"widget\" data-widget_type=\"spacer.default\">\n\t\t\t\t<div class=\"elementor-widget-container\">\n\t\t\t\t\t\t\t<div class=\"elementor-spacer\">\n\t\t\t<div class=\"elementor-spacer-inner\"><\/div>\n\t\t<\/div>\n\t\t\t\t\t\t<\/div>\n\t\t\t\t<\/div>\n\t\t\t\t<div class=\"elementor-element elementor-element-07fc75b elementor-widget__width-initial sc_fly_static elementor-widget elementor-widget-trx_sc_title\" data-id=\"07fc75b\" data-element_type=\"widget\" data-e-type=\"widget\" data-widget_type=\"trx_sc_title.default\">\n\t\t\t\t<div class=\"elementor-widget-container\">\n\t\t\t\t\t<div\t\tclass=\"sc_title sc_title_accent\" ><h1 class=\"sc_item_title sc_title_title sc_item_title_style_accent sc_item_title_tag\"\n\t\t\t><span class=\"sc_item_title_inner\"><span class=\"sc_item_title_text\">Champs d\u2019expertise panac\u00e9ologique<\/span><span class=\"sc_item_subtitle sc_title_subtitle sc_align_center sc_item_subtitle_below sc_item_title_style_accent\">ANALYSE ET DIAGNOSTIC PANAC\u00c9OLOGIQUES<\/span><\/span><\/h1><div class=\"sc_item_descr sc_title_descr\"><p>Une approche <span class=\"trx_addons_tooltip\" data-tooltip-text=\"''En savoir plus sur \u00ab Panac\u00e9e \u00bb dans la FAQ.''\">panac\u00e9ologique<\/span> exclusive, fond\u00e9e sur l\u2019analyse et le diagnostic de la <span class=\"trx_addons_tooltip\" data-tooltip-text=\"''En savoir plus sur la \u00ab Structure Personnelle Individuelle \u00bb dans la FAQ.''\">Structure Personnelle Individuelle (SPI)<\/span>. L\u2019objectif est d\u2019identifier les causes structurelles des probl\u00e8mes r\u00e9currents et des maladies, puis d\u2019\u00e9laborer des strat\u00e9gies adapt\u00e9es permettant de restaurer le bien-\u00eatre et de clarifier les v\u00e9ritables objectifs int\u00e9rieurs.<\/p>\n<\/div><\/div>\t\t\t\t<\/div>\n\t\t\t\t<\/div>\n\t\t\t\t<div class=\"elementor-element elementor-element-44de586 sc_fly_static elementor-widget elementor-widget-spacer\" data-id=\"44de586\" data-element_type=\"widget\" data-e-type=\"widget\" data-widget_type=\"spacer.default\">\n\t\t\t\t<div class=\"elementor-widget-container\">\n\t\t\t\t\t\t\t<div class=\"elementor-spacer\">\n\t\t\t<div class=\"elementor-spacer-inner\"><\/div>\n\t\t<\/div>\n\t\t\t\t\t\t<\/div>\n\t\t\t\t<\/div>\n\t\t\t\t<div class=\"elementor-element elementor-element-17d56d9 sc_fly_static elementor-widget elementor-widget-trx_sc_services\" data-id=\"17d56d9\" data-element_type=\"widget\" data-e-type=\"widget\" data-widget_type=\"trx_sc_services.default\">\n\t\t\t\t<div class=\"elementor-widget-container\">\n\t\t\t\t\t<div class=\"sc_services sc_services_default sc_services_featured_top\"><div class=\"sc_services_columns_wrap sc_item_columns sc_item_posts_container sc_item_columns_3 trx_addons_columns_wrap columns_padding_bottom columns_in_single_row\"><div class=\"trx_addons_column-1_3\"><div data-post-id=\"8834\" class=\"sc_services_item sc_item_container post_container with_content with_image sc_services_item_featured_top post-8834 cpt_services type-cpt_services status-publish has-post-thumbnail hentry\" data-item-number=\"1\"\r\n>\r\n\t<div class=\"post_featured with_thumb hover_link sc_services_item_thumb\"><img fetchpriority=\"high\" decoding=\"async\" width=\"890\" height=\"664\" src=\"https:\/\/panaceology.com\/wp-content\/uploads\/2023\/05\/problems-890x664.jpg\" class=\"attachment-cloe-brooks-thumb-square size-cloe-brooks-thumb-square wp-post-image\" alt=\"\" \/>\t\t\t\t\t\t<div class=\"mask\"><\/div>\r\n\t\t\t\t\t\t<a class=\"post_link sc_services_item_link\" href=\"https:\/\/panaceology.com\/fr\/services\/problemes\/\"><\/a>\t\t\t<a href=\"https:\/\/panaceology.com\/fr\/services\/problemes\/\"  aria-hidden=\"true\" class=\"link\"><\/a>\r\n\t\t\t<\/div>\t\r\n\t<div class=\"sc_services_item_info\">\r\n\t\t\t\t<div class=\"sc_services_item_header\">\r\n\t\t\t\t\t\t<h4 class=\"sc_services_item_title entry-title\"><a href=\"https:\/\/panaceology.com\/fr\/services\/problemes\/\">Probl\u00e8mes<\/a><\/h4>\r\n\t\t\t\t\t<\/div>\r\n\t\t                    <div class=\"sc_services_item_content\"><h6><span class=\"trx_addons_dark\" style=\"color: #333333;\">Analyse panac\u00e9ologique et diagnostic des causes de probl\u00e8mes<\/span><\/h6>\n<p style=\"text-align: center;\"><strong>Ma pratique est bas\u00e9e sur l&rsquo;analyse panac\u00e9ologique et le diagnostic des structures personnelles individuelles, ainsi que sur les causes de leurs motivations et de leurs influences sur la formation des circonstances qui contribuent \u00e0 l&rsquo;apparition des probl\u00e8mes.<\/strong><\/p>\n<p>&nbsp;<\/p>\n<\/div><div class=\"sc_services_item_button sc_item_button\">\r\n            <a href=\"https:\/\/panaceology.com\/fr\/services\/problemes\/\" class=\"sc_services_item_more_link\">\r\n                <span class=\"link_text\">En savoir plus<\/span><span class=\"link_icon\"><\/span>\r\n            <\/a>\r\n            <\/div><\/div>\r\n<\/div>\r\n<\/div><div class=\"trx_addons_column-1_3\"><div data-post-id=\"8821\" class=\"sc_services_item sc_item_container post_container with_content with_image sc_services_item_featured_top post-8821 cpt_services type-cpt_services status-publish has-post-thumbnail hentry\" data-item-number=\"2\"\r\n>\r\n\t<div class=\"post_featured with_thumb hover_link sc_services_item_thumb\"><img decoding=\"async\" width=\"890\" height=\"664\" src=\"https:\/\/panaceology.com\/wp-content\/uploads\/2023\/05\/Diseases-1-890x664.jpg\" class=\"attachment-cloe-brooks-thumb-square size-cloe-brooks-thumb-square wp-post-image\" alt=\"\" \/>\t\t\t\t\t\t<div class=\"mask\"><\/div>\r\n\t\t\t\t\t\t<a class=\"post_link sc_services_item_link\" href=\"https:\/\/panaceology.com\/fr\/services\/maladies\/\"><\/a>\t\t\t<a href=\"https:\/\/panaceology.com\/fr\/services\/maladies\/\"  aria-hidden=\"true\" class=\"link\"><\/a>\r\n\t\t\t<\/div>\t\r\n\t<div class=\"sc_services_item_info\">\r\n\t\t\t\t<div class=\"sc_services_item_header\">\r\n\t\t\t\t\t\t<h4 class=\"sc_services_item_title entry-title\"><a href=\"https:\/\/panaceology.com\/fr\/services\/maladies\/\">Maladies<\/a><\/h4>\r\n\t\t\t\t\t<\/div>\r\n\t\t                    <div class=\"sc_services_item_content\"><h6><span class=\"trx_addons_dark\" style=\"color: #333333;\">Analyse panac\u00e9ologique et diagnostic des causes des maladies<\/span><\/h6>\n<p style=\"text-align: center;\"><strong>Ma pratique est bas\u00e9e sur l&rsquo;analyse panac\u00e9ologique et le diagnostic des structures personnelles individuelles, ainsi que sur les causes de leurs motivations et de leurs influences sur les formations n\u00e9gatives qui contribuent \u00e0 l&rsquo;\u00e9mergence des maladies.<\/strong><\/p>\n<p>&nbsp;<\/p>\n<\/div><div class=\"sc_services_item_button sc_item_button\">\r\n            <a href=\"https:\/\/panaceology.com\/fr\/services\/maladies\/\" class=\"sc_services_item_more_link\">\r\n                <span class=\"link_text\">En savoir plus<\/span><span class=\"link_icon\"><\/span>\r\n            <\/a>\r\n            <\/div><\/div>\r\n<\/div>\r\n<\/div><div class=\"trx_addons_column-1_3\"><div data-post-id=\"8817\" class=\"sc_services_item sc_item_container post_container with_content with_image sc_services_item_featured_top post-8817 cpt_services type-cpt_services status-publish has-post-thumbnail hentry\" data-item-number=\"3\"\r\n>\r\n\t<div class=\"post_featured with_thumb hover_link sc_services_item_thumb\"><img decoding=\"async\" width=\"890\" height=\"664\" src=\"https:\/\/panaceology.com\/wp-content\/uploads\/2023\/05\/Dreams-1-890x664.jpg\" class=\"attachment-cloe-brooks-thumb-square size-cloe-brooks-thumb-square wp-post-image\" alt=\"\" \/>\t\t\t\t\t\t<div class=\"mask\"><\/div>\r\n\t\t\t\t\t\t<a class=\"post_link sc_services_item_link\" href=\"https:\/\/panaceology.com\/fr\/services\/reves\/\"><\/a>\t\t\t<a href=\"https:\/\/panaceology.com\/fr\/services\/reves\/\"  aria-hidden=\"true\" class=\"link\"><\/a>\r\n\t\t\t<\/div>\t\r\n\t<div class=\"sc_services_item_info\">\r\n\t\t\t\t<div class=\"sc_services_item_header\">\r\n\t\t\t\t\t\t<h4 class=\"sc_services_item_title entry-title\"><a href=\"https:\/\/panaceology.com\/fr\/services\/reves\/\">R\u00eaves<\/a><\/h4>\r\n\t\t\t\t\t<\/div>\r\n\t\t                    <div class=\"sc_services_item_content\"><h6><span class=\"trx_addons_dark\" style=\"color: #333333;\">Analyse panac\u00e9ologique des r\u00eaves D\u00e9terminer les \u00e9v\u00e9nements cach\u00e9s<\/span><\/h6>\n<p style=\"text-align: center;\"><strong>Ma pratique panac\u00e9ologique est bas\u00e9e sur ma propre m\u00e9thode d&rsquo;analyse de la combinaison des symboles dans les r\u00eaves et sur la compr\u00e9hension de leur impact potentiel sur les \u00e9v\u00e9nements de la vie d&rsquo;une personne correspondant aux Structures Personnelles Individuelles.<\/strong><\/p>\n<p>&nbsp;<\/p>\n<p><\/p>\n<\/div><div class=\"sc_services_item_button sc_item_button\">\r\n            <a href=\"https:\/\/panaceology.com\/fr\/services\/reves\/\" class=\"sc_services_item_more_link\">\r\n                <span class=\"link_text\">En savoir plus<\/span><span class=\"link_icon\"><\/span>\r\n            <\/a>\r\n            <\/div><\/div>\r\n<\/div>\r\n<\/div><\/div><nav class=\"sc_services_pagination sc_item_pagination sc_item_pagination_load_more nav-links-more  sc_align_none sc_item_pagination_infinite\" data-params=\"{&quot;cat&quot;:&quot;&quot;,&quot;columns&quot;:3,&quot;columns_widescreen&quot;:&quot;&quot;,&quot;columns_laptop&quot;:&quot;&quot;,&quot;columns_tablet_extra&quot;:&quot;&quot;,&quot;columns_tablet&quot;:&quot;&quot;,&quot;columns_mobile_extra&quot;:&quot;&quot;,&quot;columns_mobile&quot;:&quot;&quot;,&quot;count&quot;:3,&quot;offset&quot;:0,&quot;orderby&quot;:&quot;post_date&quot;,&quot;order&quot;:&quot;desc&quot;,&quot;ids&quot;:&quot;&quot;,&quot;slider&quot;:false,&quot;slider_effect&quot;:&quot;slide&quot;,&quot;slider_pagination&quot;:&quot;none&quot;,&quot;slider_pagination_type&quot;:&quot;bullets&quot;,&quot;slider_pagination_thumbs&quot;:0,&quot;slider_controls&quot;:&quot;none&quot;,&quot;slides_space&quot;:0,&quot;slides_centered&quot;:&quot;&quot;,&quot;slides_overflow&quot;:&quot;&quot;,&quot;slider_mouse_wheel&quot;:&quot;&quot;,&quot;slider_autoplay&quot;:&quot;1&quot;,&quot;slider_loop&quot;:&quot;1&quot;,&quot;slider_free_mode&quot;:&quot;&quot;,&quot;title&quot;:&quot;&quot;,&quot;title_align&quot;:&quot;none&quot;,&quot;title_style&quot;:&quot;default&quot;,&quot;title_tag&quot;:&quot;none&quot;,&quot;title_color&quot;:&quot;&quot;,&quot;title_color2&quot;:&quot;&quot;,&quot;gradient_fill&quot;:&quot;block&quot;,&quot;gradient_direction&quot;:&quot;0&quot;,&quot;title_border_color&quot;:&quot;&quot;,&quot;title_border_width&quot;:{&quot;unit&quot;:&quot;px&quot;,&quot;size&quot;:0,&quot;sizes&quot;:[]},&quot;title_bg_image&quot;:{&quot;url&quot;:&quot;&quot;,&quot;id&quot;:&quot;&quot;,&quot;size&quot;:&quot;&quot;},&quot;title2&quot;:&quot;&quot;,&quot;title2_color&quot;:&quot;&quot;,&quot;title2_color2&quot;:&quot;&quot;,&quot;gradient_fill2&quot;:&quot;block&quot;,&quot;gradient_direction2&quot;:&quot;0&quot;,&quot;title2_border_color&quot;:&quot;&quot;,&quot;title2_border_width&quot;:{&quot;unit&quot;:&quot;px&quot;,&quot;size&quot;:0,&quot;sizes&quot;:[]},&quot;title2_bg_image&quot;:{&quot;url&quot;:&quot;&quot;,&quot;id&quot;:&quot;&quot;,&quot;size&quot;:&quot;&quot;},&quot;subtitle&quot;:&quot;&quot;,&quot;subtitle_align&quot;:&quot;none&quot;,&quot;subtitle_position&quot;:&quot;above&quot;,&quot;subtitle_color&quot;:&quot;&quot;,&quot;description&quot;:&quot;&quot;,&quot;description_color&quot;:&quot;&quot;,&quot;link&quot;:&quot;&quot;,&quot;link_style&quot;:&quot;default&quot;,&quot;link_size&quot;:&quot;normal&quot;,&quot;link_image&quot;:&quot;&quot;,&quot;link_text&quot;:&quot;&quot;,&quot;new_window&quot;:0,&quot;typed&quot;:&quot;&quot;,&quot;typed_strings&quot;:&quot;&quot;,&quot;typed_loop&quot;:&quot;1&quot;,&quot;typed_cursor&quot;:&quot;1&quot;,&quot;typed_cursor_char&quot;:&quot;_&quot;,&quot;typed_color&quot;:&quot;&quot;,&quot;typed_speed&quot;:&quot;6&quot;,&quot;typed_delay&quot;:&quot;1&quot;,&quot;id&quot;:&quot;&quot;,&quot;class&quot;:&quot;&quot;,&quot;className&quot;:&quot;&quot;,&quot;css&quot;:&quot;&quot;,&quot;type&quot;:&quot;default&quot;,&quot;featured&quot;:&quot;image&quot;,&quot;featured_position&quot;:&quot;top&quot;,&quot;thumb_size&quot;:&quot;&quot;,&quot;tabs_effect&quot;:&quot;fade&quot;,&quot;hide_excerpt&quot;:&quot;&quot;,&quot;hide_bg_image&quot;:&quot;&quot;,&quot;icons_animation&quot;:&quot;&quot;,&quot;no_margin&quot;:&quot;&quot;,&quot;no_links&quot;:&quot;&quot;,&quot;pagination&quot;:&quot;infinite&quot;,&quot;page&quot;:1,&quot;posts_exclude&quot;:&quot;&quot;,&quot;post_type&quot;:&quot;cpt_services&quot;,&quot;taxonomy&quot;:&quot;cpt_services_group&quot;,&quot;popup&quot;:0,&quot;more_text&quot;:&quot;En savoir plus&quot;,&quot;count_extra&quot;:{&quot;unit&quot;:&quot;px&quot;,&quot;size&quot;:3,&quot;sizes&quot;:[]},&quot;columns_extra&quot;:{&quot;unit&quot;:&quot;px&quot;,&quot;size&quot;:0,&quot;sizes&quot;:[]},&quot;offset_extra&quot;:{&quot;unit&quot;:&quot;px&quot;,&quot;size&quot;:0,&quot;sizes&quot;:[]},&quot;slides_space_extra&quot;:{&quot;unit&quot;:&quot;px&quot;,&quot;size&quot;:0,&quot;sizes&quot;:[]},&quot;gradient_direction_extra&quot;:{&quot;unit&quot;:&quot;px&quot;,&quot;size&quot;:0,&quot;sizes&quot;:[]},&quot;typed_speed_extra&quot;:{&quot;unit&quot;:&quot;px&quot;,&quot;size&quot;:6,&quot;sizes&quot;:[]},&quot;typed_delay_extra&quot;:{&quot;unit&quot;:&quot;px&quot;,&quot;size&quot;:1,&quot;sizes&quot;:[]},&quot;gradient_direction2_extra&quot;:{&quot;unit&quot;:&quot;px&quot;,&quot;size&quot;:0,&quot;sizes&quot;:[]},&quot;link_extra&quot;:{&quot;url&quot;:&quot;&quot;,&quot;is_external&quot;:&quot;&quot;,&quot;nofollow&quot;:&quot;&quot;,&quot;custom_attributes&quot;:&quot;&quot;},&quot;link_image_extra&quot;:{&quot;url&quot;:&quot;&quot;,&quot;id&quot;:&quot;&quot;,&quot;size&quot;:&quot;&quot;},&quot;show_subtitle&quot;:&quot;1&quot;,&quot;scheme&quot;:&quot;&quot;,&quot;color_style&quot;:&quot;default&quot;,&quot;sc&quot;:&quot;sc_services&quot;}\">\n\t\t\t\t<a class=\"nav-links\" data-page=\"2\" data-max-page=\"2\"><span>Load more<\/span><\/a>\n\t\t\t<\/nav><\/div>\t\t\t\t<\/div>\n\t\t\t\t<\/div>\n\t\t\t\t<div class=\"elementor-element elementor-element-4d6f899 sc_fly_static elementor-widget elementor-widget-spacer\" data-id=\"4d6f899\" data-element_type=\"widget\" data-e-type=\"widget\" data-widget_type=\"spacer.default\">\n\t\t\t\t<div class=\"elementor-widget-container\">\n\t\t\t\t\t\t\t<div class=\"elementor-spacer\">\n\t\t\t<div class=\"elementor-spacer-inner\"><\/div>\n\t\t<\/div>\n\t\t\t\t\t\t<\/div>\n\t\t\t\t<\/div>\n\t\t\t\t\t<\/div>\n\t\t<\/div>\n\t\t\t\t\t<\/div>\n\t\t<\/section>\n\t\t\t\t<\/div>\n\t\t","protected":false},"excerpt":{"rendered":"<p>Champs d\u2019expertise panac\u00e9ologiqueANALYSE ET DIAGNOSTIC PANAC\u00c9OLOGIQUES Une approche panac\u00e9ologique exclusive, fond\u00e9e sur l\u2019analyse et le diagnostic de la Structure Personnelle Individuelle (SPI). L\u2019objectif est d\u2019identifier les causes structurelles des probl\u00e8mes&hellip;<\/p>\n","protected":false},"author":1,"featured_media":0,"parent":0,"menu_order":0,"comment_status":"closed","ping_status":"closed","template":"","meta":{"give_campaign_id":0,"_bbp_topic_count":0,"_bbp_reply_count":0,"_bbp_total_topic_count":0,"_bbp_total_reply_count":0,"_bbp_voice_count":0,"_bbp_anonymous_reply_count":0,"_bbp_topic_count_hidden":0,"_bbp_reply_count_hidden":0,"_bbp_forum_subforum_count":0,"_price":"","_stock":"","_tribe_ticket_header":"","_tribe_default_ticket_provider":"","_tribe_ticket_capacity":"0","_ticket_start_date":"","_ticket_end_date":"","_tribe_ticket_show_description":"","_tribe_ticket_show_not_going":false,"_tribe_ticket_use_global_stock":"","_tribe_ticket_global_stock_level":"","_global_stock_mode":"","_global_stock_cap":"","_tribe_rsvp_for_event":"","_tribe_ticket_going_count":"","_tribe_ticket_not_going_count":"","_tribe_tickets_list":"[]","_tribe_ticket_has_attendee_info_fields":false,"footnotes":"","_tec_slr_enabled":"","_tec_slr_layout":""},"class_list":["post-7851","page","type-page","status-publish","hentry"],"yoast_head":"<!-- This site is optimized with the Yoast SEO plugin v27.2 - https:\/\/yoast.com\/product\/yoast-seo-wordpress\/ -->\n<title>Tous les services - Panaceology<\/title>\n<meta name=\"robots\" content=\"index, follow, max-snippet:-1, max-image-preview:large, max-video-preview:-1\" \/>\n<link rel=\"canonical\" href=\"https:\/\/panaceology.com\/fr\/tous-les-services\/\" \/>\n<meta property=\"og:locale\" content=\"fr_FR\" \/>\n<meta property=\"og:type\" content=\"article\" \/>\n<meta property=\"og:title\" content=\"Tous les services - Panaceology\" \/>\n<meta property=\"og:description\" content=\"Champs d\u2019expertise panac\u00e9ologiqueANALYSE ET DIAGNOSTIC PANAC\u00c9OLOGIQUES Une approche panac\u00e9ologique exclusive, fond\u00e9e sur l\u2019analyse et le diagnostic de la Structure Personnelle Individuelle (SPI). L\u2019objectif est d\u2019identifier les causes structurelles des probl\u00e8mes&hellip;\" \/>\n<meta property=\"og:url\" content=\"https:\/\/panaceology.com\/fr\/tous-les-services\/\" \/>\n<meta property=\"og:site_name\" content=\"Panaceology\" \/>\n<meta property=\"article:modified_time\" content=\"2025-09-08T22:41:16+00:00\" \/>\n<meta property=\"og:image\" content=\"https:\/\/panaceology.com\/wp-content\/uploads\/2023\/05\/problems-890x664.jpg\" \/>\n<meta name=\"twitter:card\" content=\"summary_large_image\" \/>\n<meta name=\"twitter:site\" content=\"@Panaceology\" \/>\n<meta name=\"twitter:label1\" content=\"Dur\u00e9e de lecture estim\u00e9e\" \/>\n\t<meta name=\"twitter:data1\" content=\"2 minutes\" \/>\n<script type=\"application\/ld+json\" class=\"yoast-schema-graph\">{\"@context\":\"https:\/\/schema.org\",\"@graph\":[{\"@type\":\"WebPage\",\"@id\":\"https:\/\/panaceology.com\/fr\/tous-les-services\/\",\"url\":\"https:\/\/panaceology.com\/fr\/tous-les-services\/\",\"name\":\"Tous les services - Panaceology\",\"isPartOf\":{\"@id\":\"https:\/\/panaceology.com\/fr\/#website\"},\"primaryImageOfPage\":{\"@id\":\"https:\/\/panaceology.com\/fr\/tous-les-services\/#primaryimage\"},\"image\":{\"@id\":\"https:\/\/panaceology.com\/fr\/tous-les-services\/#primaryimage\"},\"thumbnailUrl\":\"https:\/\/panaceology.com\/wp-content\/uploads\/2023\/05\/problems-890x664.jpg\",\"datePublished\":\"2023-05-29T17:51:36+00:00\",\"dateModified\":\"2025-09-08T22:41:16+00:00\",\"breadcrumb\":{\"@id\":\"https:\/\/panaceology.com\/fr\/tous-les-services\/#breadcrumb\"},\"inLanguage\":\"fr-FR\",\"potentialAction\":[{\"@type\":\"ReadAction\",\"target\":[\"https:\/\/panaceology.com\/fr\/tous-les-services\/\"]}]},{\"@type\":\"ImageObject\",\"inLanguage\":\"fr-FR\",\"@id\":\"https:\/\/panaceology.com\/fr\/tous-les-services\/#primaryimage\",\"url\":\"https:\/\/panaceology.com\/wp-content\/uploads\/2023\/05\/problems-890x664.jpg\",\"contentUrl\":\"https:\/\/panaceology.com\/wp-content\/uploads\/2023\/05\/problems-890x664.jpg\"},{\"@type\":\"BreadcrumbList\",\"@id\":\"https:\/\/panaceology.com\/fr\/tous-les-services\/#breadcrumb\",\"itemListElement\":[{\"@type\":\"ListItem\",\"position\":1,\"name\":\"Home\",\"item\":\"https:\/\/panaceology.com\/fr\/accueil\/\"},{\"@type\":\"ListItem\",\"position\":2,\"name\":\"Tous les services\"}]},{\"@type\":\"WebSite\",\"@id\":\"https:\/\/panaceology.com\/fr\/#website\",\"url\":\"https:\/\/panaceology.com\/fr\/\",\"name\":\"Panaceology\",\"description\":\"Uncover the Structural Causes of Your Problems and Diseases Before Confronting Them\",\"publisher\":{\"@id\":\"https:\/\/panaceology.com\/fr\/#organization\"},\"alternateName\":\"Panaceological Analysis and Diagnosis\",\"potentialAction\":[{\"@type\":\"SearchAction\",\"target\":{\"@type\":\"EntryPoint\",\"urlTemplate\":\"https:\/\/panaceology.com\/fr\/?s={search_term_string}\"},\"query-input\":{\"@type\":\"PropertyValueSpecification\",\"valueRequired\":true,\"valueName\":\"search_term_string\"}}],\"inLanguage\":\"fr-FR\"},{\"@type\":\"Organization\",\"@id\":\"https:\/\/panaceology.com\/fr\/#organization\",\"name\":\"Panaceology\",\"alternateName\":\"Eld Wills\",\"url\":\"https:\/\/panaceology.com\/fr\/\",\"logo\":{\"@type\":\"ImageObject\",\"inLanguage\":\"fr-FR\",\"@id\":\"https:\/\/panaceology.com\/fr\/#\/schema\/logo\/image\/\",\"url\":\"https:\/\/panaceology.com\/wp-content\/uploads\/2023\/08\/cropped-favicon.png\",\"contentUrl\":\"https:\/\/panaceology.com\/wp-content\/uploads\/2023\/08\/cropped-favicon.png\",\"width\":512,\"height\":512,\"caption\":\"Panaceology\"},\"image\":{\"@id\":\"https:\/\/panaceology.com\/fr\/#\/schema\/logo\/image\/\"},\"sameAs\":[\"https:\/\/x.com\/Panaceology\",\"https:\/\/www.linkedin.com\/in\/panaceology\/\"]}]}<\/script>\n<!-- \/ Yoast SEO plugin. -->","yoast_head_json":{"title":"Tous les services - Panaceology","robots":{"index":"index","follow":"follow","max-snippet":"max-snippet:-1","max-image-preview":"max-image-preview:large","max-video-preview":"max-video-preview:-1"},"canonical":"https:\/\/panaceology.com\/fr\/tous-les-services\/","og_locale":"fr_FR","og_type":"article","og_title":"Tous les services - Panaceology","og_description":"Champs d\u2019expertise panac\u00e9ologiqueANALYSE ET DIAGNOSTIC PANAC\u00c9OLOGIQUES Une approche panac\u00e9ologique exclusive, fond\u00e9e sur l\u2019analyse et le diagnostic de la Structure Personnelle Individuelle (SPI). L\u2019objectif est d\u2019identifier les causes structurelles des probl\u00e8mes&hellip;","og_url":"https:\/\/panaceology.com\/fr\/tous-les-services\/","og_site_name":"Panaceology","article_modified_time":"2025-09-08T22:41:16+00:00","og_image":[{"url":"https:\/\/panaceology.com\/wp-content\/uploads\/2023\/05\/problems-890x664.jpg","type":"","width":"","height":""}],"twitter_card":"summary_large_image","twitter_site":"@Panaceology","twitter_misc":{"Dur\u00e9e de lecture estim\u00e9e":"2 minutes"},"schema":{"@context":"https:\/\/schema.org","@graph":[{"@type":"WebPage","@id":"https:\/\/panaceology.com\/fr\/tous-les-services\/","url":"https:\/\/panaceology.com\/fr\/tous-les-services\/","name":"Tous les services - Panaceology","isPartOf":{"@id":"https:\/\/panaceology.com\/fr\/#website"},"primaryImageOfPage":{"@id":"https:\/\/panaceology.com\/fr\/tous-les-services\/#primaryimage"},"image":{"@id":"https:\/\/panaceology.com\/fr\/tous-les-services\/#primaryimage"},"thumbnailUrl":"https:\/\/panaceology.com\/wp-content\/uploads\/2023\/05\/problems-890x664.jpg","datePublished":"2023-05-29T17:51:36+00:00","dateModified":"2025-09-08T22:41:16+00:00","breadcrumb":{"@id":"https:\/\/panaceology.com\/fr\/tous-les-services\/#breadcrumb"},"inLanguage":"fr-FR","potentialAction":[{"@type":"ReadAction","target":["https:\/\/panaceology.com\/fr\/tous-les-services\/"]}]},{"@type":"ImageObject","inLanguage":"fr-FR","@id":"https:\/\/panaceology.com\/fr\/tous-les-services\/#primaryimage","url":"https:\/\/panaceology.com\/wp-content\/uploads\/2023\/05\/problems-890x664.jpg","contentUrl":"https:\/\/panaceology.com\/wp-content\/uploads\/2023\/05\/problems-890x664.jpg"},{"@type":"BreadcrumbList","@id":"https:\/\/panaceology.com\/fr\/tous-les-services\/#breadcrumb","itemListElement":[{"@type":"ListItem","position":1,"name":"Home","item":"https:\/\/panaceology.com\/fr\/accueil\/"},{"@type":"ListItem","position":2,"name":"Tous les services"}]},{"@type":"WebSite","@id":"https:\/\/panaceology.com\/fr\/#website","url":"https:\/\/panaceology.com\/fr\/","name":"Panaceology","description":"Uncover the Structural Causes of Your Problems and Diseases Before Confronting Them","publisher":{"@id":"https:\/\/panaceology.com\/fr\/#organization"},"alternateName":"Panaceological Analysis and Diagnosis","potentialAction":[{"@type":"SearchAction","target":{"@type":"EntryPoint","urlTemplate":"https:\/\/panaceology.com\/fr\/?s={search_term_string}"},"query-input":{"@type":"PropertyValueSpecification","valueRequired":true,"valueName":"search_term_string"}}],"inLanguage":"fr-FR"},{"@type":"Organization","@id":"https:\/\/panaceology.com\/fr\/#organization","name":"Panaceology","alternateName":"Eld Wills","url":"https:\/\/panaceology.com\/fr\/","logo":{"@type":"ImageObject","inLanguage":"fr-FR","@id":"https:\/\/panaceology.com\/fr\/#\/schema\/logo\/image\/","url":"https:\/\/panaceology.com\/wp-content\/uploads\/2023\/08\/cropped-favicon.png","contentUrl":"https:\/\/panaceology.com\/wp-content\/uploads\/2023\/08\/cropped-favicon.png","width":512,"height":512,"caption":"Panaceology"},"image":{"@id":"https:\/\/panaceology.com\/fr\/#\/schema\/logo\/image\/"},"sameAs":["https:\/\/x.com\/Panaceology","https:\/\/www.linkedin.com\/in\/panaceology\/"]}]}},"campaignId":"","ticketed":false,"_links":{"self":[{"href":"https:\/\/panaceology.com\/fr\/wp-json\/wp\/v2\/pages\/7851","targetHints":{"allow":["GET"]}}],"collection":[{"href":"https:\/\/panaceology.com\/fr\/wp-json\/wp\/v2\/pages"}],"about":[{"href":"https:\/\/panaceology.com\/fr\/wp-json\/wp\/v2\/types\/page"}],"author":[{"embeddable":true,"href":"https:\/\/panaceology.com\/fr\/wp-json\/wp\/v2\/users\/1"}],"replies":[{"embeddable":true,"href":"https:\/\/panaceology.com\/fr\/wp-json\/wp\/v2\/comments?post=7851"}],"version-history":[{"count":14,"href":"https:\/\/panaceology.com\/fr\/wp-json\/wp\/v2\/pages\/7851\/revisions"}],"predecessor-version":[{"id":16575,"href":"https:\/\/panaceology.com\/fr\/wp-json\/wp\/v2\/pages\/7851\/revisions\/16575"}],"wp:attachment":[{"href":"https:\/\/panaceology.com\/fr\/wp-json\/wp\/v2\/media?parent=7851"}],"curies":[{"name":"wp","href":"https:\/\/api.w.org\/{rel}","templated":true}]}}