{"id":7899,"date":"2023-07-31T12:49:53","date_gmt":"2023-07-31T10:49:53","guid":{"rendered":"https:\/\/panaceology.com\/tous-les-articles\/"},"modified":"2024-08-18T14:52:01","modified_gmt":"2024-08-18T12:52:01","slug":"tous-les-articles","status":"publish","type":"page","link":"https:\/\/panaceology.com\/fr\/tous-les-articles\/","title":{"rendered":"Tous les articles"},"content":{"rendered":"\t\t<div data-elementor-type=\"wp-page\" data-elementor-id=\"7899\" class=\"elementor elementor-7899\">\n\t\t\t\t\t\t<section class=\"elementor-section elementor-top-section elementor-element elementor-element-e728cf1 elementor-section-stretched elementor-section-boxed elementor-section-height-default elementor-section-height-default sc_fly_static\" data-id=\"e728cf1\" data-element_type=\"section\" data-e-type=\"section\" data-settings=\"{&quot;stretch_section&quot;:&quot;section-stretched&quot;,&quot;background_background&quot;:&quot;classic&quot;}\">\n\t\t\t\t\t\t<div class=\"elementor-container elementor-column-gap-extended\">\n\t\t\t\t\t<div class=\"elementor-column elementor-col-100 elementor-top-column elementor-element elementor-element-7662d71 sc_content_align_center sc_layouts_column_icons_position_left sc_fly_static\" data-id=\"7662d71\" data-element_type=\"column\" data-e-type=\"column\">\n\t\t\t<div class=\"elementor-widget-wrap elementor-element-populated\">\n\t\t\t\t\t\t<div class=\"elementor-element elementor-element-113ef20 sc_fly_static elementor-widget elementor-widget-spacer\" data-id=\"113ef20\" data-element_type=\"widget\" data-e-type=\"widget\" data-widget_type=\"spacer.default\">\n\t\t\t\t<div class=\"elementor-widget-container\">\n\t\t\t\t\t\t\t<div class=\"elementor-spacer\">\n\t\t\t<div class=\"elementor-spacer-inner\"><\/div>\n\t\t<\/div>\n\t\t\t\t\t\t<\/div>\n\t\t\t\t<\/div>\n\t\t\t\t<div class=\"elementor-element elementor-element-43709d0 elementor-widget__width-initial sc_fly_static elementor-widget elementor-widget-trx_sc_title\" data-id=\"43709d0\" data-element_type=\"widget\" data-e-type=\"widget\" data-widget_type=\"trx_sc_title.default\">\n\t\t\t\t<div class=\"elementor-widget-container\">\n\t\t\t\t\t<div\t\tclass=\"sc_title sc_title_accent\" ><h1 class=\"sc_item_title sc_title_title sc_align_center sc_item_title_style_accent sc_item_title_tag\"\n\t\t\t><span class=\"sc_item_title_text\">Tous les articles<\/span><\/h1><span class=\"sc_item_subtitle sc_title_subtitle sc_align_center sc_item_subtitle_below sc_item_title_style_accent\">Articles de mes travaux scientifiques<\/span><\/div>\t\t\t\t<\/div>\n\t\t\t\t<\/div>\n\t\t\t\t<div class=\"elementor-element elementor-element-31525ab sc_fly_static elementor-widget elementor-widget-spacer\" data-id=\"31525ab\" data-element_type=\"widget\" data-e-type=\"widget\" data-widget_type=\"spacer.default\">\n\t\t\t\t<div class=\"elementor-widget-container\">\n\t\t\t\t\t\t\t<div class=\"elementor-spacer\">\n\t\t\t<div class=\"elementor-spacer-inner\"><\/div>\n\t\t<\/div>\n\t\t\t\t\t\t<\/div>\n\t\t\t\t<\/div>\n\t\t\t\t<div class=\"elementor-element elementor-element-9d632fa sc_style_default sc_fly_static elementor-widget elementor-widget-trx_sc_blogger\" data-id=\"9d632fa\" data-element_type=\"widget\" data-e-type=\"widget\" data-widget_type=\"trx_sc_blogger.default\">\n\t\t\t\t<div class=\"elementor-widget-container\">\n\t\t\t\t\t<div \t\tclass=\"sc_blogger sc_blogger_default sc_blogger_default_classic sc_item_filters_tabs_top alignnone\" ><div class=\"sc_item_filters_wrap\"><div class=\"sc_item_filters sc_blogger_filters sc_blogger_tabs sc_blogger_tabs_ajax sc_item_filters_align_center sc_item_filters_no_title\" data-params=\"{&quot;cat&quot;:[&quot;&quot;],&quot;columns&quot;:4,&quot;columns_widescreen&quot;:&quot;&quot;,&quot;columns_laptop&quot;:&quot;&quot;,&quot;columns_tablet_extra&quot;:&quot;&quot;,&quot;columns_tablet&quot;:&quot;&quot;,&quot;columns_mobile_extra&quot;:&quot;&quot;,&quot;columns_mobile&quot;:&quot;&quot;,&quot;count&quot;:5,&quot;offset&quot;:0,&quot;orderby&quot;:&quot;post_date&quot;,&quot;order&quot;:&quot;desc&quot;,&quot;ids&quot;:&quot;&quot;,&quot;slider&quot;:false,&quot;slider_effect&quot;:&quot;slide&quot;,&quot;slider_pagination&quot;:&quot;bottom&quot;,&quot;slider_pagination_type&quot;:&quot;bullets&quot;,&quot;slider_pagination_thumbs&quot;:0,&quot;slider_controls&quot;:&quot;none&quot;,&quot;slides_space&quot;:30,&quot;slides_centered&quot;:&quot;&quot;,&quot;slides_overflow&quot;:&quot;&quot;,&quot;slider_mouse_wheel&quot;:&quot;&quot;,&quot;slider_autoplay&quot;:&quot;1&quot;,&quot;slider_loop&quot;:&quot;1&quot;,&quot;slider_free_mode&quot;:&quot;&quot;,&quot;title&quot;:&quot;&quot;,&quot;title_align&quot;:&quot;center&quot;,&quot;title_style&quot;:&quot;default&quot;,&quot;title_tag&quot;:&quot;none&quot;,&quot;title_color&quot;:&quot;&quot;,&quot;title_color2&quot;:&quot;&quot;,&quot;gradient_fill&quot;:&quot;block&quot;,&quot;gradient_direction&quot;:&quot;0&quot;,&quot;title_border_color&quot;:&quot;&quot;,&quot;title_border_width&quot;:{&quot;unit&quot;:&quot;px&quot;,&quot;size&quot;:0,&quot;sizes&quot;:[]},&quot;title_bg_image&quot;:{&quot;url&quot;:&quot;&quot;,&quot;id&quot;:&quot;&quot;,&quot;size&quot;:&quot;&quot;},&quot;title2&quot;:&quot;&quot;,&quot;title2_color&quot;:&quot;&quot;,&quot;title2_color2&quot;:&quot;&quot;,&quot;gradient_fill2&quot;:&quot;block&quot;,&quot;gradient_direction2&quot;:&quot;0&quot;,&quot;title2_border_color&quot;:&quot;&quot;,&quot;title2_border_width&quot;:{&quot;unit&quot;:&quot;px&quot;,&quot;size&quot;:0,&quot;sizes&quot;:[]},&quot;title2_bg_image&quot;:{&quot;url&quot;:&quot;&quot;,&quot;id&quot;:&quot;&quot;,&quot;size&quot;:&quot;&quot;},&quot;subtitle&quot;:&quot;&quot;,&quot;subtitle_align&quot;:&quot;none&quot;,&quot;subtitle_position&quot;:&quot;below&quot;,&quot;subtitle_color&quot;:&quot;&quot;,&quot;description&quot;:&quot;&quot;,&quot;description_color&quot;:&quot;&quot;,&quot;link&quot;:&quot;&quot;,&quot;link_style&quot;:&quot;default&quot;,&quot;link_size&quot;:&quot;normal&quot;,&quot;link_image&quot;:&quot;&quot;,&quot;link_text&quot;:&quot;&quot;,&quot;new_window&quot;:0,&quot;typed&quot;:&quot;&quot;,&quot;typed_strings&quot;:&quot;&quot;,&quot;typed_loop&quot;:&quot;1&quot;,&quot;typed_cursor&quot;:&quot;1&quot;,&quot;typed_cursor_char&quot;:&quot;_&quot;,&quot;typed_color&quot;:&quot;&quot;,&quot;typed_speed&quot;:&quot;6&quot;,&quot;typed_delay&quot;:&quot;1&quot;,&quot;id&quot;:&quot;&quot;,&quot;class&quot;:&quot;&quot;,&quot;className&quot;:&quot;&quot;,&quot;css&quot;:&quot;&quot;,&quot;type&quot;:&quot;default&quot;,&quot;post_type&quot;:&quot;post&quot;,&quot;taxonomy&quot;:&quot;category&quot;,&quot;show_filters&quot;:&quot;1&quot;,&quot;filters_title&quot;:&quot;&quot;,&quot;filters_subtitle&quot;:&quot;&quot;,&quot;filters_title_align&quot;:&quot;center&quot;,&quot;filters_tabs_position&quot;:&quot;top&quot;,&quot;filters_tabs_on_hover&quot;:&quot;&quot;,&quot;filters_taxonomy&quot;:&quot;category&quot;,&quot;filters_active&quot;:0,&quot;filters_ids&quot;:[],&quot;filters_all&quot;:&quot;1&quot;,&quot;filters_all_text&quot;:&quot;&quot;,&quot;filters_more_text&quot;:&quot;More posts&quot;,&quot;meta_parts&quot;:[&quot;categories&quot;,&quot;date&quot;,&quot;comments&quot;],&quot;image_position&quot;:&quot;top&quot;,&quot;image_width&quot;:&quot;40&quot;,&quot;image_ratio&quot;:&quot;none&quot;,&quot;thumb_size&quot;:&quot;&quot;,&quot;hover&quot;:&quot;inherit&quot;,&quot;date_format&quot;:&quot;&quot;,&quot;disable_date_diff&quot;:&quot;&quot;,&quot;on_plate&quot;:&quot;&quot;,&quot;hide_excerpt&quot;:&quot;1&quot;,&quot;excerpt_length&quot;:&quot;&quot;,&quot;text_align&quot;:&quot;none&quot;,&quot;no_margin&quot;:&quot;&quot;,&quot;no_links&quot;:&quot;&quot;,&quot;full_post&quot;:&quot;1&quot;,&quot;video_in_popup&quot;:&quot;1&quot;,&quot;numbers&quot;:&quot;&quot;,&quot;more_button&quot;:&quot;1&quot;,&quot;more_text&quot;:&quot;Lire la suite&quot;,&quot;pagination&quot;:&quot;none&quot;,&quot;page&quot;:1,&quot;posts_exclude&quot;:&quot;&quot;,&quot;align&quot;:&quot;none&quot;,&quot;template_default&quot;:&quot;classic&quot;,&quot;template_excerpt&quot;:&quot;&quot;,&quot;template_band&quot;:&quot;&quot;,&quot;template_classic&quot;:&quot;&quot;,&quot;template_classic-masonry&quot;:&quot;&quot;,&quot;template_portfolio&quot;:&quot;&quot;,&quot;template_portfolio-masonry&quot;:&quot;&quot;,&quot;count_extra&quot;:{&quot;unit&quot;:&quot;px&quot;,&quot;size&quot;:5,&quot;sizes&quot;:[]},&quot;columns_extra&quot;:{&quot;unit&quot;:&quot;px&quot;,&quot;size&quot;:4,&quot;sizes&quot;:[]},&quot;slides_space_extra&quot;:{&quot;unit&quot;:&quot;px&quot;,&quot;size&quot;:30,&quot;sizes&quot;:[]},&quot;offset_extra&quot;:{&quot;unit&quot;:&quot;px&quot;,&quot;size&quot;:0,&quot;sizes&quot;:[]},&quot;image_width_extra&quot;:{&quot;unit&quot;:&quot;px&quot;,&quot;size&quot;:40,&quot;sizes&quot;:[]},&quot;gradient_direction_extra&quot;:{&quot;unit&quot;:&quot;px&quot;,&quot;size&quot;:0,&quot;sizes&quot;:[]},&quot;typed_speed_extra&quot;:{&quot;unit&quot;:&quot;px&quot;,&quot;size&quot;:6,&quot;sizes&quot;:[]},&quot;typed_delay_extra&quot;:{&quot;unit&quot;:&quot;px&quot;,&quot;size&quot;:1,&quot;sizes&quot;:[]},&quot;gradient_direction2_extra&quot;:{&quot;unit&quot;:&quot;px&quot;,&quot;size&quot;:0,&quot;sizes&quot;:[]},&quot;link_extra&quot;:{&quot;url&quot;:&quot;&quot;,&quot;is_external&quot;:&quot;&quot;,&quot;nofollow&quot;:&quot;&quot;,&quot;custom_attributes&quot;:&quot;&quot;},&quot;link_image_extra&quot;:{&quot;url&quot;:&quot;&quot;,&quot;id&quot;:&quot;&quot;,&quot;size&quot;:&quot;&quot;},&quot;scheme&quot;:&quot;&quot;,&quot;color_style&quot;:&quot;default&quot;,&quot;sc&quot;:&quot;sc_blogger&quot;}\">\t\t\t<ul class=\"sc_item_filters_tabs\"><li class=\"sc_item_filters_tabs_active\"><a href=\"#blogger_filters_all_content\"\n\t\t\t\t\t\t\tclass=\"sc_item_filters_all active\"\n\t\t\t\t\t\t\tdata-tab=\"all\"\n\t\t\t\t\t\t\tdata-page=\"1\">All<\/a><\/li><li><a href=\"#blogger_filters_120_content\"\n\t\t\t\t\t\t\t\t\t\t\t\t\t\tdata-tab=\"120\"\n\t\t\t\t\t\t\tdata-page=\"1\">Maladies <\/a><\/li><li><a href=\"#blogger_filters_76_content\"\n\t\t\t\t\t\t\t\t\t\t\t\t\t\tdata-tab=\"76\"\n\t\t\t\t\t\t\tdata-page=\"1\">Non classifi\u00e9(e)<\/a><\/li>\t\t\t<\/ul>\t<\/div><div class=\"sc_blogger_columns_wrap sc_item_columns sc_item_posts_container trx_addons_columns_wrap columns_padding_bottom columns_in_single_row\" ><div class=\"trx_addons_column-1_4\"><div data-post-id=\"8013\" data-item-number=\"1\" class=\"sc_blogger_item sc_item_container post_container sc_blogger_item_default sc_blogger_item_default_classic sc_blogger_item_odd sc_blogger_item_align_none post_format_standard sc_blogger_item_with_image sc_blogger_item_no_excerpt sc_blogger_item_image_position_top post-8013 post type-post status-publish format-standard has-post-thumbnail hentry category-maladies\" ><div class=\"sc_blogger_item_body\"><div class=\"post_featured with_thumb hover_link sc_item_featured sc_blogger_item_featured\"><img fetchpriority=\"high\" decoding=\"async\" width=\"890\" height=\"664\" src=\"https:\/\/panaceology.com\/wp-content\/uploads\/2023\/05\/doctor-patient-1-890x664.jpg\" class=\"attachment-cloe-brooks-thumb-square size-cloe-brooks-thumb-square wp-post-image\" alt=\"\" \/>\t\t\t\t\t\t<div class=\"mask\"><\/div>\r\n\t\t\t\t\t\t\t\t\t<a href=\"https:\/\/panaceology.com\/fr\/decouvrir-lorigine-des-maladies-une-etude-complete\/\"  aria-hidden=\"true\" class=\"link\"><\/a>\r\n\t\t\t<\/div><div class=\"sc_blogger_item_content entry-content\"><div class=\"post_meta sc_blogger_item_meta post_meta_categories\"><span class=\"post_meta_item post_categories cat_sep\"><a href=\"https:\/\/panaceology.com\/fr\/category\/maladies\/\" rel=\"category tag\">Maladies<\/a><\/span><\/div><h5 class=\"sc_blogger_item_title entry-title\" data-item-number=\"1\"><a href=\"https:\/\/panaceology.com\/fr\/decouvrir-lorigine-des-maladies-une-etude-complete\/\" rel=\"bookmark\">D\u00e9couvrir l&rsquo;origine des maladies : Une \u00e9tude compl\u00e8te<\/a><\/h5><div class=\"post_meta sc_blogger_item_meta post_meta\"><span class=\"post_meta_item post_date\"><a href=\"https:\/\/panaceology.com\/fr\/decouvrir-lorigine-des-maladies-une-etude-complete\/\">mai 11, 2023<\/a><\/span><a href=\"https:\/\/panaceology.com\/fr\/decouvrir-lorigine-des-maladies-une-etude-complete\/#respond\" class=\"post_meta_item post_meta_comments icon-comment-light\"><span class=\"post_meta_number\">0<\/span><span class=\"post_meta_label\">Comments<\/span><\/a><\/div><div class=\"sc_blogger_item_button sc_item_button\"><a href=\"https:\/\/panaceology.com\/fr\/decouvrir-lorigine-des-maladies-une-etude-complete\/\" class=\"item_more_link\"><span class=\"link_text\">Lire la suite<\/span><span class=\"link_icon\"><\/span><\/a><\/div><\/div><!-- .entry-content --><\/div><!-- .sc_blogger_item_body --><\/div><!-- .sc_blogger_item --><\/div><\/div><\/div><\/div>\t\t\t\t<\/div>\n\t\t\t\t<\/div>\n\t\t\t\t<div class=\"elementor-element elementor-element-fbf77ab sc_fly_static elementor-widget elementor-widget-spacer\" data-id=\"fbf77ab\" data-element_type=\"widget\" data-e-type=\"widget\" data-widget_type=\"spacer.default\">\n\t\t\t\t<div class=\"elementor-widget-container\">\n\t\t\t\t\t\t\t<div class=\"elementor-spacer\">\n\t\t\t<div class=\"elementor-spacer-inner\"><\/div>\n\t\t<\/div>\n\t\t\t\t\t\t<\/div>\n\t\t\t\t<\/div>\n\t\t\t\t\t<\/div>\n\t\t<\/div>\n\t\t\t\t\t<\/div>\n\t\t<\/section>\n\t\t\t\t<\/div>\n\t\t","protected":false},"excerpt":{"rendered":"<p>Tous les articles Articles de mes travaux scientifiques All Business Diseases Dreams Problems Psychometric via Photo Relationship Diseases Unveiling the Origin of Diseases: A Comprehensive Study May 11, 20230CommentsLire la&hellip;<\/p>\n","protected":false},"author":1,"featured_media":0,"parent":0,"menu_order":0,"comment_status":"closed","ping_status":"closed","template":"","meta":{"give_campaign_id":0,"_bbp_topic_count":0,"_bbp_reply_count":0,"_bbp_total_topic_count":0,"_bbp_total_reply_count":0,"_bbp_voice_count":0,"_bbp_anonymous_reply_count":0,"_bbp_topic_count_hidden":0,"_bbp_reply_count_hidden":0,"_bbp_forum_subforum_count":0,"_price":"","_stock":"","_tribe_ticket_header":"","_tribe_default_ticket_provider":"","_tribe_ticket_capacity":"0","_ticket_start_date":"","_ticket_end_date":"","_tribe_ticket_show_description":"","_tribe_ticket_show_not_going":false,"_tribe_ticket_use_global_stock":"","_tribe_ticket_global_stock_level":"","_global_stock_mode":"","_global_stock_cap":"","_tribe_rsvp_for_event":"","_tribe_ticket_going_count":"","_tribe_ticket_not_going_count":"","_tribe_tickets_list":"[]","_tribe_ticket_has_attendee_info_fields":false,"footnotes":"","_tec_slr_enabled":"","_tec_slr_layout":""},"class_list":["post-7899","page","type-page","status-publish","hentry"],"yoast_head":"<!-- This site is optimized with the Yoast SEO plugin v27.2 - https:\/\/yoast.com\/product\/yoast-seo-wordpress\/ -->\n<title>Tous les articles - Panaceology<\/title>\n<meta name=\"robots\" content=\"index, follow, max-snippet:-1, max-image-preview:large, max-video-preview:-1\" \/>\n<link rel=\"canonical\" href=\"https:\/\/panaceology.com\/fr\/tous-les-articles\/\" \/>\n<meta property=\"og:locale\" content=\"fr_FR\" \/>\n<meta property=\"og:type\" content=\"article\" \/>\n<meta property=\"og:title\" content=\"Tous les articles - Panaceology\" \/>\n<meta property=\"og:description\" content=\"Tous les articles Articles de mes travaux scientifiques All Business Diseases Dreams Problems Psychometric via Photo Relationship Diseases Unveiling the Origin of Diseases: A Comprehensive Study May 11, 20230CommentsLire la&hellip;\" \/>\n<meta property=\"og:url\" content=\"https:\/\/panaceology.com\/fr\/tous-les-articles\/\" \/>\n<meta property=\"og:site_name\" content=\"Panaceology\" \/>\n<meta property=\"article:modified_time\" content=\"2024-08-18T12:52:01+00:00\" \/>\n<meta property=\"og:image\" content=\"https:\/\/panaceology.com\/wp-content\/uploads\/2023\/05\/doctor-patient-1-890x664.jpg\" \/>\n<meta name=\"twitter:card\" content=\"summary_large_image\" \/>\n<meta name=\"twitter:site\" content=\"@Panaceology\" \/>\n<meta name=\"twitter:label1\" content=\"Dur\u00e9e de lecture estim\u00e9e\" \/>\n\t<meta name=\"twitter:data1\" content=\"1 minute\" \/>\n<script type=\"application\/ld+json\" class=\"yoast-schema-graph\">{\"@context\":\"https:\/\/schema.org\",\"@graph\":[{\"@type\":\"WebPage\",\"@id\":\"https:\/\/panaceology.com\/fr\/tous-les-articles\/\",\"url\":\"https:\/\/panaceology.com\/fr\/tous-les-articles\/\",\"name\":\"Tous les articles - Panaceology\",\"isPartOf\":{\"@id\":\"https:\/\/panaceology.com\/fr\/#website\"},\"primaryImageOfPage\":{\"@id\":\"https:\/\/panaceology.com\/fr\/tous-les-articles\/#primaryimage\"},\"image\":{\"@id\":\"https:\/\/panaceology.com\/fr\/tous-les-articles\/#primaryimage\"},\"thumbnailUrl\":\"https:\/\/panaceology.com\/wp-content\/uploads\/2023\/05\/doctor-patient-1-890x664.jpg\",\"datePublished\":\"2023-07-31T10:49:53+00:00\",\"dateModified\":\"2024-08-18T12:52:01+00:00\",\"breadcrumb\":{\"@id\":\"https:\/\/panaceology.com\/fr\/tous-les-articles\/#breadcrumb\"},\"inLanguage\":\"fr-FR\",\"potentialAction\":[{\"@type\":\"ReadAction\",\"target\":[\"https:\/\/panaceology.com\/fr\/tous-les-articles\/\"]}]},{\"@type\":\"ImageObject\",\"inLanguage\":\"fr-FR\",\"@id\":\"https:\/\/panaceology.com\/fr\/tous-les-articles\/#primaryimage\",\"url\":\"https:\/\/panaceology.com\/wp-content\/uploads\/2023\/05\/doctor-patient-1-890x664.jpg\",\"contentUrl\":\"https:\/\/panaceology.com\/wp-content\/uploads\/2023\/05\/doctor-patient-1-890x664.jpg\"},{\"@type\":\"BreadcrumbList\",\"@id\":\"https:\/\/panaceology.com\/fr\/tous-les-articles\/#breadcrumb\",\"itemListElement\":[{\"@type\":\"ListItem\",\"position\":1,\"name\":\"Home\",\"item\":\"https:\/\/panaceology.com\/fr\/accueil\/\"},{\"@type\":\"ListItem\",\"position\":2,\"name\":\"Tous les articles\"}]},{\"@type\":\"WebSite\",\"@id\":\"https:\/\/panaceology.com\/fr\/#website\",\"url\":\"https:\/\/panaceology.com\/fr\/\",\"name\":\"Panaceology\",\"description\":\"Uncover the Structural Causes of Your Problems and Diseases Before Confronting Them\",\"publisher\":{\"@id\":\"https:\/\/panaceology.com\/fr\/#organization\"},\"alternateName\":\"Panaceological Analysis and Diagnosis\",\"potentialAction\":[{\"@type\":\"SearchAction\",\"target\":{\"@type\":\"EntryPoint\",\"urlTemplate\":\"https:\/\/panaceology.com\/fr\/?s={search_term_string}\"},\"query-input\":{\"@type\":\"PropertyValueSpecification\",\"valueRequired\":true,\"valueName\":\"search_term_string\"}}],\"inLanguage\":\"fr-FR\"},{\"@type\":\"Organization\",\"@id\":\"https:\/\/panaceology.com\/fr\/#organization\",\"name\":\"Panaceology\",\"alternateName\":\"Eld Wills\",\"url\":\"https:\/\/panaceology.com\/fr\/\",\"logo\":{\"@type\":\"ImageObject\",\"inLanguage\":\"fr-FR\",\"@id\":\"https:\/\/panaceology.com\/fr\/#\/schema\/logo\/image\/\",\"url\":\"https:\/\/panaceology.com\/wp-content\/uploads\/2023\/08\/cropped-favicon.png\",\"contentUrl\":\"https:\/\/panaceology.com\/wp-content\/uploads\/2023\/08\/cropped-favicon.png\",\"width\":512,\"height\":512,\"caption\":\"Panaceology\"},\"image\":{\"@id\":\"https:\/\/panaceology.com\/fr\/#\/schema\/logo\/image\/\"},\"sameAs\":[\"https:\/\/x.com\/Panaceology\",\"https:\/\/www.linkedin.com\/in\/panaceology\/\"]}]}<\/script>\n<!-- \/ Yoast SEO plugin. -->","yoast_head_json":{"title":"Tous les articles - Panaceology","robots":{"index":"index","follow":"follow","max-snippet":"max-snippet:-1","max-image-preview":"max-image-preview:large","max-video-preview":"max-video-preview:-1"},"canonical":"https:\/\/panaceology.com\/fr\/tous-les-articles\/","og_locale":"fr_FR","og_type":"article","og_title":"Tous les articles - Panaceology","og_description":"Tous les articles Articles de mes travaux scientifiques All Business Diseases Dreams Problems Psychometric via Photo Relationship Diseases Unveiling the Origin of Diseases: A Comprehensive Study May 11, 20230CommentsLire la&hellip;","og_url":"https:\/\/panaceology.com\/fr\/tous-les-articles\/","og_site_name":"Panaceology","article_modified_time":"2024-08-18T12:52:01+00:00","og_image":[{"url":"https:\/\/panaceology.com\/wp-content\/uploads\/2023\/05\/doctor-patient-1-890x664.jpg","type":"","width":"","height":""}],"twitter_card":"summary_large_image","twitter_site":"@Panaceology","twitter_misc":{"Dur\u00e9e de lecture estim\u00e9e":"1 minute"},"schema":{"@context":"https:\/\/schema.org","@graph":[{"@type":"WebPage","@id":"https:\/\/panaceology.com\/fr\/tous-les-articles\/","url":"https:\/\/panaceology.com\/fr\/tous-les-articles\/","name":"Tous les articles - Panaceology","isPartOf":{"@id":"https:\/\/panaceology.com\/fr\/#website"},"primaryImageOfPage":{"@id":"https:\/\/panaceology.com\/fr\/tous-les-articles\/#primaryimage"},"image":{"@id":"https:\/\/panaceology.com\/fr\/tous-les-articles\/#primaryimage"},"thumbnailUrl":"https:\/\/panaceology.com\/wp-content\/uploads\/2023\/05\/doctor-patient-1-890x664.jpg","datePublished":"2023-07-31T10:49:53+00:00","dateModified":"2024-08-18T12:52:01+00:00","breadcrumb":{"@id":"https:\/\/panaceology.com\/fr\/tous-les-articles\/#breadcrumb"},"inLanguage":"fr-FR","potentialAction":[{"@type":"ReadAction","target":["https:\/\/panaceology.com\/fr\/tous-les-articles\/"]}]},{"@type":"ImageObject","inLanguage":"fr-FR","@id":"https:\/\/panaceology.com\/fr\/tous-les-articles\/#primaryimage","url":"https:\/\/panaceology.com\/wp-content\/uploads\/2023\/05\/doctor-patient-1-890x664.jpg","contentUrl":"https:\/\/panaceology.com\/wp-content\/uploads\/2023\/05\/doctor-patient-1-890x664.jpg"},{"@type":"BreadcrumbList","@id":"https:\/\/panaceology.com\/fr\/tous-les-articles\/#breadcrumb","itemListElement":[{"@type":"ListItem","position":1,"name":"Home","item":"https:\/\/panaceology.com\/fr\/accueil\/"},{"@type":"ListItem","position":2,"name":"Tous les articles"}]},{"@type":"WebSite","@id":"https:\/\/panaceology.com\/fr\/#website","url":"https:\/\/panaceology.com\/fr\/","name":"Panaceology","description":"Uncover the Structural Causes of Your Problems and Diseases Before Confronting Them","publisher":{"@id":"https:\/\/panaceology.com\/fr\/#organization"},"alternateName":"Panaceological Analysis and Diagnosis","potentialAction":[{"@type":"SearchAction","target":{"@type":"EntryPoint","urlTemplate":"https:\/\/panaceology.com\/fr\/?s={search_term_string}"},"query-input":{"@type":"PropertyValueSpecification","valueRequired":true,"valueName":"search_term_string"}}],"inLanguage":"fr-FR"},{"@type":"Organization","@id":"https:\/\/panaceology.com\/fr\/#organization","name":"Panaceology","alternateName":"Eld Wills","url":"https:\/\/panaceology.com\/fr\/","logo":{"@type":"ImageObject","inLanguage":"fr-FR","@id":"https:\/\/panaceology.com\/fr\/#\/schema\/logo\/image\/","url":"https:\/\/panaceology.com\/wp-content\/uploads\/2023\/08\/cropped-favicon.png","contentUrl":"https:\/\/panaceology.com\/wp-content\/uploads\/2023\/08\/cropped-favicon.png","width":512,"height":512,"caption":"Panaceology"},"image":{"@id":"https:\/\/panaceology.com\/fr\/#\/schema\/logo\/image\/"},"sameAs":["https:\/\/x.com\/Panaceology","https:\/\/www.linkedin.com\/in\/panaceology\/"]}]}},"campaignId":"","ticketed":false,"_links":{"self":[{"href":"https:\/\/panaceology.com\/fr\/wp-json\/wp\/v2\/pages\/7899","targetHints":{"allow":["GET"]}}],"collection":[{"href":"https:\/\/panaceology.com\/fr\/wp-json\/wp\/v2\/pages"}],"about":[{"href":"https:\/\/panaceology.com\/fr\/wp-json\/wp\/v2\/types\/page"}],"author":[{"embeddable":true,"href":"https:\/\/panaceology.com\/fr\/wp-json\/wp\/v2\/users\/1"}],"replies":[{"embeddable":true,"href":"https:\/\/panaceology.com\/fr\/wp-json\/wp\/v2\/comments?post=7899"}],"version-history":[{"count":8,"href":"https:\/\/panaceology.com\/fr\/wp-json\/wp\/v2\/pages\/7899\/revisions"}],"predecessor-version":[{"id":13309,"href":"https:\/\/panaceology.com\/fr\/wp-json\/wp\/v2\/pages\/7899\/revisions\/13309"}],"wp:attachment":[{"href":"https:\/\/panaceology.com\/fr\/wp-json\/wp\/v2\/media?parent=7899"}],"curies":[{"name":"wp","href":"https:\/\/api.w.org\/{rel}","templated":true}]}}