{"id":8056,"date":"2023-09-10T21:51:05","date_gmt":"2023-09-10T19:51:05","guid":{"rendered":"https:\/\/panaceology.com\/conditions-generales-dutilisation\/"},"modified":"2023-10-22T15:54:48","modified_gmt":"2023-10-22T13:54:48","slug":"conditions-generales-dutilisation","status":"publish","type":"page","link":"https:\/\/panaceology.com\/fr\/conditions-generales-dutilisation\/","title":{"rendered":"Conditions g\u00e9n\u00e9rales d&rsquo;utilisation"},"content":{"rendered":"\t\t<div data-elementor-type=\"wp-page\" data-elementor-id=\"8056\" class=\"elementor elementor-8056\">\n\t\t\t\t\t\t<section class=\"elementor-section elementor-top-section elementor-element elementor-element-179b66d elementor-section-boxed elementor-section-height-default elementor-section-height-default sc_fly_static\" data-id=\"179b66d\" data-element_type=\"section\" data-e-type=\"section\">\n\t\t\t\t\t\t<div class=\"elementor-container elementor-column-gap-extended\">\n\t\t\t\t\t<div class=\"elementor-column elementor-col-100 elementor-top-column elementor-element elementor-element-e6cea9f sc_content_align_inherit sc_layouts_column_icons_position_left sc_fly_static\" data-id=\"e6cea9f\" data-element_type=\"column\" data-e-type=\"column\">\n\t\t\t<div class=\"elementor-widget-wrap elementor-element-populated\">\n\t\t\t\t\t\t<div class=\"elementor-element elementor-element-aa0348a sc_fly_static elementor-widget elementor-widget-heading\" data-id=\"aa0348a\" data-element_type=\"widget\" data-e-type=\"widget\" data-widget_type=\"heading.default\">\n\t\t\t\t<div class=\"elementor-widget-container\">\n\t\t\t\t\t<h2 class=\"elementor-heading-title elementor-size-default\">Conditions g\u00e9n\u00e9rales d'utilisation<\/h2>\t\t\t\t<\/div>\n\t\t\t\t<\/div>\n\t\t\t\t\t<\/div>\n\t\t<\/div>\n\t\t\t\t\t<\/div>\n\t\t<\/section>\n\t\t\t\t<section class=\"elementor-section elementor-top-section elementor-element elementor-element-3d52eeb elementor-section-boxed elementor-section-height-default elementor-section-height-default sc_fly_static\" data-id=\"3d52eeb\" data-element_type=\"section\" data-e-type=\"section\">\n\t\t\t\t\t\t<div class=\"elementor-container elementor-column-gap-extended\">\n\t\t\t\t\t<div class=\"elementor-column elementor-col-100 elementor-top-column elementor-element elementor-element-7cca627 sc_content_align_inherit sc_layouts_column_icons_position_left sc_fly_static\" data-id=\"7cca627\" data-element_type=\"column\" data-e-type=\"column\">\n\t\t\t<div class=\"elementor-widget-wrap elementor-element-populated\">\n\t\t\t\t\t\t<div class=\"elementor-element elementor-element-e5b42b3 sc_fly_static elementor-widget elementor-widget-spacer\" data-id=\"e5b42b3\" data-element_type=\"widget\" data-e-type=\"widget\" data-widget_type=\"spacer.default\">\n\t\t\t\t<div class=\"elementor-widget-container\">\n\t\t\t\t\t\t\t<div class=\"elementor-spacer\">\n\t\t\t<div class=\"elementor-spacer-inner\"><\/div>\n\t\t<\/div>\n\t\t\t\t\t\t<\/div>\n\t\t\t\t<\/div>\n\t\t\t\t\t<\/div>\n\t\t<\/div>\n\t\t\t\t\t<\/div>\n\t\t<\/section>\n\t\t\t\t<section class=\"elementor-section elementor-top-section elementor-element elementor-element-cc2729e elementor-section-boxed elementor-section-height-default elementor-section-height-default sc_fly_static\" data-id=\"cc2729e\" data-element_type=\"section\" data-e-type=\"section\" data-settings=\"{&quot;background_background&quot;:&quot;classic&quot;}\">\n\t\t\t\t\t\t<div class=\"elementor-container elementor-column-gap-extended\">\n\t\t\t\t\t<div class=\"elementor-column elementor-col-100 elementor-top-column elementor-element elementor-element-4b0b782 sc_content_align_inherit sc_layouts_column_icons_position_left sc_fly_static\" data-id=\"4b0b782\" data-element_type=\"column\" data-e-type=\"column\">\n\t\t\t<div class=\"elementor-widget-wrap elementor-element-populated\">\n\t\t\t\t\t\t<div class=\"elementor-element elementor-element-8edc9c9 sc_fly_static elementor-widget elementor-widget-text-editor\" data-id=\"8edc9c9\" data-element_type=\"widget\" data-e-type=\"widget\" data-widget_type=\"text-editor.default\">\n\t\t\t\t<div class=\"elementor-widget-container\">\n\t\t\t\t\t\t\t\t\t<h5>1. Acceptation des conditions g\u00e9n\u00e9rales<\/h5>\n<p>En acc\u00e9dant et en utilisant le site web de Panaceology https:\/\/panaceology.com, vous acceptez de respecter et d&rsquo;\u00eatre li\u00e9 par les pr\u00e9sentes conditions g\u00e9n\u00e9rales. Si vous n&rsquo;acceptez pas ces conditions g\u00e9n\u00e9rales, veuillez ne pas utiliser ce site web.<\/p>\n<h5>2. Utilisation du site web<\/h5>\n<p>&#8211; Vous devez \u00eatre \u00e2g\u00e9 d&rsquo;au moins 18 ans pour utiliser ce site web ou nos services.<\/p>\n<p>&#8211; Vous \u00eates responsable du maintien de la confidentialit\u00e9 de votre compte et de votre mot de passe.<\/p>\n<p>&#8211; Vous acceptez d&rsquo;utiliser le site web conform\u00e9ment \u00e0 toutes les lois et r\u00e9glementations applicables.<\/p>\n<h5>3. Contenu de l&rsquo;utilisateur<\/h5>\n<p>En soumettant ou en publiant du contenu sur le site web, vous accordez \u00e0 \u00ab\u00a0Panaceology\u00a0\u00bb https:\/\/panaceology.com une licence non exclusive, libre de redevances, mondiale et perp\u00e9tuelle d&rsquo;utiliser, de modifier et de publier votre contenu en relation avec le site web.<\/p>\n<h5>4. Politique de protection de la vie priv\u00e9e<\/h5>\n<p>Votre utilisation du site web est \u00e9galement r\u00e9gie par notre politique de confidentialit\u00e9, qui peut \u00eatre consult\u00e9e \u00e0 l&rsquo;adresse suivante : [Privacy Policy https:\/\/panaceology.com\/privacy-policy]. Veuillez consulter notre politique de confidentialit\u00e9 pour comprendre nos pratiques en mati\u00e8re de donn\u00e9es.<\/p>\n<h5>5. Propri\u00e9t\u00e9 intellectuelle<\/h5>\n<p>Tout le contenu de ce site web, y compris les textes, les graphiques, les logos, les images et les services, est la propri\u00e9t\u00e9 de https:\/\/panaceology.com et est prot\u00e9g\u00e9 par des droits d&rsquo;auteur et d&rsquo;autres lois sur la propri\u00e9t\u00e9 intellectuelle. Vous ne pouvez pas utiliser ou reproduire ce contenu sans notre autorisation \u00e9crite expresse.<\/p>\n<h5>6. Exclusion de garantie<\/h5>\n<p>Ce site web est fourni \u00ab\u00a0en l&rsquo;\u00e9tat\u00a0\u00bb et \u00ab\u00a0tel que disponible\u00a0\u00bb sans aucune garantie d&rsquo;aucune sorte, qu&rsquo;elle soit expresse ou implicite. \u00ab\u00a0Panaceology\u00a0\u00bb https:\/\/panaceology.com ne donne aucune garantie quant \u00e0 l&rsquo;exactitude, l&rsquo;exhaustivit\u00e9 ou la fiabilit\u00e9 du contenu de ce site web.<\/p>\n<h5>Limitation de la responsabilit\u00e9<\/h5>\n<p>\u00ab\u00a0Panaceology\u00a0\u00bb https:\/\/panaceology.com n&rsquo;est pas responsable des dommages indirects, cons\u00e9cutifs, accidentels ou sp\u00e9ciaux r\u00e9sultant de votre utilisation de ce site web ou li\u00e9s \u00e0 celle-ci.<\/p>\n<h5>8. Modifications des conditions g\u00e9n\u00e9rales<\/h5>\n<p>\u00ab\u00a0Panaceology\u00a0\u00bb se r\u00e9serve le droit de changer ou de modifier les pr\u00e9sentes conditions g\u00e9n\u00e9rales \u00e0 tout moment et sans pr\u00e9avis. En continuant \u00e0 utiliser le site web apr\u00e8s de telles modifications, vous acceptez les nouvelles conditions g\u00e9n\u00e9rales.<\/p>\n<h5>9. Droit applicable<\/h5>\n<p>Les pr\u00e9sentes conditions g\u00e9n\u00e9rales sont r\u00e9gies et interpr\u00e9t\u00e9es conform\u00e9ment aux lois de [Your Jurisdiction]. Tout litige sera soumis \u00e0 la comp\u00e9tence exclusive des tribunaux de [Your Jurisdiction].<\/p>\n<h5>10. Informations sur les contacts<\/h5>\n<p>Si vous avez des questions ou des pr\u00e9occupations concernant les pr\u00e9sentes conditions g\u00e9n\u00e9rales, veuillez nous contacter \u00e0 l&rsquo;adresse https:\/\/panaceology.com\/contacts\/ ou nous envoyer un courrier \u00e0 l&rsquo;adresse info@panaceology.com.<\/p>\n<h5>11. Livres \u00e9lectroniques<\/h5>\n<p>&#8211; Panaceology\u00a0\u00bb https:\/\/panaceology.com propose des livres \u00e9lectroniques (e-books) \u00e0 la vente sur ce site.<\/p>\n<p>&#8211; En achetant et en t\u00e9l\u00e9chargeant des livres \u00e9lectroniques \u00e0 partir de ce site web, vous acceptez de respecter les conditions suivantes :<\/p>\n<p>  &#8211; Les livres \u00e9lectroniques sont fournis en format num\u00e9rique et sont prot\u00e9g\u00e9s par la loi sur les droits d&rsquo;auteur.<\/p>\n<p>  &#8211; Vous ne pouvez utiliser les livres \u00e9lectroniques qu&rsquo;\u00e0 des fins personnelles et non commerciales.<\/p>\n<p>  &#8211; Vous ne pouvez pas distribuer, reproduire ou revendre des livres \u00e9lectroniques sans l&rsquo;autorisation \u00e9crite expresse de [\u00ab\u00a0Panaceology<span style=\"font-size: 15px; background-color: var(--theme-color-bg_color); color: var(--theme-color-text); letter-spacing: -0.01px;\">\u00a0\u00bb <\/span><span style=\"font-size: 15px; color: var(--theme-color-text); letter-spacing: -0.01px; background-color: var(--theme-color-bg_color);\"> https:\/\/panaceology.com]<\/span>.<\/p>\n<p>  &#8211; Les livres \u00e9lectroniques peuvent faire l&rsquo;objet d&rsquo;une gestion des droits num\u00e9riques (DRM) et de restrictions d&rsquo;utilisation, qui seront sp\u00e9cifi\u00e9es sur la page du produit.<\/p>\n<p>&#8211; Toutes les ventes de livres \u00e9lectroniques sont d\u00e9finitives et aucun remboursement ne sera effectu\u00e9, sauf dans les cas pr\u00e9vus par la loi.<\/p>\n<h5>12. Droit applicable<\/h5>\n<p>Les pr\u00e9sentes conditions g\u00e9n\u00e9rales sont r\u00e9gies et interpr\u00e9t\u00e9es conform\u00e9ment aux lois de [Your Jurisdiction]. Tout litige li\u00e9 \u00e0 l&rsquo;achat et \u00e0 l&rsquo;utilisation des livres \u00e9lectroniques sera soumis \u00e0 la comp\u00e9tence exclusive des tribunaux de [Your Jurisdiction].<\/p>\n<p>Les pr\u00e9sentes conditions g\u00e9n\u00e9rales ont \u00e9t\u00e9 mises \u00e0 jour pour la derni\u00e8re fois \u00e0 l&rsquo;adresse suivante : [8 September 2023].<\/p>\n\t\t\t\t\t\t\t\t<\/div>\n\t\t\t\t<\/div>\n\t\t\t\t\t<\/div>\n\t\t<\/div>\n\t\t\t\t\t<\/div>\n\t\t<\/section>\n\t\t\t\t<\/div>\n\t\t","protected":false},"excerpt":{"rendered":"<p>Conditions g\u00e9n\u00e9rales d&rsquo;utilisation 1. Acceptation des conditions g\u00e9n\u00e9rales En acc\u00e9dant et en utilisant le site web de Panaceology https:\/\/panaceology.com, vous acceptez de respecter et d&rsquo;\u00eatre li\u00e9 par les pr\u00e9sentes conditions&hellip;<\/p>\n","protected":false},"author":1,"featured_media":0,"parent":0,"menu_order":0,"comment_status":"closed","ping_status":"closed","template":"","meta":{"give_campaign_id":0,"_bbp_topic_count":0,"_bbp_reply_count":0,"_bbp_total_topic_count":0,"_bbp_total_reply_count":0,"_bbp_voice_count":0,"_bbp_anonymous_reply_count":0,"_bbp_topic_count_hidden":0,"_bbp_reply_count_hidden":0,"_bbp_forum_subforum_count":0,"_price":"","_stock":"","_tribe_ticket_header":"","_tribe_default_ticket_provider":"","_tribe_ticket_capacity":"0","_ticket_start_date":"","_ticket_end_date":"","_tribe_ticket_show_description":"","_tribe_ticket_show_not_going":false,"_tribe_ticket_use_global_stock":"","_tribe_ticket_global_stock_level":"","_global_stock_mode":"","_global_stock_cap":"","_tribe_rsvp_for_event":"","_tribe_ticket_going_count":"","_tribe_ticket_not_going_count":"","_tribe_tickets_list":"[]","_tribe_ticket_has_attendee_info_fields":false,"footnotes":"","_tec_slr_enabled":"","_tec_slr_layout":""},"class_list":["post-8056","page","type-page","status-publish","hentry"],"yoast_head":"<!-- This site is optimized with the Yoast SEO plugin v27.2 - https:\/\/yoast.com\/product\/yoast-seo-wordpress\/ -->\n<title>Conditions g\u00e9n\u00e9rales d&#039;utilisation - Panaceology<\/title>\n<meta name=\"robots\" content=\"index, follow, max-snippet:-1, max-image-preview:large, max-video-preview:-1\" \/>\n<link rel=\"canonical\" href=\"https:\/\/panaceology.com\/fr\/conditions-generales-dutilisation\/\" \/>\n<meta property=\"og:locale\" content=\"fr_FR\" \/>\n<meta property=\"og:type\" content=\"article\" \/>\n<meta property=\"og:title\" content=\"Conditions g\u00e9n\u00e9rales d&#039;utilisation - Panaceology\" \/>\n<meta property=\"og:description\" content=\"Conditions g\u00e9n\u00e9rales d&rsquo;utilisation 1. Acceptation des conditions g\u00e9n\u00e9rales En acc\u00e9dant et en utilisant le site web de Panaceology https:\/\/panaceology.com, vous acceptez de respecter et d&rsquo;\u00eatre li\u00e9 par les pr\u00e9sentes conditions&hellip;\" \/>\n<meta property=\"og:url\" content=\"https:\/\/panaceology.com\/fr\/conditions-generales-dutilisation\/\" \/>\n<meta property=\"og:site_name\" content=\"Panaceology\" \/>\n<meta property=\"article:modified_time\" content=\"2023-10-22T13:54:48+00:00\" \/>\n<meta property=\"og:image\" content=\"https:\/\/panaceology.com\/wp-content\/uploads\/2023\/05\/logo_2-1.png\" \/>\n\t<meta property=\"og:image:width\" content=\"1875\" \/>\n\t<meta property=\"og:image:height\" content=\"408\" \/>\n\t<meta property=\"og:image:type\" content=\"image\/png\" \/>\n<meta name=\"twitter:card\" content=\"summary_large_image\" \/>\n<meta name=\"twitter:site\" content=\"@Panaceology\" \/>\n<meta name=\"twitter:label1\" content=\"Dur\u00e9e de lecture estim\u00e9e\" \/>\n\t<meta name=\"twitter:data1\" content=\"3 minutes\" \/>\n<script type=\"application\/ld+json\" class=\"yoast-schema-graph\">{\"@context\":\"https:\/\/schema.org\",\"@graph\":[{\"@type\":\"WebPage\",\"@id\":\"https:\/\/panaceology.com\/fr\/conditions-generales-dutilisation\/\",\"url\":\"https:\/\/panaceology.com\/fr\/conditions-generales-dutilisation\/\",\"name\":\"Conditions g\u00e9n\u00e9rales d'utilisation - Panaceology\",\"isPartOf\":{\"@id\":\"https:\/\/panaceology.com\/fr\/#website\"},\"datePublished\":\"2023-09-10T19:51:05+00:00\",\"dateModified\":\"2023-10-22T13:54:48+00:00\",\"breadcrumb\":{\"@id\":\"https:\/\/panaceology.com\/fr\/conditions-generales-dutilisation\/#breadcrumb\"},\"inLanguage\":\"fr-FR\",\"potentialAction\":[{\"@type\":\"ReadAction\",\"target\":[\"https:\/\/panaceology.com\/fr\/conditions-generales-dutilisation\/\"]}]},{\"@type\":\"BreadcrumbList\",\"@id\":\"https:\/\/panaceology.com\/fr\/conditions-generales-dutilisation\/#breadcrumb\",\"itemListElement\":[{\"@type\":\"ListItem\",\"position\":1,\"name\":\"Home\",\"item\":\"https:\/\/panaceology.com\/fr\/accueil\/\"},{\"@type\":\"ListItem\",\"position\":2,\"name\":\"Conditions g\u00e9n\u00e9rales d&rsquo;utilisation\"}]},{\"@type\":\"WebSite\",\"@id\":\"https:\/\/panaceology.com\/fr\/#website\",\"url\":\"https:\/\/panaceology.com\/fr\/\",\"name\":\"Panaceology\",\"description\":\"Uncover the Structural Causes of Your Problems and Diseases Before Confronting Them\",\"publisher\":{\"@id\":\"https:\/\/panaceology.com\/fr\/#organization\"},\"alternateName\":\"Panaceological Analysis and Diagnosis\",\"potentialAction\":[{\"@type\":\"SearchAction\",\"target\":{\"@type\":\"EntryPoint\",\"urlTemplate\":\"https:\/\/panaceology.com\/fr\/?s={search_term_string}\"},\"query-input\":{\"@type\":\"PropertyValueSpecification\",\"valueRequired\":true,\"valueName\":\"search_term_string\"}}],\"inLanguage\":\"fr-FR\"},{\"@type\":\"Organization\",\"@id\":\"https:\/\/panaceology.com\/fr\/#organization\",\"name\":\"Panaceology\",\"alternateName\":\"Eld Wills\",\"url\":\"https:\/\/panaceology.com\/fr\/\",\"logo\":{\"@type\":\"ImageObject\",\"inLanguage\":\"fr-FR\",\"@id\":\"https:\/\/panaceology.com\/fr\/#\/schema\/logo\/image\/\",\"url\":\"https:\/\/panaceology.com\/wp-content\/uploads\/2023\/08\/cropped-favicon.png\",\"contentUrl\":\"https:\/\/panaceology.com\/wp-content\/uploads\/2023\/08\/cropped-favicon.png\",\"width\":512,\"height\":512,\"caption\":\"Panaceology\"},\"image\":{\"@id\":\"https:\/\/panaceology.com\/fr\/#\/schema\/logo\/image\/\"},\"sameAs\":[\"https:\/\/x.com\/Panaceology\",\"https:\/\/www.linkedin.com\/in\/panaceology\/\"]}]}<\/script>\n<!-- \/ Yoast SEO plugin. -->","yoast_head_json":{"title":"Conditions g\u00e9n\u00e9rales d'utilisation - Panaceology","robots":{"index":"index","follow":"follow","max-snippet":"max-snippet:-1","max-image-preview":"max-image-preview:large","max-video-preview":"max-video-preview:-1"},"canonical":"https:\/\/panaceology.com\/fr\/conditions-generales-dutilisation\/","og_locale":"fr_FR","og_type":"article","og_title":"Conditions g\u00e9n\u00e9rales d'utilisation - Panaceology","og_description":"Conditions g\u00e9n\u00e9rales d&rsquo;utilisation 1. Acceptation des conditions g\u00e9n\u00e9rales En acc\u00e9dant et en utilisant le site web de Panaceology https:\/\/panaceology.com, vous acceptez de respecter et d&rsquo;\u00eatre li\u00e9 par les pr\u00e9sentes conditions&hellip;","og_url":"https:\/\/panaceology.com\/fr\/conditions-generales-dutilisation\/","og_site_name":"Panaceology","article_modified_time":"2023-10-22T13:54:48+00:00","og_image":[{"width":1875,"height":408,"url":"https:\/\/panaceology.com\/wp-content\/uploads\/2023\/05\/logo_2-1.png","type":"image\/png"}],"twitter_card":"summary_large_image","twitter_site":"@Panaceology","twitter_misc":{"Dur\u00e9e de lecture estim\u00e9e":"3 minutes"},"schema":{"@context":"https:\/\/schema.org","@graph":[{"@type":"WebPage","@id":"https:\/\/panaceology.com\/fr\/conditions-generales-dutilisation\/","url":"https:\/\/panaceology.com\/fr\/conditions-generales-dutilisation\/","name":"Conditions g\u00e9n\u00e9rales d'utilisation - Panaceology","isPartOf":{"@id":"https:\/\/panaceology.com\/fr\/#website"},"datePublished":"2023-09-10T19:51:05+00:00","dateModified":"2023-10-22T13:54:48+00:00","breadcrumb":{"@id":"https:\/\/panaceology.com\/fr\/conditions-generales-dutilisation\/#breadcrumb"},"inLanguage":"fr-FR","potentialAction":[{"@type":"ReadAction","target":["https:\/\/panaceology.com\/fr\/conditions-generales-dutilisation\/"]}]},{"@type":"BreadcrumbList","@id":"https:\/\/panaceology.com\/fr\/conditions-generales-dutilisation\/#breadcrumb","itemListElement":[{"@type":"ListItem","position":1,"name":"Home","item":"https:\/\/panaceology.com\/fr\/accueil\/"},{"@type":"ListItem","position":2,"name":"Conditions g\u00e9n\u00e9rales d&rsquo;utilisation"}]},{"@type":"WebSite","@id":"https:\/\/panaceology.com\/fr\/#website","url":"https:\/\/panaceology.com\/fr\/","name":"Panaceology","description":"Uncover the Structural Causes of Your Problems and Diseases Before Confronting Them","publisher":{"@id":"https:\/\/panaceology.com\/fr\/#organization"},"alternateName":"Panaceological Analysis and Diagnosis","potentialAction":[{"@type":"SearchAction","target":{"@type":"EntryPoint","urlTemplate":"https:\/\/panaceology.com\/fr\/?s={search_term_string}"},"query-input":{"@type":"PropertyValueSpecification","valueRequired":true,"valueName":"search_term_string"}}],"inLanguage":"fr-FR"},{"@type":"Organization","@id":"https:\/\/panaceology.com\/fr\/#organization","name":"Panaceology","alternateName":"Eld Wills","url":"https:\/\/panaceology.com\/fr\/","logo":{"@type":"ImageObject","inLanguage":"fr-FR","@id":"https:\/\/panaceology.com\/fr\/#\/schema\/logo\/image\/","url":"https:\/\/panaceology.com\/wp-content\/uploads\/2023\/08\/cropped-favicon.png","contentUrl":"https:\/\/panaceology.com\/wp-content\/uploads\/2023\/08\/cropped-favicon.png","width":512,"height":512,"caption":"Panaceology"},"image":{"@id":"https:\/\/panaceology.com\/fr\/#\/schema\/logo\/image\/"},"sameAs":["https:\/\/x.com\/Panaceology","https:\/\/www.linkedin.com\/in\/panaceology\/"]}]}},"campaignId":"","ticketed":false,"_links":{"self":[{"href":"https:\/\/panaceology.com\/fr\/wp-json\/wp\/v2\/pages\/8056","targetHints":{"allow":["GET"]}}],"collection":[{"href":"https:\/\/panaceology.com\/fr\/wp-json\/wp\/v2\/pages"}],"about":[{"href":"https:\/\/panaceology.com\/fr\/wp-json\/wp\/v2\/types\/page"}],"author":[{"embeddable":true,"href":"https:\/\/panaceology.com\/fr\/wp-json\/wp\/v2\/users\/1"}],"replies":[{"embeddable":true,"href":"https:\/\/panaceology.com\/fr\/wp-json\/wp\/v2\/comments?post=8056"}],"version-history":[{"count":2,"href":"https:\/\/panaceology.com\/fr\/wp-json\/wp\/v2\/pages\/8056\/revisions"}],"predecessor-version":[{"id":8071,"href":"https:\/\/panaceology.com\/fr\/wp-json\/wp\/v2\/pages\/8056\/revisions\/8071"}],"wp:attachment":[{"href":"https:\/\/panaceology.com\/fr\/wp-json\/wp\/v2\/media?parent=8056"}],"curies":[{"name":"wp","href":"https:\/\/api.w.org\/{rel}","templated":true}]}}