{"id":17139,"date":"2025-09-08T23:41:55","date_gmt":"2025-09-08T21:41:55","guid":{"rendered":"https:\/\/panaceology.com\/?post_type=product&#038;p=17139"},"modified":"2025-09-14T00:04:19","modified_gmt":"2025-09-13T22:04:19","slug":"analyse-panaceologique-des-reves","status":"publish","type":"product","link":"https:\/\/panaceology.com\/fr\/product\/analyse-panaceologique-des-reves\/","title":{"rendered":"PANAC\u00c9OLOGIE Analyse Panac\u00e9ologique des R\u00eaves"},"content":{"rendered":"<p><b>Analyse Panac\u00e9ologique des R\u00eaves \u2014 l\u2019ouvrage qui red\u00e9finit la mani\u00e8re dont nous comprenons les r\u00eaves, l\u2019esprit et le soi<\/b><b><\/b><\/p>\n<p>Depuis des mill\u00e9naires, les r\u00eaves fascinent philosophes, mystiques, scientifiques et chercheurs de v\u00e9rit\u00e9. Pourtant, malgr\u00e9 des si\u00e8cles d\u2019\u00e9tude, aucun cadre conceptuel n\u2019avait v\u00e9ritablement r\u00e9v\u00e9l\u00e9 pourquoi les r\u00eaves surviennent, comment ils sont structur\u00e9s et ce qu\u2019ils sont destin\u00e9s \u00e0 accomplir dans nos vies \u2014 jusqu\u2019\u00e0 pr\u00e9sent.<\/p>\n<p>Cet ouvrage <b>novateur<\/b> pr\u00e9sente l\u2019Analyse Panac\u00e9ologique des R\u00eaves, une discipline scientifique enti\u00e8rement nouvelle, d\u00e9velopp\u00e9e au cours de plus de trois d\u00e9cennies de recherche appliqu\u00e9e et d\u2019investigation empirique. Il ne s\u2019agit pas d\u2019une adaptation de la psychologie, de la neurologie ou de l\u2019interpr\u00e9tation traditionnelle des r\u00eaves \u2014 mais d\u2019une science structurelle de la <b>Structure Personnelle Individuelle (SPI)<\/b> : l\u2019architecture cach\u00e9e en chaque individu, qui fa\u00e7onne les \u00e9v\u00e9nements de la vie, la sant\u00e9, les relations et la trajectoire d\u2019\u00e9volution personnelle.<\/p>\n<p><strong>Dans ces pages, vous allez :<\/strong><\/p>\n<p>\u2022 D\u00e9couvrir que les r\u00eaves sont des reflets structurels de la SPI \u2014 non pas des images al\u00e9atoires ou des murmures subconscients, mais des algorithmes symboliques pr\u00e9cis\u00e9ment form\u00e9s des \u00e9v\u00e9nements en cours de formation dans votre vie.<\/p>\n<p>\u2022 Comprendre pourquoi les probl\u00e8mes r\u00e9currents, les maladies et les conflits ne sont pas des accidents \u2014 et comment les r\u00eaves peuvent en r\u00e9v\u00e9ler la cause v\u00e9ritable avant qu\u2019ils ne se manifestent pleinement.<\/p>\n<p>\u2022 \u00c9tudier des cas r\u00e9els et document\u00e9s o\u00f9 l\u2019Analyse Panac\u00e9ologique des R\u00eaves a pr\u00e9dit et transform\u00e9 des \u00e9v\u00e9nements de vie avec une exactitude remarquable.<\/p>\n<p>\u2022 Saisir pourquoi aucune science ou m\u00e9thode existante \u2014 de Freud aux neurosciences modernes \u2014 n\u2019a pu acc\u00e9der \u00e0 ce niveau de v\u00e9rit\u00e9 structurelle.<\/p>\n<p>Il ne s\u2019agit pas d\u2019un dictionnaire des r\u00eaves, ni d\u2019un ensemble d\u2019id\u00e9es mystiques ou abstraites. C\u2019est un syst\u00e8me profond et m\u00e9thodologiquement pr\u00e9cis \u2014 une science qui red\u00e9finit \u00e0 la fois le r\u00eave et le d\u00e9veloppement humain.<\/p>\n<p><b>Pourquoi cet ouvrage est diff\u00e9rent<\/b><b><\/b><\/p>\n<p>\u2022 Le premier et seul travail qui pr\u00e9sente la SPI et ses algorithmes structurels comme fondement de la formation des r\u00eaves.<\/p>\n<p>\u2022 Bas\u00e9 sur plus de 30 ans de cas pratiques et empiriques \u2014 et non sur des th\u00e9ories.<\/p>\n<p>\u2022 \u00c9crit par le fondateur de la Panac\u00e9ologie, le seul actuellement \u00e0 pratiquer et enseigner cette m\u00e9thode.<\/p>\n<p>Pour les scientifiques, il ouvre une nouvelle fronti\u00e8re de la compr\u00e9hension humaine.<\/p>\n<p>Pour les chercheurs, il trace une carte de la structure interne de la vie.<\/p>\n<p>Pour les professionnels, il offre un outil pour voir la r\u00e9alit\u00e9 avec une clart\u00e9 sans pr\u00e9c\u00e9dent.<\/p>\n<p>Une fois vos r\u00eaves vus \u00e0 travers le prisme de la Panac\u00e9ologie, vous ne verrez plus jamais la vie de la m\u00eame mani\u00e8re.<\/p>\n","protected":false},"excerpt":{"rendered":"<p><b>Analyse Panac\u00e9ologique des R\u00eaves \u2014 l\u2019ouvrage qui red\u00e9finit la mani\u00e8re dont nous comprenons les r\u00eaves, l\u2019esprit et le soi<\/b><b><\/b><\/p>\n<p>Depuis des mill\u00e9naires, les r\u00eaves fascinent philosophes, mystiques, scientifiques et chercheurs de v\u00e9rit\u00e9. Pourtant, malgr\u00e9 des si\u00e8cles d\u2019\u00e9tude, aucun cadre conceptuel n\u2019avait v\u00e9ritablement r\u00e9v\u00e9l\u00e9 pourquoi les r\u00eaves surviennent, comment ils sont structur\u00e9s et ce qu\u2019ils sont destin\u00e9s \u00e0 accomplir dans nos vies \u2014 jusqu\u2019\u00e0 pr\u00e9sent.<\/p>\n<p>Cet ouvrage <b>novateur<\/b> pr\u00e9sente l\u2019Analyse Panac\u00e9ologique des R\u00eaves, une discipline scientifique enti\u00e8rement nouvelle, d\u00e9velopp\u00e9e au cours de plus de trois d\u00e9cennies de recherche appliqu\u00e9e et d\u2019investigation empirique. Il ne s\u2019agit pas d\u2019une adaptation de la psychologie, de la neurologie ou de l\u2019interpr\u00e9tation traditionnelle des r\u00eaves \u2014 mais d\u2019une science structurelle de la <b>Structure Personnelle Individuelle (SPI)<\/b> : l\u2019architecture cach\u00e9e en chaque individu, qui fa\u00e7onne les \u00e9v\u00e9nements de la vie, la sant\u00e9, les relations et la trajectoire d\u2019\u00e9volution personnelle.<\/p>\n","protected":false},"featured_media":17159,"comment_status":"closed","ping_status":"closed","template":"","meta":{"give_campaign_id":0,"_bbp_topic_count":0,"_bbp_reply_count":0,"_bbp_total_topic_count":0,"_bbp_total_reply_count":0,"_bbp_voice_count":0,"_bbp_anonymous_reply_count":0,"_bbp_topic_count_hidden":0,"_bbp_reply_count_hidden":0,"_bbp_forum_subforum_count":0,"_price":"65","_stock":"","_tribe_ticket_header":"","_tribe_default_ticket_provider":"","_tribe_ticket_capacity":"2","_ticket_start_date":"","_ticket_end_date":"","_tribe_ticket_show_description":"","_tribe_ticket_show_not_going":false,"_tribe_ticket_use_global_stock":"","_tribe_ticket_global_stock_level":"","_global_stock_mode":"","_global_stock_cap":"","_tribe_rsvp_for_event":"","_tribe_ticket_going_count":"","_tribe_ticket_not_going_count":"","_tribe_tickets_list":"[]","_tribe_ticket_has_attendee_info_fields":false},"product_brand":[],"product_cat":[112],"product_tag":[139,154,280],"class_list":{"0":"post-17139","1":"product","2":"type-product","3":"status-publish","4":"has-post-thumbnail","6":"product_cat-livre-electronique","7":"product_tag-livre-electronique","8":"product_tag-panacee","9":"product_tag-panaceologie","11":"first","12":"outofstock","13":"featured","14":"downloadable","15":"virtual","16":"taxable","17":"purchasable","18":"product-type-simple"},"yoast_head":"<!-- This site is optimized with the Yoast SEO plugin v27.2 - https:\/\/yoast.com\/product\/yoast-seo-wordpress\/ -->\n<title>PANAC\u00c9OLOGIE Analyse Panac\u00e9ologique des R\u00eaves - Panaceology<\/title>\n<meta name=\"robots\" content=\"index, follow, max-snippet:-1, max-image-preview:large, max-video-preview:-1\" \/>\n<link rel=\"canonical\" href=\"https:\/\/panaceology.com\/fr\/product\/analyse-panaceologique-des-reves\/\" \/>\n<meta property=\"og:locale\" content=\"fr_FR\" \/>\n<meta property=\"og:type\" content=\"article\" \/>\n<meta property=\"og:title\" content=\"PANAC\u00c9OLOGIE Analyse Panac\u00e9ologique des R\u00eaves - Panaceology\" \/>\n<meta property=\"og:description\" content=\"Analyse Panac\u00e9ologique des R\u00eaves \u2014 l\u2019ouvrage qui red\u00e9finit la mani\u00e8re dont nous comprenons les r\u00eaves, l\u2019esprit et le soi  Depuis des mill\u00e9naires, les r\u00eaves fascinent philosophes, mystiques, scientifiques et chercheurs de v\u00e9rit\u00e9. Pourtant, malgr\u00e9 des si\u00e8cles d\u2019\u00e9tude, aucun cadre conceptuel n\u2019avait v\u00e9ritablement r\u00e9v\u00e9l\u00e9 pourquoi les r\u00eaves surviennent, comment ils sont structur\u00e9s et ce qu\u2019ils sont destin\u00e9s \u00e0 accomplir dans nos vies \u2014 jusqu\u2019\u00e0 pr\u00e9sent.  Cet ouvrage novateur pr\u00e9sente l\u2019Analyse Panac\u00e9ologique des R\u00eaves, une discipline scientifique enti\u00e8rement nouvelle, d\u00e9velopp\u00e9e au cours de plus de trois d\u00e9cennies de recherche appliqu\u00e9e et d\u2019investigation empirique. Il ne s\u2019agit pas d\u2019une adaptation de la psychologie, de la neurologie ou de l\u2019interpr\u00e9tation traditionnelle des r\u00eaves \u2014 mais d\u2019une science structurelle de la Structure Personnelle Individuelle (SPI) : l\u2019architecture cach\u00e9e en chaque individu, qui fa\u00e7onne les \u00e9v\u00e9nements de la vie, la sant\u00e9, les relations et la trajectoire d\u2019\u00e9volution personnelle.\" \/>\n<meta property=\"og:url\" content=\"https:\/\/panaceology.com\/fr\/product\/analyse-panaceologique-des-reves\/\" \/>\n<meta property=\"og:site_name\" content=\"Panaceology\" \/>\n<meta property=\"article:modified_time\" content=\"2025-09-13T22:04:19+00:00\" \/>\n<meta property=\"og:image\" content=\"https:\/\/panaceology.com\/wp-content\/uploads\/2025\/09\/Dream_Fr_Web-1.png\" \/>\n\t<meta property=\"og:image:width\" content=\"1210\" \/>\n\t<meta property=\"og:image:height\" content=\"1210\" \/>\n\t<meta property=\"og:image:type\" content=\"image\/png\" \/>\n<meta name=\"twitter:card\" content=\"summary_large_image\" \/>\n<meta name=\"twitter:site\" content=\"@Panaceology\" \/>\n<meta name=\"twitter:label1\" content=\"Dur\u00e9e de lecture estim\u00e9e\" \/>\n\t<meta name=\"twitter:data1\" content=\"3 minutes\" \/>\n<script type=\"application\/ld+json\" class=\"yoast-schema-graph\">{\"@context\":\"https:\/\/schema.org\",\"@graph\":[{\"@type\":\"WebPage\",\"@id\":\"https:\/\/panaceology.com\/fr\/product\/analyse-panaceologique-des-reves\/\",\"url\":\"https:\/\/panaceology.com\/fr\/product\/analyse-panaceologique-des-reves\/\",\"name\":\"PANAC\u00c9OLOGIE Analyse Panac\u00e9ologique des R\u00eaves - Panaceology\",\"isPartOf\":{\"@id\":\"https:\/\/panaceology.com\/fr\/#website\"},\"primaryImageOfPage\":{\"@id\":\"https:\/\/panaceology.com\/fr\/product\/analyse-panaceologique-des-reves\/#primaryimage\"},\"image\":{\"@id\":\"https:\/\/panaceology.com\/fr\/product\/analyse-panaceologique-des-reves\/#primaryimage\"},\"thumbnailUrl\":\"https:\/\/panaceology.com\/wp-content\/uploads\/2025\/09\/Dream_Fr_Web-1.png\",\"datePublished\":\"2025-09-08T21:41:55+00:00\",\"dateModified\":\"2025-09-13T22:04:19+00:00\",\"breadcrumb\":{\"@id\":\"https:\/\/panaceology.com\/fr\/product\/analyse-panaceologique-des-reves\/#breadcrumb\"},\"inLanguage\":\"fr-FR\",\"potentialAction\":[{\"@type\":\"ReadAction\",\"target\":[\"https:\/\/panaceology.com\/fr\/product\/analyse-panaceologique-des-reves\/\"]}]},{\"@type\":\"ImageObject\",\"inLanguage\":\"fr-FR\",\"@id\":\"https:\/\/panaceology.com\/fr\/product\/analyse-panaceologique-des-reves\/#primaryimage\",\"url\":\"https:\/\/panaceology.com\/wp-content\/uploads\/2025\/09\/Dream_Fr_Web-1.png\",\"contentUrl\":\"https:\/\/panaceology.com\/wp-content\/uploads\/2025\/09\/Dream_Fr_Web-1.png\",\"width\":1210,\"height\":1210},{\"@type\":\"BreadcrumbList\",\"@id\":\"https:\/\/panaceology.com\/fr\/product\/analyse-panaceologique-des-reves\/#breadcrumb\",\"itemListElement\":[{\"@type\":\"ListItem\",\"position\":1,\"name\":\"Home\",\"item\":\"https:\/\/panaceology.com\/fr\/accueil\/\"},{\"@type\":\"ListItem\",\"position\":2,\"name\":\"Books\",\"item\":\"https:\/\/panaceology.com\/shop\/\"},{\"@type\":\"ListItem\",\"position\":3,\"name\":\"PANAC\u00c9OLOGIE Analyse Panac\u00e9ologique des R\u00eaves\"}]},{\"@type\":\"WebSite\",\"@id\":\"https:\/\/panaceology.com\/fr\/#website\",\"url\":\"https:\/\/panaceology.com\/fr\/\",\"name\":\"Panaceology\",\"description\":\"Uncover the Structural Causes of Your Problems and Diseases Before Confronting Them\",\"publisher\":{\"@id\":\"https:\/\/panaceology.com\/fr\/#organization\"},\"alternateName\":\"Panaceological Analysis and Diagnosis\",\"potentialAction\":[{\"@type\":\"SearchAction\",\"target\":{\"@type\":\"EntryPoint\",\"urlTemplate\":\"https:\/\/panaceology.com\/fr\/?s={search_term_string}\"},\"query-input\":{\"@type\":\"PropertyValueSpecification\",\"valueRequired\":true,\"valueName\":\"search_term_string\"}}],\"inLanguage\":\"fr-FR\"},{\"@type\":\"Organization\",\"@id\":\"https:\/\/panaceology.com\/fr\/#organization\",\"name\":\"Panaceology\",\"alternateName\":\"Eld Wills\",\"url\":\"https:\/\/panaceology.com\/fr\/\",\"logo\":{\"@type\":\"ImageObject\",\"inLanguage\":\"fr-FR\",\"@id\":\"https:\/\/panaceology.com\/fr\/#\/schema\/logo\/image\/\",\"url\":\"https:\/\/panaceology.com\/wp-content\/uploads\/2023\/08\/cropped-favicon.png\",\"contentUrl\":\"https:\/\/panaceology.com\/wp-content\/uploads\/2023\/08\/cropped-favicon.png\",\"width\":512,\"height\":512,\"caption\":\"Panaceology\"},\"image\":{\"@id\":\"https:\/\/panaceology.com\/fr\/#\/schema\/logo\/image\/\"},\"sameAs\":[\"https:\/\/x.com\/Panaceology\",\"https:\/\/www.linkedin.com\/in\/panaceology\/\"]}]}<\/script>\n<!-- \/ Yoast SEO plugin. -->","yoast_head_json":{"title":"PANAC\u00c9OLOGIE Analyse Panac\u00e9ologique des R\u00eaves - Panaceology","robots":{"index":"index","follow":"follow","max-snippet":"max-snippet:-1","max-image-preview":"max-image-preview:large","max-video-preview":"max-video-preview:-1"},"canonical":"https:\/\/panaceology.com\/fr\/product\/analyse-panaceologique-des-reves\/","og_locale":"fr_FR","og_type":"article","og_title":"PANAC\u00c9OLOGIE Analyse Panac\u00e9ologique des R\u00eaves - Panaceology","og_description":"Analyse Panac\u00e9ologique des R\u00eaves \u2014 l\u2019ouvrage qui red\u00e9finit la mani\u00e8re dont nous comprenons les r\u00eaves, l\u2019esprit et le soi  Depuis des mill\u00e9naires, les r\u00eaves fascinent philosophes, mystiques, scientifiques et chercheurs de v\u00e9rit\u00e9. Pourtant, malgr\u00e9 des si\u00e8cles d\u2019\u00e9tude, aucun cadre conceptuel n\u2019avait v\u00e9ritablement r\u00e9v\u00e9l\u00e9 pourquoi les r\u00eaves surviennent, comment ils sont structur\u00e9s et ce qu\u2019ils sont destin\u00e9s \u00e0 accomplir dans nos vies \u2014 jusqu\u2019\u00e0 pr\u00e9sent.  Cet ouvrage novateur pr\u00e9sente l\u2019Analyse Panac\u00e9ologique des R\u00eaves, une discipline scientifique enti\u00e8rement nouvelle, d\u00e9velopp\u00e9e au cours de plus de trois d\u00e9cennies de recherche appliqu\u00e9e et d\u2019investigation empirique. Il ne s\u2019agit pas d\u2019une adaptation de la psychologie, de la neurologie ou de l\u2019interpr\u00e9tation traditionnelle des r\u00eaves \u2014 mais d\u2019une science structurelle de la Structure Personnelle Individuelle (SPI) : l\u2019architecture cach\u00e9e en chaque individu, qui fa\u00e7onne les \u00e9v\u00e9nements de la vie, la sant\u00e9, les relations et la trajectoire d\u2019\u00e9volution personnelle.","og_url":"https:\/\/panaceology.com\/fr\/product\/analyse-panaceologique-des-reves\/","og_site_name":"Panaceology","article_modified_time":"2025-09-13T22:04:19+00:00","og_image":[{"width":1210,"height":1210,"url":"https:\/\/panaceology.com\/wp-content\/uploads\/2025\/09\/Dream_Fr_Web-1.png","type":"image\/png"}],"twitter_card":"summary_large_image","twitter_site":"@Panaceology","twitter_misc":{"Dur\u00e9e de lecture estim\u00e9e":"3 minutes"},"schema":{"@context":"https:\/\/schema.org","@graph":[{"@type":"WebPage","@id":"https:\/\/panaceology.com\/fr\/product\/analyse-panaceologique-des-reves\/","url":"https:\/\/panaceology.com\/fr\/product\/analyse-panaceologique-des-reves\/","name":"PANAC\u00c9OLOGIE Analyse Panac\u00e9ologique des R\u00eaves - Panaceology","isPartOf":{"@id":"https:\/\/panaceology.com\/fr\/#website"},"primaryImageOfPage":{"@id":"https:\/\/panaceology.com\/fr\/product\/analyse-panaceologique-des-reves\/#primaryimage"},"image":{"@id":"https:\/\/panaceology.com\/fr\/product\/analyse-panaceologique-des-reves\/#primaryimage"},"thumbnailUrl":"https:\/\/panaceology.com\/wp-content\/uploads\/2025\/09\/Dream_Fr_Web-1.png","datePublished":"2025-09-08T21:41:55+00:00","dateModified":"2025-09-13T22:04:19+00:00","breadcrumb":{"@id":"https:\/\/panaceology.com\/fr\/product\/analyse-panaceologique-des-reves\/#breadcrumb"},"inLanguage":"fr-FR","potentialAction":[{"@type":"ReadAction","target":["https:\/\/panaceology.com\/fr\/product\/analyse-panaceologique-des-reves\/"]}]},{"@type":"ImageObject","inLanguage":"fr-FR","@id":"https:\/\/panaceology.com\/fr\/product\/analyse-panaceologique-des-reves\/#primaryimage","url":"https:\/\/panaceology.com\/wp-content\/uploads\/2025\/09\/Dream_Fr_Web-1.png","contentUrl":"https:\/\/panaceology.com\/wp-content\/uploads\/2025\/09\/Dream_Fr_Web-1.png","width":1210,"height":1210},{"@type":"BreadcrumbList","@id":"https:\/\/panaceology.com\/fr\/product\/analyse-panaceologique-des-reves\/#breadcrumb","itemListElement":[{"@type":"ListItem","position":1,"name":"Home","item":"https:\/\/panaceology.com\/fr\/accueil\/"},{"@type":"ListItem","position":2,"name":"Books","item":"https:\/\/panaceology.com\/shop\/"},{"@type":"ListItem","position":3,"name":"PANAC\u00c9OLOGIE Analyse Panac\u00e9ologique des R\u00eaves"}]},{"@type":"WebSite","@id":"https:\/\/panaceology.com\/fr\/#website","url":"https:\/\/panaceology.com\/fr\/","name":"Panaceology","description":"Uncover the Structural Causes of Your Problems and Diseases Before Confronting Them","publisher":{"@id":"https:\/\/panaceology.com\/fr\/#organization"},"alternateName":"Panaceological Analysis and Diagnosis","potentialAction":[{"@type":"SearchAction","target":{"@type":"EntryPoint","urlTemplate":"https:\/\/panaceology.com\/fr\/?s={search_term_string}"},"query-input":{"@type":"PropertyValueSpecification","valueRequired":true,"valueName":"search_term_string"}}],"inLanguage":"fr-FR"},{"@type":"Organization","@id":"https:\/\/panaceology.com\/fr\/#organization","name":"Panaceology","alternateName":"Eld Wills","url":"https:\/\/panaceology.com\/fr\/","logo":{"@type":"ImageObject","inLanguage":"fr-FR","@id":"https:\/\/panaceology.com\/fr\/#\/schema\/logo\/image\/","url":"https:\/\/panaceology.com\/wp-content\/uploads\/2023\/08\/cropped-favicon.png","contentUrl":"https:\/\/panaceology.com\/wp-content\/uploads\/2023\/08\/cropped-favicon.png","width":512,"height":512,"caption":"Panaceology"},"image":{"@id":"https:\/\/panaceology.com\/fr\/#\/schema\/logo\/image\/"},"sameAs":["https:\/\/x.com\/Panaceology","https:\/\/www.linkedin.com\/in\/panaceology\/"]}]}},"_links":{"self":[{"href":"https:\/\/panaceology.com\/fr\/wp-json\/wp\/v2\/product\/17139","targetHints":{"allow":["GET"]}}],"collection":[{"href":"https:\/\/panaceology.com\/fr\/wp-json\/wp\/v2\/product"}],"about":[{"href":"https:\/\/panaceology.com\/fr\/wp-json\/wp\/v2\/types\/product"}],"replies":[{"embeddable":true,"href":"https:\/\/panaceology.com\/fr\/wp-json\/wp\/v2\/comments?post=17139"}],"version-history":[{"count":3,"href":"https:\/\/panaceology.com\/fr\/wp-json\/wp\/v2\/product\/17139\/revisions"}],"predecessor-version":[{"id":17169,"href":"https:\/\/panaceology.com\/fr\/wp-json\/wp\/v2\/product\/17139\/revisions\/17169"}],"wp:featuredmedia":[{"embeddable":true,"href":"https:\/\/panaceology.com\/fr\/wp-json\/wp\/v2\/media\/17159"}],"wp:attachment":[{"href":"https:\/\/panaceology.com\/fr\/wp-json\/wp\/v2\/media?parent=17139"}],"wp:term":[{"taxonomy":"product_brand","embeddable":true,"href":"https:\/\/panaceology.com\/fr\/wp-json\/wp\/v2\/product_brand?post=17139"},{"taxonomy":"product_cat","embeddable":true,"href":"https:\/\/panaceology.com\/fr\/wp-json\/wp\/v2\/product_cat?post=17139"},{"taxonomy":"product_tag","embeddable":true,"href":"https:\/\/panaceology.com\/fr\/wp-json\/wp\/v2\/product_tag?post=17139"}],"curies":[{"name":"wp","href":"https:\/\/api.w.org\/{rel}","templated":true}]}}