{"id":17170,"date":"2024-09-09T23:53:35","date_gmt":"2024-09-09T21:53:35","guid":{"rendered":"https:\/\/panaceology.com\/?post_type=product&#038;p=17170"},"modified":"2025-09-14T00:06:24","modified_gmt":"2025-09-13T22:06:24","slug":"analyse-panaceologique-des-affaires","status":"publish","type":"product","link":"https:\/\/panaceology.com\/fr\/product\/analyse-panaceologique-des-affaires\/","title":{"rendered":"PANAC\u00c9OLOGIE Analyse Panac\u00e9ologique des Affaires"},"content":{"rendered":"<p dir=\"auto\"><strong>Analyse Panac\u00e9ologique des Affaires<\/strong><\/p>\n","protected":false},"excerpt":{"rendered":"<p dir=\"auto\"><strong>Analyse Panac\u00e9ologique des Affaires<\/strong><\/p>\n","protected":false},"featured_media":17130,"comment_status":"closed","ping_status":"closed","template":"","meta":{"give_campaign_id":0,"_bbp_topic_count":0,"_bbp_reply_count":0,"_bbp_total_topic_count":0,"_bbp_total_reply_count":0,"_bbp_voice_count":0,"_bbp_anonymous_reply_count":0,"_bbp_topic_count_hidden":0,"_bbp_reply_count_hidden":0,"_bbp_forum_subforum_count":0,"_price":"65","_stock":"","_tribe_ticket_header":"","_tribe_default_ticket_provider":"","_tribe_ticket_capacity":"2","_ticket_start_date":"","_ticket_end_date":"","_tribe_ticket_show_description":"","_tribe_ticket_show_not_going":false,"_tribe_ticket_use_global_stock":"","_tribe_ticket_global_stock_level":"","_global_stock_mode":"","_global_stock_cap":"","_tribe_rsvp_for_event":"","_tribe_ticket_going_count":"","_tribe_ticket_not_going_count":"","_tribe_tickets_list":"[]","_tribe_ticket_has_attendee_info_fields":false},"product_brand":[],"product_cat":[112],"product_tag":[139,154,280],"class_list":{"0":"post-17170","1":"product","2":"type-product","3":"status-publish","4":"has-post-thumbnail","6":"product_cat-livre-electronique","7":"product_tag-livre-electronique","8":"product_tag-panacee","9":"product_tag-panaceologie","11":"first","12":"outofstock","13":"featured","14":"downloadable","15":"virtual","16":"taxable","17":"purchasable","18":"product-type-simple"},"yoast_head":"<!-- This site is optimized with the Yoast SEO plugin v27.2 - https:\/\/yoast.com\/product\/yoast-seo-wordpress\/ -->\n<title>PANAC\u00c9OLOGIE Analyse Panac\u00e9ologique des Affaires - Panaceology<\/title>\n<meta name=\"robots\" content=\"index, follow, max-snippet:-1, max-image-preview:large, max-video-preview:-1\" \/>\n<link rel=\"canonical\" href=\"https:\/\/panaceology.com\/fr\/product\/analyse-panaceologique-des-affaires\/\" \/>\n<meta property=\"og:locale\" content=\"fr_FR\" \/>\n<meta property=\"og:type\" content=\"article\" \/>\n<meta property=\"og:title\" content=\"PANAC\u00c9OLOGIE Analyse Panac\u00e9ologique des Affaires - Panaceology\" \/>\n<meta property=\"og:description\" content=\"Analyse Panac\u00e9ologique des Affaires\" \/>\n<meta property=\"og:url\" content=\"https:\/\/panaceology.com\/fr\/product\/analyse-panaceologique-des-affaires\/\" \/>\n<meta property=\"og:site_name\" content=\"Panaceology\" \/>\n<meta property=\"article:modified_time\" content=\"2025-09-13T22:06:24+00:00\" \/>\n<meta property=\"og:image\" content=\"https:\/\/panaceology.com\/wp-content\/uploads\/2023\/09\/Business_Fr_Web.png\" \/>\n\t<meta property=\"og:image:width\" content=\"1210\" \/>\n\t<meta property=\"og:image:height\" content=\"1210\" \/>\n\t<meta property=\"og:image:type\" content=\"image\/png\" \/>\n<meta name=\"twitter:card\" content=\"summary_large_image\" \/>\n<meta name=\"twitter:site\" content=\"@Panaceology\" \/>\n<meta name=\"twitter:label1\" content=\"Dur\u00e9e de lecture estim\u00e9e\" \/>\n\t<meta name=\"twitter:data1\" content=\"1 minute\" \/>\n<script type=\"application\/ld+json\" class=\"yoast-schema-graph\">{\"@context\":\"https:\/\/schema.org\",\"@graph\":[{\"@type\":\"WebPage\",\"@id\":\"https:\/\/panaceology.com\/fr\/product\/analyse-panaceologique-des-affaires\/\",\"url\":\"https:\/\/panaceology.com\/fr\/product\/analyse-panaceologique-des-affaires\/\",\"name\":\"PANAC\u00c9OLOGIE Analyse Panac\u00e9ologique des Affaires - Panaceology\",\"isPartOf\":{\"@id\":\"https:\/\/panaceology.com\/fr\/#website\"},\"primaryImageOfPage\":{\"@id\":\"https:\/\/panaceology.com\/fr\/product\/analyse-panaceologique-des-affaires\/#primaryimage\"},\"image\":{\"@id\":\"https:\/\/panaceology.com\/fr\/product\/analyse-panaceologique-des-affaires\/#primaryimage\"},\"thumbnailUrl\":\"https:\/\/panaceology.com\/wp-content\/uploads\/2023\/09\/Business_Fr_Web.png\",\"datePublished\":\"2024-09-09T21:53:35+00:00\",\"dateModified\":\"2025-09-13T22:06:24+00:00\",\"breadcrumb\":{\"@id\":\"https:\/\/panaceology.com\/fr\/product\/analyse-panaceologique-des-affaires\/#breadcrumb\"},\"inLanguage\":\"fr-FR\",\"potentialAction\":[{\"@type\":\"ReadAction\",\"target\":[\"https:\/\/panaceology.com\/fr\/product\/analyse-panaceologique-des-affaires\/\"]}]},{\"@type\":\"ImageObject\",\"inLanguage\":\"fr-FR\",\"@id\":\"https:\/\/panaceology.com\/fr\/product\/analyse-panaceologique-des-affaires\/#primaryimage\",\"url\":\"https:\/\/panaceology.com\/wp-content\/uploads\/2023\/09\/Business_Fr_Web.png\",\"contentUrl\":\"https:\/\/panaceology.com\/wp-content\/uploads\/2023\/09\/Business_Fr_Web.png\",\"width\":1210,\"height\":1210},{\"@type\":\"BreadcrumbList\",\"@id\":\"https:\/\/panaceology.com\/fr\/product\/analyse-panaceologique-des-affaires\/#breadcrumb\",\"itemListElement\":[{\"@type\":\"ListItem\",\"position\":1,\"name\":\"Home\",\"item\":\"https:\/\/panaceology.com\/fr\/accueil\/\"},{\"@type\":\"ListItem\",\"position\":2,\"name\":\"Books\",\"item\":\"https:\/\/panaceology.com\/shop\/\"},{\"@type\":\"ListItem\",\"position\":3,\"name\":\"PANAC\u00c9OLOGIE Analyse Panac\u00e9ologique des Affaires\"}]},{\"@type\":\"WebSite\",\"@id\":\"https:\/\/panaceology.com\/fr\/#website\",\"url\":\"https:\/\/panaceology.com\/fr\/\",\"name\":\"Panaceology\",\"description\":\"Uncover the Structural Causes of Your Problems and Diseases Before Confronting Them\",\"publisher\":{\"@id\":\"https:\/\/panaceology.com\/fr\/#organization\"},\"alternateName\":\"Panaceological Analysis and Diagnosis\",\"potentialAction\":[{\"@type\":\"SearchAction\",\"target\":{\"@type\":\"EntryPoint\",\"urlTemplate\":\"https:\/\/panaceology.com\/fr\/?s={search_term_string}\"},\"query-input\":{\"@type\":\"PropertyValueSpecification\",\"valueRequired\":true,\"valueName\":\"search_term_string\"}}],\"inLanguage\":\"fr-FR\"},{\"@type\":\"Organization\",\"@id\":\"https:\/\/panaceology.com\/fr\/#organization\",\"name\":\"Panaceology\",\"alternateName\":\"Eld Wills\",\"url\":\"https:\/\/panaceology.com\/fr\/\",\"logo\":{\"@type\":\"ImageObject\",\"inLanguage\":\"fr-FR\",\"@id\":\"https:\/\/panaceology.com\/fr\/#\/schema\/logo\/image\/\",\"url\":\"https:\/\/panaceology.com\/wp-content\/uploads\/2023\/08\/cropped-favicon.png\",\"contentUrl\":\"https:\/\/panaceology.com\/wp-content\/uploads\/2023\/08\/cropped-favicon.png\",\"width\":512,\"height\":512,\"caption\":\"Panaceology\"},\"image\":{\"@id\":\"https:\/\/panaceology.com\/fr\/#\/schema\/logo\/image\/\"},\"sameAs\":[\"https:\/\/x.com\/Panaceology\",\"https:\/\/www.linkedin.com\/in\/panaceology\/\"]}]}<\/script>\n<!-- \/ Yoast SEO plugin. -->","yoast_head_json":{"title":"PANAC\u00c9OLOGIE Analyse Panac\u00e9ologique des Affaires - Panaceology","robots":{"index":"index","follow":"follow","max-snippet":"max-snippet:-1","max-image-preview":"max-image-preview:large","max-video-preview":"max-video-preview:-1"},"canonical":"https:\/\/panaceology.com\/fr\/product\/analyse-panaceologique-des-affaires\/","og_locale":"fr_FR","og_type":"article","og_title":"PANAC\u00c9OLOGIE Analyse Panac\u00e9ologique des Affaires - Panaceology","og_description":"Analyse Panac\u00e9ologique des Affaires","og_url":"https:\/\/panaceology.com\/fr\/product\/analyse-panaceologique-des-affaires\/","og_site_name":"Panaceology","article_modified_time":"2025-09-13T22:06:24+00:00","og_image":[{"width":1210,"height":1210,"url":"https:\/\/panaceology.com\/wp-content\/uploads\/2023\/09\/Business_Fr_Web.png","type":"image\/png"}],"twitter_card":"summary_large_image","twitter_site":"@Panaceology","twitter_misc":{"Dur\u00e9e de lecture estim\u00e9e":"1 minute"},"schema":{"@context":"https:\/\/schema.org","@graph":[{"@type":"WebPage","@id":"https:\/\/panaceology.com\/fr\/product\/analyse-panaceologique-des-affaires\/","url":"https:\/\/panaceology.com\/fr\/product\/analyse-panaceologique-des-affaires\/","name":"PANAC\u00c9OLOGIE Analyse Panac\u00e9ologique des Affaires - Panaceology","isPartOf":{"@id":"https:\/\/panaceology.com\/fr\/#website"},"primaryImageOfPage":{"@id":"https:\/\/panaceology.com\/fr\/product\/analyse-panaceologique-des-affaires\/#primaryimage"},"image":{"@id":"https:\/\/panaceology.com\/fr\/product\/analyse-panaceologique-des-affaires\/#primaryimage"},"thumbnailUrl":"https:\/\/panaceology.com\/wp-content\/uploads\/2023\/09\/Business_Fr_Web.png","datePublished":"2024-09-09T21:53:35+00:00","dateModified":"2025-09-13T22:06:24+00:00","breadcrumb":{"@id":"https:\/\/panaceology.com\/fr\/product\/analyse-panaceologique-des-affaires\/#breadcrumb"},"inLanguage":"fr-FR","potentialAction":[{"@type":"ReadAction","target":["https:\/\/panaceology.com\/fr\/product\/analyse-panaceologique-des-affaires\/"]}]},{"@type":"ImageObject","inLanguage":"fr-FR","@id":"https:\/\/panaceology.com\/fr\/product\/analyse-panaceologique-des-affaires\/#primaryimage","url":"https:\/\/panaceology.com\/wp-content\/uploads\/2023\/09\/Business_Fr_Web.png","contentUrl":"https:\/\/panaceology.com\/wp-content\/uploads\/2023\/09\/Business_Fr_Web.png","width":1210,"height":1210},{"@type":"BreadcrumbList","@id":"https:\/\/panaceology.com\/fr\/product\/analyse-panaceologique-des-affaires\/#breadcrumb","itemListElement":[{"@type":"ListItem","position":1,"name":"Home","item":"https:\/\/panaceology.com\/fr\/accueil\/"},{"@type":"ListItem","position":2,"name":"Books","item":"https:\/\/panaceology.com\/shop\/"},{"@type":"ListItem","position":3,"name":"PANAC\u00c9OLOGIE Analyse Panac\u00e9ologique des Affaires"}]},{"@type":"WebSite","@id":"https:\/\/panaceology.com\/fr\/#website","url":"https:\/\/panaceology.com\/fr\/","name":"Panaceology","description":"Uncover the Structural Causes of Your Problems and Diseases Before Confronting Them","publisher":{"@id":"https:\/\/panaceology.com\/fr\/#organization"},"alternateName":"Panaceological Analysis and Diagnosis","potentialAction":[{"@type":"SearchAction","target":{"@type":"EntryPoint","urlTemplate":"https:\/\/panaceology.com\/fr\/?s={search_term_string}"},"query-input":{"@type":"PropertyValueSpecification","valueRequired":true,"valueName":"search_term_string"}}],"inLanguage":"fr-FR"},{"@type":"Organization","@id":"https:\/\/panaceology.com\/fr\/#organization","name":"Panaceology","alternateName":"Eld Wills","url":"https:\/\/panaceology.com\/fr\/","logo":{"@type":"ImageObject","inLanguage":"fr-FR","@id":"https:\/\/panaceology.com\/fr\/#\/schema\/logo\/image\/","url":"https:\/\/panaceology.com\/wp-content\/uploads\/2023\/08\/cropped-favicon.png","contentUrl":"https:\/\/panaceology.com\/wp-content\/uploads\/2023\/08\/cropped-favicon.png","width":512,"height":512,"caption":"Panaceology"},"image":{"@id":"https:\/\/panaceology.com\/fr\/#\/schema\/logo\/image\/"},"sameAs":["https:\/\/x.com\/Panaceology","https:\/\/www.linkedin.com\/in\/panaceology\/"]}]}},"_links":{"self":[{"href":"https:\/\/panaceology.com\/fr\/wp-json\/wp\/v2\/product\/17170","targetHints":{"allow":["GET"]}}],"collection":[{"href":"https:\/\/panaceology.com\/fr\/wp-json\/wp\/v2\/product"}],"about":[{"href":"https:\/\/panaceology.com\/fr\/wp-json\/wp\/v2\/types\/product"}],"replies":[{"embeddable":true,"href":"https:\/\/panaceology.com\/fr\/wp-json\/wp\/v2\/comments?post=17170"}],"version-history":[{"count":1,"href":"https:\/\/panaceology.com\/fr\/wp-json\/wp\/v2\/product\/17170\/revisions"}],"predecessor-version":[{"id":17171,"href":"https:\/\/panaceology.com\/fr\/wp-json\/wp\/v2\/product\/17170\/revisions\/17171"}],"wp:featuredmedia":[{"embeddable":true,"href":"https:\/\/panaceology.com\/fr\/wp-json\/wp\/v2\/media\/17130"}],"wp:attachment":[{"href":"https:\/\/panaceology.com\/fr\/wp-json\/wp\/v2\/media?parent=17170"}],"wp:term":[{"taxonomy":"product_brand","embeddable":true,"href":"https:\/\/panaceology.com\/fr\/wp-json\/wp\/v2\/product_brand?post=17170"},{"taxonomy":"product_cat","embeddable":true,"href":"https:\/\/panaceology.com\/fr\/wp-json\/wp\/v2\/product_cat?post=17170"},{"taxonomy":"product_tag","embeddable":true,"href":"https:\/\/panaceology.com\/fr\/wp-json\/wp\/v2\/product_tag?post=17170"}],"curies":[{"name":"wp","href":"https:\/\/api.w.org\/{rel}","templated":true}]}}