{"id":8087,"date":"2023-09-10T21:51:05","date_gmt":"2023-09-10T19:51:05","guid":{"rendered":"https:\/\/panaceology.com\/termos-e-condicoes\/"},"modified":"2023-10-22T15:54:48","modified_gmt":"2023-10-22T13:54:48","slug":"termos-e-condicoes","status":"publish","type":"page","link":"https:\/\/panaceology.com\/pt-br\/termos-e-condicoes\/","title":{"rendered":"Termos e condi\u00e7\u00f5es"},"content":{"rendered":"\t\t<div data-elementor-type=\"wp-page\" data-elementor-id=\"8087\" class=\"elementor elementor-8087\">\n\t\t\t\t\t\t<section class=\"elementor-section elementor-top-section elementor-element elementor-element-179b66d elementor-section-boxed elementor-section-height-default elementor-section-height-default sc_fly_static\" data-id=\"179b66d\" data-element_type=\"section\" data-e-type=\"section\">\n\t\t\t\t\t\t<div class=\"elementor-container elementor-column-gap-extended\">\n\t\t\t\t\t<div class=\"elementor-column elementor-col-100 elementor-top-column elementor-element elementor-element-e6cea9f sc_content_align_inherit sc_layouts_column_icons_position_left sc_fly_static\" data-id=\"e6cea9f\" data-element_type=\"column\" data-e-type=\"column\">\n\t\t\t<div class=\"elementor-widget-wrap elementor-element-populated\">\n\t\t\t\t\t\t<div class=\"elementor-element elementor-element-aa0348a sc_fly_static elementor-widget elementor-widget-heading\" data-id=\"aa0348a\" data-element_type=\"widget\" data-e-type=\"widget\" data-widget_type=\"heading.default\">\n\t\t\t\t<div class=\"elementor-widget-container\">\n\t\t\t\t\t<h2 class=\"elementor-heading-title elementor-size-default\">Termos e condi\u00e7\u00f5es<\/h2>\t\t\t\t<\/div>\n\t\t\t\t<\/div>\n\t\t\t\t\t<\/div>\n\t\t<\/div>\n\t\t\t\t\t<\/div>\n\t\t<\/section>\n\t\t\t\t<section class=\"elementor-section elementor-top-section elementor-element elementor-element-3d52eeb elementor-section-boxed elementor-section-height-default elementor-section-height-default sc_fly_static\" data-id=\"3d52eeb\" data-element_type=\"section\" data-e-type=\"section\">\n\t\t\t\t\t\t<div class=\"elementor-container elementor-column-gap-extended\">\n\t\t\t\t\t<div class=\"elementor-column elementor-col-100 elementor-top-column elementor-element elementor-element-7cca627 sc_content_align_inherit sc_layouts_column_icons_position_left sc_fly_static\" data-id=\"7cca627\" data-element_type=\"column\" data-e-type=\"column\">\n\t\t\t<div class=\"elementor-widget-wrap elementor-element-populated\">\n\t\t\t\t\t\t<div class=\"elementor-element elementor-element-e5b42b3 sc_fly_static elementor-widget elementor-widget-spacer\" data-id=\"e5b42b3\" data-element_type=\"widget\" data-e-type=\"widget\" data-widget_type=\"spacer.default\">\n\t\t\t\t<div class=\"elementor-widget-container\">\n\t\t\t\t\t\t\t<div class=\"elementor-spacer\">\n\t\t\t<div class=\"elementor-spacer-inner\"><\/div>\n\t\t<\/div>\n\t\t\t\t\t\t<\/div>\n\t\t\t\t<\/div>\n\t\t\t\t\t<\/div>\n\t\t<\/div>\n\t\t\t\t\t<\/div>\n\t\t<\/section>\n\t\t\t\t<section class=\"elementor-section elementor-top-section elementor-element elementor-element-cc2729e elementor-section-boxed elementor-section-height-default elementor-section-height-default sc_fly_static\" data-id=\"cc2729e\" data-element_type=\"section\" data-e-type=\"section\" data-settings=\"{&quot;background_background&quot;:&quot;classic&quot;}\">\n\t\t\t\t\t\t<div class=\"elementor-container elementor-column-gap-extended\">\n\t\t\t\t\t<div class=\"elementor-column elementor-col-100 elementor-top-column elementor-element elementor-element-4b0b782 sc_content_align_inherit sc_layouts_column_icons_position_left sc_fly_static\" data-id=\"4b0b782\" data-element_type=\"column\" data-e-type=\"column\">\n\t\t\t<div class=\"elementor-widget-wrap elementor-element-populated\">\n\t\t\t\t\t\t<div class=\"elementor-element elementor-element-8edc9c9 sc_fly_static elementor-widget elementor-widget-text-editor\" data-id=\"8edc9c9\" data-element_type=\"widget\" data-e-type=\"widget\" data-widget_type=\"text-editor.default\">\n\t\t\t\t<div class=\"elementor-widget-container\">\n\t\t\t\t\t\t\t\t\t<h5>1. Aceita\u00e7\u00e3o dos termos e condi\u00e7\u00f5es<\/h5>\n<p>Ao aceder e utilizar o website da Panaceologia https:\/\/panaceology.com, concorda em cumprir e ficar vinculado a estes Termos e Condi\u00e7\u00f5es. Se n\u00e3o concordar com estes Termos e Condi\u00e7\u00f5es, n\u00e3o utilize este s\u00edtio Web.<\/p>\n<h5>2. Utiliza\u00e7\u00e3o do s\u00edtio Web<\/h5>\n<p>&#8211; Tem de ter pelo menos 18 anos de idade para utilizar este s\u00edtio Web ou os nossos servi\u00e7os.<\/p>\n<p>&#8211; \u00c9 respons\u00e1vel por manter a confidencialidade da sua conta e palavra-passe.<\/p>\n<p>&#8211; Concorda em utilizar o s\u00edtio Web em conformidade com todas as leis e regulamentos aplic\u00e1veis.<\/p>\n<h5>3. Conte\u00fado do utilizador<\/h5>\n<p>Ao enviar ou publicar conte\u00fado no s\u00edtio Web, concede \u00e0 &#8220;Panaceologia&#8221; https:\/\/panaceology.com uma licen\u00e7a n\u00e3o exclusiva, isenta de royalties, mundial e perp\u00e9tua para utilizar, modificar e publicar o seu conte\u00fado em liga\u00e7\u00e3o com o s\u00edtio Web.<\/p>\n<h5>4. Pol\u00edtica de privacidade<\/h5>\n<p>A sua utiliza\u00e7\u00e3o do s\u00edtio Web tamb\u00e9m \u00e9 regida pela nossa Pol\u00edtica de Privacidade, que pode ser consultada em [Privacy Policy https:\/\/panaceology.com\/privacy-policy]. Consulte a nossa Pol\u00edtica de privacidade para compreender as nossas pr\u00e1ticas em mat\u00e9ria de dados.<\/p>\n<h5>5. Propriedade intelectual<\/h5>\n<p>Todo o conte\u00fado deste s\u00edtio Web, incluindo texto, gr\u00e1ficos, log\u00f3tipos, imagens e servi\u00e7os, \u00e9 propriedade de https:\/\/panaceology.com e est\u00e1 protegido por direitos de autor e outras leis de propriedade intelectual. N\u00e3o pode utilizar ou reproduzir este conte\u00fado sem a nossa autoriza\u00e7\u00e3o expressa por escrito.<\/p>\n<h5>6. Exclus\u00e3o de garantias<\/h5>\n<p>Este s\u00edtio Web \u00e9 fornecido &#8220;tal como est\u00e1&#8221; e &#8220;conforme dispon\u00edvel&#8221; sem quaisquer garantias de qualquer tipo, expressas ou impl\u00edcitas. A &#8220;Panaceologia&#8221; https:\/\/panaceology.com n\u00e3o d\u00e1 quaisquer garantias quanto \u00e0 exatid\u00e3o, integridade ou fiabilidade do conte\u00fado deste s\u00edtio Web.<\/p>\n<h5>Limita\u00e7\u00e3o da responsabilidade<\/h5>\n<p>A &#8220;Panaceologia&#8221; https:\/\/panaceology.com n\u00e3o se responsabiliza por quaisquer danos indirectos, consequenciais, acidentais ou especiais resultantes ou de alguma forma relacionados com a sua utiliza\u00e7\u00e3o deste s\u00edtio Web.<\/p>\n<h5>8. Altera\u00e7\u00f5es aos termos e condi\u00e7\u00f5es<\/h5>\n<p>A &#8220;Panaceologia&#8221; reserva-se o direito de alterar ou modificar os presentes Termos e Condi\u00e7\u00f5es em qualquer altura e sem aviso pr\u00e9vio. A sua utiliza\u00e7\u00e3o continuada do s\u00edtio Web ap\u00f3s tais altera\u00e7\u00f5es constitui a sua aceita\u00e7\u00e3o dos novos Termos e Condi\u00e7\u00f5es.<\/p>\n<h5>9. Direito aplic\u00e1vel<\/h5>\n<p>Os presentes Termos e Condi\u00e7\u00f5es s\u00e3o regidos e interpretados de acordo com as leis de [Your Jurisdiction]. Quaisquer lit\u00edgios ser\u00e3o sujeitos \u00e0 jurisdi\u00e7\u00e3o exclusiva dos tribunais em [Your Jurisdiction].<\/p>\n<h5>10. Informa\u00e7\u00f5es de contacto<\/h5>\n<p>Se tiver alguma quest\u00e3o ou d\u00favida sobre os presentes Termos e Condi\u00e7\u00f5es, contacte-nos atrav\u00e9s do endere\u00e7o https:\/\/panaceology.com\/contacts\/ ou envie um e-mail para info@panaceology.com.<\/p>\n<h5>11. E-books<\/h5>\n<p>&#8211; &#8220;Panaceology&#8221; https:\/\/panaceology.com oferece livros electr\u00f3nicos (e-books) para venda neste s\u00edtio Web.<\/p>\n<p>&#8211; Ao comprar e descarregar livros electr\u00f3nicos deste s\u00edtio Web, concorda em respeitar as seguintes condi\u00e7\u00f5es:<\/p>\n<p>  &#8211; Os livros electr\u00f3nicos s\u00e3o fornecidos em formato digital e est\u00e3o protegidos pela lei dos direitos de autor.<\/p>\n<p>  &#8211; S\u00f3 pode utilizar livros electr\u00f3nicos para fins pessoais e n\u00e3o comerciais.<\/p>\n<p>  &#8211; N\u00e3o pode distribuir, reproduzir ou revender livros electr\u00f3nicos sem autoriza\u00e7\u00e3o expressa por escrito da [&#8220;Panaceology<span style=\"font-size: 15px; background-color: var(--theme-color-bg_color); color: var(--theme-color-text); letter-spacing: -0.01px;\">&#8221; <\/span><span style=\"font-size: 15px; color: var(--theme-color-text); letter-spacing: -0.01px; background-color: var(--theme-color-bg_color);\"> https:\/\/panaceology.com].<\/span><\/p>\n<p>  &#8211; Os livros electr\u00f3nicos podem estar sujeitos a gest\u00e3o de direitos digitais (DRM) e a restri\u00e7\u00f5es de utiliza\u00e7\u00e3o, que ser\u00e3o especificadas na p\u00e1gina do produto.<\/p>\n<p>&#8211; Todas as vendas de livros electr\u00f3nicos s\u00e3o definitivas e n\u00e3o ser\u00e3o emitidos reembolsos, exceto nos casos previstos na lei.<\/p>\n<h5>12. Direito aplic\u00e1vel<\/h5>\n<p>Os presentes Termos e Condi\u00e7\u00f5es s\u00e3o regidos e interpretados de acordo com as leis de [Your Jurisdiction]. Quaisquer lit\u00edgios relacionados com a compra e utiliza\u00e7\u00e3o de livros electr\u00f3nicos estar\u00e3o sujeitos \u00e0 jurisdi\u00e7\u00e3o exclusiva dos tribunais em [Your Jurisdiction].<\/p>\n<p>Os presentes Termos e Condi\u00e7\u00f5es foram actualizados pela \u00faltima vez em [8 September 2023].<\/p>\n\t\t\t\t\t\t\t\t<\/div>\n\t\t\t\t<\/div>\n\t\t\t\t\t<\/div>\n\t\t<\/div>\n\t\t\t\t\t<\/div>\n\t\t<\/section>\n\t\t\t\t<\/div>\n\t\t","protected":false},"excerpt":{"rendered":"<p>Termos e condi\u00e7\u00f5es 1. Aceita\u00e7\u00e3o dos termos e condi\u00e7\u00f5es Ao aceder e utilizar o website da Panaceologia https:\/\/panaceology.com, concorda em cumprir e ficar vinculado a estes Termos e Condi\u00e7\u00f5es. Se&hellip;<\/p>\n","protected":false},"author":1,"featured_media":0,"parent":0,"menu_order":0,"comment_status":"closed","ping_status":"closed","template":"","meta":{"give_campaign_id":0,"_bbp_topic_count":0,"_bbp_reply_count":0,"_bbp_total_topic_count":0,"_bbp_total_reply_count":0,"_bbp_voice_count":0,"_bbp_anonymous_reply_count":0,"_bbp_topic_count_hidden":0,"_bbp_reply_count_hidden":0,"_bbp_forum_subforum_count":0,"_price":"","_stock":"","_tribe_ticket_header":"","_tribe_default_ticket_provider":"","_tribe_ticket_capacity":"0","_ticket_start_date":"","_ticket_end_date":"","_tribe_ticket_show_description":"","_tribe_ticket_show_not_going":false,"_tribe_ticket_use_global_stock":"","_tribe_ticket_global_stock_level":"","_global_stock_mode":"","_global_stock_cap":"","_tribe_rsvp_for_event":"","_tribe_ticket_going_count":"","_tribe_ticket_not_going_count":"","_tribe_tickets_list":"[]","_tribe_ticket_has_attendee_info_fields":false,"footnotes":"","_tec_slr_enabled":"","_tec_slr_layout":""},"class_list":["post-8087","page","type-page","status-publish","hentry"],"yoast_head":"<!-- This site is optimized with the Yoast SEO plugin v27.2 - https:\/\/yoast.com\/product\/yoast-seo-wordpress\/ -->\n<title>Termos e condi\u00e7\u00f5es - Panaceology<\/title>\n<meta name=\"robots\" content=\"index, follow, max-snippet:-1, max-image-preview:large, max-video-preview:-1\" \/>\n<link rel=\"canonical\" href=\"https:\/\/panaceology.com\/pt-br\/termos-e-condicoes\/\" \/>\n<meta property=\"og:locale\" content=\"pt_BR\" \/>\n<meta property=\"og:type\" content=\"article\" \/>\n<meta property=\"og:title\" content=\"Termos e condi\u00e7\u00f5es - Panaceology\" \/>\n<meta property=\"og:description\" content=\"Termos e condi\u00e7\u00f5es 1. Aceita\u00e7\u00e3o dos termos e condi\u00e7\u00f5es Ao aceder e utilizar o website da Panaceologia https:\/\/panaceology.com, concorda em cumprir e ficar vinculado a estes Termos e Condi\u00e7\u00f5es. Se&hellip;\" \/>\n<meta property=\"og:url\" content=\"https:\/\/panaceology.com\/pt-br\/termos-e-condicoes\/\" \/>\n<meta property=\"og:site_name\" content=\"Panaceology\" \/>\n<meta property=\"article:modified_time\" content=\"2023-10-22T13:54:48+00:00\" \/>\n<meta property=\"og:image\" content=\"https:\/\/panaceology.com\/wp-content\/uploads\/2023\/05\/logo_2-1.png\" \/>\n\t<meta property=\"og:image:width\" content=\"1875\" \/>\n\t<meta property=\"og:image:height\" content=\"408\" \/>\n\t<meta property=\"og:image:type\" content=\"image\/png\" \/>\n<meta name=\"twitter:card\" content=\"summary_large_image\" \/>\n<meta name=\"twitter:site\" content=\"@Panaceology\" \/>\n<meta name=\"twitter:label1\" content=\"Est. tempo de leitura\" \/>\n\t<meta name=\"twitter:data1\" content=\"3 minutos\" \/>\n<script type=\"application\/ld+json\" class=\"yoast-schema-graph\">{\"@context\":\"https:\/\/schema.org\",\"@graph\":[{\"@type\":\"WebPage\",\"@id\":\"https:\/\/panaceology.com\/pt-br\/termos-e-condicoes\/\",\"url\":\"https:\/\/panaceology.com\/pt-br\/termos-e-condicoes\/\",\"name\":\"Termos e condi\u00e7\u00f5es - Panaceology\",\"isPartOf\":{\"@id\":\"https:\/\/panaceology.com\/pt-br\/#website\"},\"datePublished\":\"2023-09-10T19:51:05+00:00\",\"dateModified\":\"2023-10-22T13:54:48+00:00\",\"breadcrumb\":{\"@id\":\"https:\/\/panaceology.com\/pt-br\/termos-e-condicoes\/#breadcrumb\"},\"inLanguage\":\"pt-BR\",\"potentialAction\":[{\"@type\":\"ReadAction\",\"target\":[\"https:\/\/panaceology.com\/pt-br\/termos-e-condicoes\/\"]}]},{\"@type\":\"BreadcrumbList\",\"@id\":\"https:\/\/panaceology.com\/pt-br\/termos-e-condicoes\/#breadcrumb\",\"itemListElement\":[{\"@type\":\"ListItem\",\"position\":1,\"name\":\"Home\",\"item\":\"https:\/\/panaceology.com\/pt-br\/inicio\/\"},{\"@type\":\"ListItem\",\"position\":2,\"name\":\"Termos e condi\u00e7\u00f5es\"}]},{\"@type\":\"WebSite\",\"@id\":\"https:\/\/panaceology.com\/pt-br\/#website\",\"url\":\"https:\/\/panaceology.com\/pt-br\/\",\"name\":\"Panaceology\",\"description\":\"Uncover the Structural Causes of Your Problems and Diseases Before Confronting Them\",\"publisher\":{\"@id\":\"https:\/\/panaceology.com\/pt-br\/#organization\"},\"alternateName\":\"Panaceological Analysis and Diagnosis\",\"potentialAction\":[{\"@type\":\"SearchAction\",\"target\":{\"@type\":\"EntryPoint\",\"urlTemplate\":\"https:\/\/panaceology.com\/pt-br\/?s={search_term_string}\"},\"query-input\":{\"@type\":\"PropertyValueSpecification\",\"valueRequired\":true,\"valueName\":\"search_term_string\"}}],\"inLanguage\":\"pt-BR\"},{\"@type\":\"Organization\",\"@id\":\"https:\/\/panaceology.com\/pt-br\/#organization\",\"name\":\"Panaceology\",\"alternateName\":\"Eld Wills\",\"url\":\"https:\/\/panaceology.com\/pt-br\/\",\"logo\":{\"@type\":\"ImageObject\",\"inLanguage\":\"pt-BR\",\"@id\":\"https:\/\/panaceology.com\/pt-br\/#\/schema\/logo\/image\/\",\"url\":\"https:\/\/panaceology.com\/wp-content\/uploads\/2023\/08\/cropped-favicon.png\",\"contentUrl\":\"https:\/\/panaceology.com\/wp-content\/uploads\/2023\/08\/cropped-favicon.png\",\"width\":512,\"height\":512,\"caption\":\"Panaceology\"},\"image\":{\"@id\":\"https:\/\/panaceology.com\/pt-br\/#\/schema\/logo\/image\/\"},\"sameAs\":[\"https:\/\/x.com\/Panaceology\",\"https:\/\/www.linkedin.com\/in\/panaceology\/\"]}]}<\/script>\n<!-- \/ Yoast SEO plugin. -->","yoast_head_json":{"title":"Termos e condi\u00e7\u00f5es - Panaceology","robots":{"index":"index","follow":"follow","max-snippet":"max-snippet:-1","max-image-preview":"max-image-preview:large","max-video-preview":"max-video-preview:-1"},"canonical":"https:\/\/panaceology.com\/pt-br\/termos-e-condicoes\/","og_locale":"pt_BR","og_type":"article","og_title":"Termos e condi\u00e7\u00f5es - Panaceology","og_description":"Termos e condi\u00e7\u00f5es 1. Aceita\u00e7\u00e3o dos termos e condi\u00e7\u00f5es Ao aceder e utilizar o website da Panaceologia https:\/\/panaceology.com, concorda em cumprir e ficar vinculado a estes Termos e Condi\u00e7\u00f5es. Se&hellip;","og_url":"https:\/\/panaceology.com\/pt-br\/termos-e-condicoes\/","og_site_name":"Panaceology","article_modified_time":"2023-10-22T13:54:48+00:00","og_image":[{"width":1875,"height":408,"url":"https:\/\/panaceology.com\/wp-content\/uploads\/2023\/05\/logo_2-1.png","type":"image\/png"}],"twitter_card":"summary_large_image","twitter_site":"@Panaceology","twitter_misc":{"Est. tempo de leitura":"3 minutos"},"schema":{"@context":"https:\/\/schema.org","@graph":[{"@type":"WebPage","@id":"https:\/\/panaceology.com\/pt-br\/termos-e-condicoes\/","url":"https:\/\/panaceology.com\/pt-br\/termos-e-condicoes\/","name":"Termos e condi\u00e7\u00f5es - Panaceology","isPartOf":{"@id":"https:\/\/panaceology.com\/pt-br\/#website"},"datePublished":"2023-09-10T19:51:05+00:00","dateModified":"2023-10-22T13:54:48+00:00","breadcrumb":{"@id":"https:\/\/panaceology.com\/pt-br\/termos-e-condicoes\/#breadcrumb"},"inLanguage":"pt-BR","potentialAction":[{"@type":"ReadAction","target":["https:\/\/panaceology.com\/pt-br\/termos-e-condicoes\/"]}]},{"@type":"BreadcrumbList","@id":"https:\/\/panaceology.com\/pt-br\/termos-e-condicoes\/#breadcrumb","itemListElement":[{"@type":"ListItem","position":1,"name":"Home","item":"https:\/\/panaceology.com\/pt-br\/inicio\/"},{"@type":"ListItem","position":2,"name":"Termos e condi\u00e7\u00f5es"}]},{"@type":"WebSite","@id":"https:\/\/panaceology.com\/pt-br\/#website","url":"https:\/\/panaceology.com\/pt-br\/","name":"Panaceology","description":"Uncover the Structural Causes of Your Problems and Diseases Before Confronting Them","publisher":{"@id":"https:\/\/panaceology.com\/pt-br\/#organization"},"alternateName":"Panaceological Analysis and Diagnosis","potentialAction":[{"@type":"SearchAction","target":{"@type":"EntryPoint","urlTemplate":"https:\/\/panaceology.com\/pt-br\/?s={search_term_string}"},"query-input":{"@type":"PropertyValueSpecification","valueRequired":true,"valueName":"search_term_string"}}],"inLanguage":"pt-BR"},{"@type":"Organization","@id":"https:\/\/panaceology.com\/pt-br\/#organization","name":"Panaceology","alternateName":"Eld Wills","url":"https:\/\/panaceology.com\/pt-br\/","logo":{"@type":"ImageObject","inLanguage":"pt-BR","@id":"https:\/\/panaceology.com\/pt-br\/#\/schema\/logo\/image\/","url":"https:\/\/panaceology.com\/wp-content\/uploads\/2023\/08\/cropped-favicon.png","contentUrl":"https:\/\/panaceology.com\/wp-content\/uploads\/2023\/08\/cropped-favicon.png","width":512,"height":512,"caption":"Panaceology"},"image":{"@id":"https:\/\/panaceology.com\/pt-br\/#\/schema\/logo\/image\/"},"sameAs":["https:\/\/x.com\/Panaceology","https:\/\/www.linkedin.com\/in\/panaceology\/"]}]}},"campaignId":"","ticketed":false,"_links":{"self":[{"href":"https:\/\/panaceology.com\/pt-br\/wp-json\/wp\/v2\/pages\/8087","targetHints":{"allow":["GET"]}}],"collection":[{"href":"https:\/\/panaceology.com\/pt-br\/wp-json\/wp\/v2\/pages"}],"about":[{"href":"https:\/\/panaceology.com\/pt-br\/wp-json\/wp\/v2\/types\/page"}],"author":[{"embeddable":true,"href":"https:\/\/panaceology.com\/pt-br\/wp-json\/wp\/v2\/users\/1"}],"replies":[{"embeddable":true,"href":"https:\/\/panaceology.com\/pt-br\/wp-json\/wp\/v2\/comments?post=8087"}],"version-history":[{"count":2,"href":"https:\/\/panaceology.com\/pt-br\/wp-json\/wp\/v2\/pages\/8087\/revisions"}],"predecessor-version":[{"id":8099,"href":"https:\/\/panaceology.com\/pt-br\/wp-json\/wp\/v2\/pages\/8087\/revisions\/8099"}],"wp:attachment":[{"href":"https:\/\/panaceology.com\/pt-br\/wp-json\/wp\/v2\/media?parent=8087"}],"curies":[{"name":"wp","href":"https:\/\/api.w.org\/{rel}","templated":true}]}}