{"id":12984,"date":"2024-08-09T16:42:16","date_gmt":"2024-08-09T14:42:16","guid":{"rendered":"https:\/\/panaceology.com\/?post_type=product&#038;p=12984"},"modified":"2024-11-14T04:01:09","modified_gmt":"2024-11-14T02:01:09","slug":"otimizacao-do-desempenho-psico-fisico-ebook","status":"publish","type":"product","link":"https:\/\/panaceology.com\/pt-br\/product\/otimizacao-do-desempenho-psico-fisico-ebook\/","title":{"rendered":"Otimiza\u00e7\u00e3o do Desempenho Psico-F\u00edsico"},"content":{"rendered":"<p>A Otimiza\u00e7\u00e3o de Desempenho Psico-F\u00edsico (PPO) oferece uma abordagem revolucion\u00e1ria para dominar habilidades em profiss\u00f5es de alta demanda e al\u00e9m. Baseada em pesquisas de ponta sobre neuroplasticidade, essa metodologia supera as limita\u00e7\u00f5es dos m\u00e9todos de treinamento tradicionais, que frequentemente dependem de repeti\u00e7\u00f5es exaustivas e acarretam riscos de les\u00f5es e esgotamento mental. O PPO acelera a aquisi\u00e7\u00e3o de habilidades ao direcionar diretamente os caminhos neurais essenciais para a precis\u00e3o e o desempenho sustentado.<\/p>\n<p>Inicialmente projetado para \u00e1reas de alta demanda como esportes, medicina, avia\u00e7\u00e3o e eSports, o PPO revela um caminho para aprendizado mais r\u00e1pido, menos erros e maior longevidade na carreira \u2014 sem o desgaste f\u00edsico e cognitivo dos m\u00e9todos convencionais. Seja voc\u00ea um atleta de elite, um cirurgi\u00e3o ou um profissional em qualquer fun\u00e7\u00e3o que exija alto desempenho, este livro apresenta um sistema adapt\u00e1vel que transforma sua abordagem para a maestria de habilidades e oferece suporte em todas as profiss\u00f5es de alta demanda.<\/p>\n","protected":false},"excerpt":{"rendered":"<p>A Otimiza\u00e7\u00e3o de Desempenho Psico-F\u00edsico (PPO) apresenta uma abordagem inovadora e cientificamente comprovada para dominar habilidades em \u00e1reas de alta exig\u00eancia. Diferente dos m\u00e9todos tradicionais, o PPO aproveita a neuroplasticidade para acelerar o aprendizado, reduzir erros e prolongar a longevidade da carreira, sem os riscos de esgotamento ou les\u00f5es. Adapt\u00e1vel a v\u00e1rias profiss\u00f5es exigentes, o PPO transforma a aquisi\u00e7\u00e3o de habilidades em uma jornada para a excel\u00eancia, mais r\u00e1pida, segura e eficaz.<\/p>\n","protected":false},"featured_media":14792,"comment_status":"closed","ping_status":"closed","template":"","meta":{"give_campaign_id":0,"_bbp_topic_count":0,"_bbp_reply_count":0,"_bbp_total_topic_count":0,"_bbp_total_reply_count":0,"_bbp_voice_count":0,"_bbp_anonymous_reply_count":0,"_bbp_topic_count_hidden":0,"_bbp_reply_count_hidden":0,"_bbp_forum_subforum_count":0,"_price":"45","_stock":"","_tribe_ticket_header":"","_tribe_default_ticket_provider":"","_tribe_ticket_capacity":"0","_ticket_start_date":"","_ticket_end_date":"","_tribe_ticket_show_description":"","_tribe_ticket_show_not_going":false,"_tribe_ticket_use_global_stock":"","_tribe_ticket_global_stock_level":"","_global_stock_mode":"","_global_stock_cap":"","_tribe_rsvp_for_event":"","_tribe_ticket_going_count":"","_tribe_ticket_not_going_count":"","_tribe_tickets_list":"[]","_tribe_ticket_has_attendee_info_fields":false},"product_brand":[],"product_cat":[115],"product_tag":[137],"class_list":{"0":"post-12984","1":"product","2":"type-product","3":"status-publish","4":"has-post-thumbnail","6":"product_cat-livro-eletronico","7":"product_tag-livro-eletronico","9":"first","10":"outofstock","11":"featured","12":"downloadable","13":"virtual","14":"taxable","15":"purchasable","16":"product-type-simple"},"yoast_head":"<!-- This site is optimized with the Yoast SEO plugin v27.2 - https:\/\/yoast.com\/product\/yoast-seo-wordpress\/ -->\n<title>Otimiza\u00e7\u00e3o do Desempenho Psico-F\u00edsico - Panaceology<\/title>\n<meta name=\"robots\" content=\"index, follow, max-snippet:-1, max-image-preview:large, max-video-preview:-1\" \/>\n<link rel=\"canonical\" href=\"https:\/\/panaceology.com\/pt-br\/product\/otimizacao-do-desempenho-psico-fisico-ebook\/\" \/>\n<meta property=\"og:locale\" content=\"pt_BR\" \/>\n<meta property=\"og:type\" content=\"article\" \/>\n<meta property=\"og:title\" content=\"Otimiza\u00e7\u00e3o do Desempenho Psico-F\u00edsico - Panaceology\" \/>\n<meta property=\"og:description\" content=\"A Otimiza\u00e7\u00e3o de Desempenho Psico-F\u00edsico (PPO) apresenta uma abordagem inovadora e cientificamente comprovada para dominar habilidades em \u00e1reas de alta exig\u00eancia. Diferente dos m\u00e9todos tradicionais, o PPO aproveita a neuroplasticidade para acelerar o aprendizado, reduzir erros e prolongar a longevidade da carreira, sem os riscos de esgotamento ou les\u00f5es. Adapt\u00e1vel a v\u00e1rias profiss\u00f5es exigentes, o PPO transforma a aquisi\u00e7\u00e3o de habilidades em uma jornada para a excel\u00eancia, mais r\u00e1pida, segura e eficaz.\" \/>\n<meta property=\"og:url\" content=\"https:\/\/panaceology.com\/pt-br\/product\/otimizacao-do-desempenho-psico-fisico-ebook\/\" \/>\n<meta property=\"og:site_name\" content=\"Panaceology\" \/>\n<meta property=\"article:modified_time\" content=\"2024-11-14T02:01:09+00:00\" \/>\n<meta property=\"og:image\" content=\"https:\/\/panaceology.com\/wp-content\/uploads\/2023\/09\/Ppo_Book.png\" \/>\n\t<meta property=\"og:image:width\" content=\"1210\" \/>\n\t<meta property=\"og:image:height\" content=\"1210\" \/>\n\t<meta property=\"og:image:type\" content=\"image\/png\" \/>\n<meta name=\"twitter:card\" content=\"summary_large_image\" \/>\n<meta name=\"twitter:site\" content=\"@Panaceology\" \/>\n<meta name=\"twitter:label1\" content=\"Est. tempo de leitura\" \/>\n\t<meta name=\"twitter:data1\" content=\"1 minuto\" \/>\n<script type=\"application\/ld+json\" class=\"yoast-schema-graph\">{\"@context\":\"https:\/\/schema.org\",\"@graph\":[{\"@type\":\"WebPage\",\"@id\":\"https:\/\/panaceology.com\/pt-br\/product\/otimizacao-do-desempenho-psico-fisico-ebook\/\",\"url\":\"https:\/\/panaceology.com\/pt-br\/product\/otimizacao-do-desempenho-psico-fisico-ebook\/\",\"name\":\"Otimiza\u00e7\u00e3o do Desempenho Psico-F\u00edsico - Panaceology\",\"isPartOf\":{\"@id\":\"https:\/\/panaceology.com\/pt-br\/#website\"},\"primaryImageOfPage\":{\"@id\":\"https:\/\/panaceology.com\/pt-br\/product\/otimizacao-do-desempenho-psico-fisico-ebook\/#primaryimage\"},\"image\":{\"@id\":\"https:\/\/panaceology.com\/pt-br\/product\/otimizacao-do-desempenho-psico-fisico-ebook\/#primaryimage\"},\"thumbnailUrl\":\"https:\/\/panaceology.com\/wp-content\/uploads\/2023\/09\/Ppo_Book.png\",\"datePublished\":\"2024-08-09T14:42:16+00:00\",\"dateModified\":\"2024-11-14T02:01:09+00:00\",\"breadcrumb\":{\"@id\":\"https:\/\/panaceology.com\/pt-br\/product\/otimizacao-do-desempenho-psico-fisico-ebook\/#breadcrumb\"},\"inLanguage\":\"pt-BR\",\"potentialAction\":[{\"@type\":\"ReadAction\",\"target\":[\"https:\/\/panaceology.com\/pt-br\/product\/otimizacao-do-desempenho-psico-fisico-ebook\/\"]}]},{\"@type\":\"ImageObject\",\"inLanguage\":\"pt-BR\",\"@id\":\"https:\/\/panaceology.com\/pt-br\/product\/otimizacao-do-desempenho-psico-fisico-ebook\/#primaryimage\",\"url\":\"https:\/\/panaceology.com\/wp-content\/uploads\/2023\/09\/Ppo_Book.png\",\"contentUrl\":\"https:\/\/panaceology.com\/wp-content\/uploads\/2023\/09\/Ppo_Book.png\",\"width\":1210,\"height\":1210},{\"@type\":\"BreadcrumbList\",\"@id\":\"https:\/\/panaceology.com\/pt-br\/product\/otimizacao-do-desempenho-psico-fisico-ebook\/#breadcrumb\",\"itemListElement\":[{\"@type\":\"ListItem\",\"position\":1,\"name\":\"Home\",\"item\":\"https:\/\/panaceology.com\/pt-br\/inicio\/\"},{\"@type\":\"ListItem\",\"position\":2,\"name\":\"Books\",\"item\":\"https:\/\/panaceology.com\/shop\/\"},{\"@type\":\"ListItem\",\"position\":3,\"name\":\"Otimiza\u00e7\u00e3o do Desempenho Psico-F\u00edsico\"}]},{\"@type\":\"WebSite\",\"@id\":\"https:\/\/panaceology.com\/pt-br\/#website\",\"url\":\"https:\/\/panaceology.com\/pt-br\/\",\"name\":\"Panaceology\",\"description\":\"Uncover the Structural Causes of Your Problems and Diseases Before Confronting Them\",\"publisher\":{\"@id\":\"https:\/\/panaceology.com\/pt-br\/#organization\"},\"alternateName\":\"Panaceological Analysis and Diagnosis\",\"potentialAction\":[{\"@type\":\"SearchAction\",\"target\":{\"@type\":\"EntryPoint\",\"urlTemplate\":\"https:\/\/panaceology.com\/pt-br\/?s={search_term_string}\"},\"query-input\":{\"@type\":\"PropertyValueSpecification\",\"valueRequired\":true,\"valueName\":\"search_term_string\"}}],\"inLanguage\":\"pt-BR\"},{\"@type\":\"Organization\",\"@id\":\"https:\/\/panaceology.com\/pt-br\/#organization\",\"name\":\"Panaceology\",\"alternateName\":\"Eld Wills\",\"url\":\"https:\/\/panaceology.com\/pt-br\/\",\"logo\":{\"@type\":\"ImageObject\",\"inLanguage\":\"pt-BR\",\"@id\":\"https:\/\/panaceology.com\/pt-br\/#\/schema\/logo\/image\/\",\"url\":\"https:\/\/panaceology.com\/wp-content\/uploads\/2023\/08\/cropped-favicon.png\",\"contentUrl\":\"https:\/\/panaceology.com\/wp-content\/uploads\/2023\/08\/cropped-favicon.png\",\"width\":512,\"height\":512,\"caption\":\"Panaceology\"},\"image\":{\"@id\":\"https:\/\/panaceology.com\/pt-br\/#\/schema\/logo\/image\/\"},\"sameAs\":[\"https:\/\/x.com\/Panaceology\",\"https:\/\/www.linkedin.com\/in\/panaceology\/\"]}]}<\/script>\n<!-- \/ Yoast SEO plugin. -->","yoast_head_json":{"title":"Otimiza\u00e7\u00e3o do Desempenho Psico-F\u00edsico - Panaceology","robots":{"index":"index","follow":"follow","max-snippet":"max-snippet:-1","max-image-preview":"max-image-preview:large","max-video-preview":"max-video-preview:-1"},"canonical":"https:\/\/panaceology.com\/pt-br\/product\/otimizacao-do-desempenho-psico-fisico-ebook\/","og_locale":"pt_BR","og_type":"article","og_title":"Otimiza\u00e7\u00e3o do Desempenho Psico-F\u00edsico - Panaceology","og_description":"A Otimiza\u00e7\u00e3o de Desempenho Psico-F\u00edsico (PPO) apresenta uma abordagem inovadora e cientificamente comprovada para dominar habilidades em \u00e1reas de alta exig\u00eancia. Diferente dos m\u00e9todos tradicionais, o PPO aproveita a neuroplasticidade para acelerar o aprendizado, reduzir erros e prolongar a longevidade da carreira, sem os riscos de esgotamento ou les\u00f5es. Adapt\u00e1vel a v\u00e1rias profiss\u00f5es exigentes, o PPO transforma a aquisi\u00e7\u00e3o de habilidades em uma jornada para a excel\u00eancia, mais r\u00e1pida, segura e eficaz.","og_url":"https:\/\/panaceology.com\/pt-br\/product\/otimizacao-do-desempenho-psico-fisico-ebook\/","og_site_name":"Panaceology","article_modified_time":"2024-11-14T02:01:09+00:00","og_image":[{"width":1210,"height":1210,"url":"https:\/\/panaceology.com\/wp-content\/uploads\/2023\/09\/Ppo_Book.png","type":"image\/png"}],"twitter_card":"summary_large_image","twitter_site":"@Panaceology","twitter_misc":{"Est. tempo de leitura":"1 minuto"},"schema":{"@context":"https:\/\/schema.org","@graph":[{"@type":"WebPage","@id":"https:\/\/panaceology.com\/pt-br\/product\/otimizacao-do-desempenho-psico-fisico-ebook\/","url":"https:\/\/panaceology.com\/pt-br\/product\/otimizacao-do-desempenho-psico-fisico-ebook\/","name":"Otimiza\u00e7\u00e3o do Desempenho Psico-F\u00edsico - Panaceology","isPartOf":{"@id":"https:\/\/panaceology.com\/pt-br\/#website"},"primaryImageOfPage":{"@id":"https:\/\/panaceology.com\/pt-br\/product\/otimizacao-do-desempenho-psico-fisico-ebook\/#primaryimage"},"image":{"@id":"https:\/\/panaceology.com\/pt-br\/product\/otimizacao-do-desempenho-psico-fisico-ebook\/#primaryimage"},"thumbnailUrl":"https:\/\/panaceology.com\/wp-content\/uploads\/2023\/09\/Ppo_Book.png","datePublished":"2024-08-09T14:42:16+00:00","dateModified":"2024-11-14T02:01:09+00:00","breadcrumb":{"@id":"https:\/\/panaceology.com\/pt-br\/product\/otimizacao-do-desempenho-psico-fisico-ebook\/#breadcrumb"},"inLanguage":"pt-BR","potentialAction":[{"@type":"ReadAction","target":["https:\/\/panaceology.com\/pt-br\/product\/otimizacao-do-desempenho-psico-fisico-ebook\/"]}]},{"@type":"ImageObject","inLanguage":"pt-BR","@id":"https:\/\/panaceology.com\/pt-br\/product\/otimizacao-do-desempenho-psico-fisico-ebook\/#primaryimage","url":"https:\/\/panaceology.com\/wp-content\/uploads\/2023\/09\/Ppo_Book.png","contentUrl":"https:\/\/panaceology.com\/wp-content\/uploads\/2023\/09\/Ppo_Book.png","width":1210,"height":1210},{"@type":"BreadcrumbList","@id":"https:\/\/panaceology.com\/pt-br\/product\/otimizacao-do-desempenho-psico-fisico-ebook\/#breadcrumb","itemListElement":[{"@type":"ListItem","position":1,"name":"Home","item":"https:\/\/panaceology.com\/pt-br\/inicio\/"},{"@type":"ListItem","position":2,"name":"Books","item":"https:\/\/panaceology.com\/shop\/"},{"@type":"ListItem","position":3,"name":"Otimiza\u00e7\u00e3o do Desempenho Psico-F\u00edsico"}]},{"@type":"WebSite","@id":"https:\/\/panaceology.com\/pt-br\/#website","url":"https:\/\/panaceology.com\/pt-br\/","name":"Panaceology","description":"Uncover the Structural Causes of Your Problems and Diseases Before Confronting Them","publisher":{"@id":"https:\/\/panaceology.com\/pt-br\/#organization"},"alternateName":"Panaceological Analysis and Diagnosis","potentialAction":[{"@type":"SearchAction","target":{"@type":"EntryPoint","urlTemplate":"https:\/\/panaceology.com\/pt-br\/?s={search_term_string}"},"query-input":{"@type":"PropertyValueSpecification","valueRequired":true,"valueName":"search_term_string"}}],"inLanguage":"pt-BR"},{"@type":"Organization","@id":"https:\/\/panaceology.com\/pt-br\/#organization","name":"Panaceology","alternateName":"Eld Wills","url":"https:\/\/panaceology.com\/pt-br\/","logo":{"@type":"ImageObject","inLanguage":"pt-BR","@id":"https:\/\/panaceology.com\/pt-br\/#\/schema\/logo\/image\/","url":"https:\/\/panaceology.com\/wp-content\/uploads\/2023\/08\/cropped-favicon.png","contentUrl":"https:\/\/panaceology.com\/wp-content\/uploads\/2023\/08\/cropped-favicon.png","width":512,"height":512,"caption":"Panaceology"},"image":{"@id":"https:\/\/panaceology.com\/pt-br\/#\/schema\/logo\/image\/"},"sameAs":["https:\/\/x.com\/Panaceology","https:\/\/www.linkedin.com\/in\/panaceology\/"]}]}},"_links":{"self":[{"href":"https:\/\/panaceology.com\/pt-br\/wp-json\/wp\/v2\/product\/12984","targetHints":{"allow":["GET"]}}],"collection":[{"href":"https:\/\/panaceology.com\/pt-br\/wp-json\/wp\/v2\/product"}],"about":[{"href":"https:\/\/panaceology.com\/pt-br\/wp-json\/wp\/v2\/types\/product"}],"replies":[{"embeddable":true,"href":"https:\/\/panaceology.com\/pt-br\/wp-json\/wp\/v2\/comments?post=12984"}],"version-history":[{"count":6,"href":"https:\/\/panaceology.com\/pt-br\/wp-json\/wp\/v2\/product\/12984\/revisions"}],"predecessor-version":[{"id":14307,"href":"https:\/\/panaceology.com\/pt-br\/wp-json\/wp\/v2\/product\/12984\/revisions\/14307"}],"wp:featuredmedia":[{"embeddable":true,"href":"https:\/\/panaceology.com\/pt-br\/wp-json\/wp\/v2\/media\/14792"}],"wp:attachment":[{"href":"https:\/\/panaceology.com\/pt-br\/wp-json\/wp\/v2\/media?parent=12984"}],"wp:term":[{"taxonomy":"product_brand","embeddable":true,"href":"https:\/\/panaceology.com\/pt-br\/wp-json\/wp\/v2\/product_brand?post=12984"},{"taxonomy":"product_cat","embeddable":true,"href":"https:\/\/panaceology.com\/pt-br\/wp-json\/wp\/v2\/product_cat?post=12984"},{"taxonomy":"product_tag","embeddable":true,"href":"https:\/\/panaceology.com\/pt-br\/wp-json\/wp\/v2\/product_tag?post=12984"}],"curies":[{"name":"wp","href":"https:\/\/api.w.org\/{rel}","templated":true}]}}